{"id":7543,"date":"2019-03-08T17:44:47","date_gmt":"2019-03-08T16:44:47","guid":{"rendered":"https:\/\/www.ciceronegranada.com\/tourisme-durable\/"},"modified":"2025-11-21T18:17:42","modified_gmt":"2025-11-21T17:17:42","slug":"tourisme-durable","status":"publish","type":"page","link":"https:\/\/www.ciceronegranada.com\/fr\/tourisme-durable\/","title":{"rendered":"Tourisme durable : code de bonnes pratiques"},"content":{"rendered":"<p>Chez Cicerone Granada, nous croyons et pratiquons un tourisme durable \/ responsable depuis des ann\u00e9es. Ainsi, dans la lutte pour l&rsquo;atteinte des Objectifs de D\u00e9veloppement Durable (ODD), \u00e9tablis en 2015 aux Nations Unies, nous guidons notre activit\u00e9 en faveur de l&rsquo;\u00e9galit\u00e9 des personnes, de la protection de la plan\u00e8te et de\u00a0la prosp\u00e9rit\u00e9 \u00e9conomique&#8230; et parce que nous travaillons dans l&rsquo;une des plus belles villes historiques que nous connaissons, \u00e9galement pour la pr\u00e9servation et la protection du patrimoine historique.<\/p>\n<p><img fetchpriority=\"high\" decoding=\"async\" class=\"size-full wp-image-5565 aligncenter\" src=\"https:\/\/www.ciceronegranada.com\/wp-content\/uploads\/2020\/03\/turismo-sostenible-cicerone-granada-1.jpg\" alt=\"objetivos de desarrollo sostenible\" width=\"740\" height=\"572\" \/><\/p>\n<p>En signe de notre soutien au ODD, <strong>Cicerone a rejoint la communaut\u00e9\u00a0 Biospheree<\/strong>, la certification de durabilit\u00e9 du tourisme internationalement reconnue. L&rsquo;Institut du Tourisme Responsable (RTI) <a class=\"destacado\" href=\"https:\/\/www.ciceronegranada.com\/wp-content\/uploads\/2023\/04\/Biosphere_committed_2023_fr_compressed.pdf\" target=\"_blank\" rel=\"noopener noreferrer\"> certifie que Cicerone a \u00e9t\u00e9 \u00e9valu\u00e9 <\/a> et il est conforme aux exigences de la norme Biosph\u00e8re.<\/p>\n<p><img decoding=\"async\" class=\" wp-image-18058 aligncenter\" src=\"https:\/\/www.ciceronegranada.com\/wp-content\/uploads\/2023\/09\/biosphere-sustainable-lifestule-2023-committed.webp\" alt=\"biosphere sustainable lifestule 2023 committed\" width=\"324\" height=\"400\" \/><\/p>\n<p><center><\/center>Cicerone a \u00e9galement rejoint la coalition The Future of Tourism, dont la mission globale est de mettre les besoins des destinations au c\u0153ur d&rsquo;un nouvel avenir du tourisme.<\/p>\n<p><center><img decoding=\"async\" class=\"wp-image-9760 aligncenter\" src=\"https:\/\/www.ciceronegranada.com\/wp-content\/uploads\/2021\/09\/FoT-Supporter_RGB.png\" alt=\"logo the Future of Tourism\" width=\"371\" height=\"139\" srcset=\"https:\/\/www.ciceronegranada.com\/wp-content\/uploads\/2021\/09\/FoT-Supporter_RGB.png 1865w, https:\/\/www.ciceronegranada.com\/wp-content\/uploads\/2021\/09\/FoT-Supporter_RGB-768x287.png 768w, https:\/\/www.ciceronegranada.com\/wp-content\/uploads\/2021\/09\/FoT-Supporter_RGB-1536x575.png 1536w\" sizes=\"(max-width: 371px) 100vw, 371px\" \/><\/center>\u00c9tant pr\u00e9cis\u00e9ment une entreprise locale, nous travaillons pour prendre soin de notre environnement. En fait, nous avons \u00e9galement rejoint le REDAC (R\u00e9seau andalou contre le changement climatique), un projet g\u00e9r\u00e9 par C\u00e1tedra Hidralia et l&rsquo;Universit\u00e9 de Grenade. C&rsquo;est un r\u00e9seau d&rsquo;organisations andalouses engag\u00e9es \u00e0 lutter pour une soci\u00e9t\u00e9 plus durable.<\/p>\n<p>En ce sens, nous nous assurons que nos guides sont locaux, qu&rsquo;ils connaissent Grenade et son histoire et qu&rsquo;ils aiment leur ville, en assurant la protection de ses \u00e9l\u00e9ments patrimoniaux dans le cadre de ses travaux. Nous voulons transmettre cette passion \u00e0 nos visiteurs et, pour cela, Cicerone Granada a d\u00e9cid\u00e9 il y a longtemps que nos groupes devaient \u00eatre aussi petits que possible. Nos clients b\u00e9n\u00e9ficient ainsi d&rsquo;une exp\u00e9rience unique et, en m\u00eame temps, nos moyens de subsistance ne g\u00eanent pas le fonctionnement quotidien de la ville historique et des commerces. C&rsquo;est ainsi que nous gagnons tous !<\/p>\n<p>Nous partons de l&rsquo;id\u00e9e que Grenade appartient \u00e0 tout le monde et que, par cons\u00e9quent, les citoyens, les visiteurs et les professionnels doivent vivre ensemble dans le centre historique de la ville, en pensant toujours au bien commun.<\/p>\n<h2 class=\"c-visit__subtitle\"><strong><br \/>\nNotre engagement pour la durabilit\u00e9 de la plan\u00e8te<br \/>\n<\/strong><\/h2>\n<ul>\n<li>Petits groupes pour garantir le passage des pi\u00e9tons et des v\u00e9hicules et pour \u00e9viter les foules, le bruit et les d\u00e9sagr\u00e9ments correspondants. Nous accordons une attention particuli\u00e8re aux monuments historiques, qui sont tr\u00e8s importants pour nous.<\/li>\n<li>Les guides collaborateurs sont des professionnels du tourisme et sont form\u00e9s pour donner \u00e0 nos clients des informations correctes et v\u00e9rifi\u00e9es. Professionnels dans leurs connaissances, ils sont \u00e9galement professionnels dans le respect de notre patrimoine historique et culturel et transmettront l&rsquo;importance de ce respect aux visiteurs.<\/li>\n<li>Nous encourageons les travailleurs, les collaborateurs et les clients \u00e0 adopter des pratiques saines lors de leurs d\u00e9placements. Ainsi, nos itin\u00e9raires se font tous \u00e0 pied et si nous devons utiliser les transports pour faciliter l&rsquo;acc\u00e8s \u00e0 certains quartiers de la ville pour nos clients, ce sera le transport public.<\/li>\n<li>Nous encourageons l&rsquo;utilisation du train et du bus. Bien que ces moyens de transport soient polluants, ils \u00e9mettent moins de carbone que la voiture et nous optimisons l&#8217;empreinte \u00e9cologique, puisque nous \u00e9conomisons les \u00e9missions individuelles de gaz \u00e0 effet de serre, indispensables \u00e9galement pour atteindre les Objectifs de D\u00e9veloppement Durable.<\/li>\n<li>Nous soutenons la consommation locale, aidons nos clients \u00e0 valoriser les produits locaux, mais aussi \u00e0 les aider \u00e0 diversifier leurs achats en \u00e9vitant les offres pr\u00e9f\u00e9rentielles ou favorables vers des \u00e9tablissements sp\u00e9cifiques. Nous favorisons la sensibilisation environnementale en recommandant \u00e0 nos employ\u00e9s, clients, partenaires et collaborateurs l\u2019utilisation d&rsquo;une bouteille d&rsquo;eau rechargeable dans les fontaines et les robinets.<\/li>\n<li>Nous veillons \u00e0 ce que tous nos collaborateurs, fournisseurs, clients et employ\u00e9s utilisent le moins possible les plastiques jetables et contribuent \u00e0 l&rsquo;\u00e9limination correcte des d\u00e9chets, en recommandant qu&rsquo;ils soient d\u00e9pos\u00e9s dans le conteneur appropri\u00e9 pour promouvoir le recyclage et \u00e9viter que leur destination finale soit une d\u00e9charge. Nous encourageons chacun \u00e0 r\u00e9duire, r\u00e9utiliser et finalement recycler en lui faisant prendre conscience du temps qu&rsquo;il faut \u00e0 un d\u00e9chet pour se d\u00e9grader. Et finalement, nous vous encourageons \u00e0 rejeter, \u00e9viter et dire non \u00e0 tout ce qui est emball\u00e9 dans du plastique.<\/li>\n<li>Pour les groupes organis\u00e9s, nous utilisons des syst\u00e8mes de communication via une application mobile, \u00e9vitant ainsi les bruits ind\u00e9sirables et l&rsquo;utilisation de batteries rechargeables hautement polluantes. Nous demandons \u00e9galement aux participants d&rsquo;apporter leurs propres \u00e9couteurs, \u00e9vitant ainsi les \u00e9couteurs jetables, plus polluants car en fil de cuivre et en plastique.<\/li>\n<li>Nous revendiquons notre engagement envers la durabilit\u00e9, \u00e9galement dans l&rsquo;acquisition de biens et de services, en donnant la priorit\u00e9 \u00e0 ceux d&rsquo;importance environnementale et socioculturelle.<\/li>\n<li>Nous promouvons aupr\u00e8s de nos employ\u00e9s, collaborateurs et clients la protection de l&rsquo;environnement naturel qui nous entoure, en promouvant une randonn\u00e9e culturelle qui respecte l&rsquo;environnement, sans voyager \u00e0 travers des sols naturels dangereux et qui ne sont pas aptes au passage des personnes et en \u00e9tant conscient en m\u00eame temps que c&rsquo;est l&rsquo;\u00eatre humain qui modifie la distribution spatiale et le fonctionnement des \u00e9cosyst\u00e8mes \u00e0 toute vitesse.<\/li>\n<li>Nous sommes conscients de l&rsquo;effet remarquable que le tourisme peut avoir sur la sant\u00e9 et le bien-\u00eatre des personnes gr\u00e2ce \u00e0 son r\u00f4le de vecteur de transmission des id\u00e9es et des coutumes. C&rsquo;est pourquoi nous renfor\u00e7ons les pratiques saines chez nos employ\u00e9s, collaborateurs et clients, dans le but de sensibiliser \u00e0 la sant\u00e9 et au bien-\u00eatre, contribuant ainsi \u00e0 la construction d&rsquo;un canal de compr\u00e9hension entre les cultures. Avec nos pratiques durables, nous recherchons le bien-\u00eatre de nos visiteurs et de la population locale.<\/li>\n<\/ul>\n<h2 id=\"voyagedurable\" class=\"c-visit__subtitle\">Et vous, comment rendre votre voyage plus durable ?<\/h2>\n<p>Merci d&rsquo;avoir choisi Cic\u00e9rone Granada pour visiter Grenade. Grenade est une ville incroyable, pleine d&rsquo;histoires et de paysages uniques. Voici quelques conseils pour pr\u00e9parer et profiter de votre s\u00e9jour chez nous.<\/p>\n<ul>\n<li>Lors de la planification de votre voyage vers notre destination, faites des recherches et prenez les mesures n\u00e9cessaires pour que tous les documents, l&rsquo;assurance voyage ou les contr\u00f4les m\u00e9dicaux dont vous pourriez avoir besoin soient \u00e0 jour. De plus, d\u00e8s votre arriv\u00e9e dans notre pays, suivez \u00e0 tout moment les recommandations des autorit\u00e9s, notamment en cas d&rsquo;urgence. <span class=\"u-text-medium\"><span style=\"color: #000000;\"><strong>Chez CICERONE nous vous proposons un service de conseil en ligne pour que vous n&rsquo;ayez pas de probl\u00e8mes pour pr\u00e9parer votre voyage. Contactez-nous !<br \/>\n<\/strong><\/span><\/span><\/li>\n<li>Apprenez, autant que possible, les aspects culturels de la destination que vous visitez (coutumes, gastronomie, langues ou dialectes, traditions, patrimoine \u2026).<span class=\"u-text-medium\"><span style=\"color: #000000;\"><strong>CAvec nous, vous ne serez pas d\u00e9\u00e7us, nous pouvons vous l&rsquo;assurer !<br \/>\n<\/strong><\/span><\/span><\/li>\n<li>Essayez de ne pas laisser une trace de votre pr\u00e9sence parmi nous, que tout ce que vous emportez, produits ou exp\u00e9riences, n&rsquo;a pas d&rsquo;impact n\u00e9gatif sur la destination :<\/li>\n<\/ul>\n<p style=\"padding-left: 40px;\">&#8211; faites attention \u00e0 reconna\u00eetre comment sont g\u00e9r\u00e9es votre point de destination et ses infrastructures principales (centre historique, b\u00e2timents, transports, habitations, espaces publics\u2026) pour que votre visite n&rsquo;alt\u00e8re pas la vie locale. De plus, contribuez \u00e0 la conservation des attractions touristiques, en respectant les r\u00e8gles et les acc\u00e8s con\u00e7us pour leur pr\u00e9servation et leur protection. <span class=\"u-text-medium\"><span style=\"color: #000000;\"><strong>Si vous nous choisissez, nous serons \u00e0 vos c\u00f4t\u00e9s pour cela.<\/strong><\/span><\/span><\/p>\n<p style=\"padding-left: 40px;\">&#8211; soyez soucieux de conna\u00eetre les normes sociales pour \u00e9viter les comportements qui peuvent \u00eatre offensants ou humiliants pour votre communaut\u00e9 d\u2019accueil. <span class=\"u-text-medium\"><span style=\"color: #000000;\"><strong>Avec nous \u00e0 vos c\u00f4t\u00e9s, vous pouvez \u00eatre tranquille, nous vous donnerons tous les conseils dont vous avez besoin. <\/strong><\/span><\/span><\/p>\n<ul>\n<li>Rendez votre voyage plus durable : r\u00e9duisez l&#8217;empreinte carbone en allongeant votre s\u00e9jour \u00e0 destination et en amortissant au maximum les transports n\u00e9cessaires (l&rsquo;\u00e9l\u00e9ment le plus polluant de l&rsquo;ensemble de votre voyage). Comment le faire ? Eh bien, profiter non seulement des activit\u00e9s et attractions les plus populaires, mais aussi des petits mus\u00e9es, des villes et des environnements naturels authentiques, originaux et uniques que vous ne pourrez pas trouver dans d&rsquo;autres destinations et qui rendront votre s\u00e9jour m\u00e9morable. Interrogez-nous sur toutes les possibilit\u00e9s que nous pouvons vous offrir dans la ville et ses environs pour profiter de votre s\u00e9jour chez nous.<br \/>\n<span class=\"u-text-medium\"><span style=\"color: #000000;\"><strong>Choisissez notre conseil en ligne avant de planifier votre voyage. Nous sommes des experts de Grenade !<\/strong><\/span><\/span><\/li>\n<li>Soutenez les entreprises locales en consommant des produits ou des services produits dans la destination et dont les b\u00e9n\u00e9fices directs et indirects sont r\u00e9partis \u00e0 tous les niveaux et favorisent \u00e9galement les groupes les plus vuln\u00e9rables. Aussi, lorsque vous achetez un bien ou un service, n&rsquo;achetez que ce dont vous avez vraiment besoin et faites-le \u00e0 un prix \u00e9quitable afin de ne pas d\u00e9stabiliser l&rsquo;\u00e9conomie locale ou les conditions de vie des propri\u00e9taires ou employ\u00e9s des entreprises locales. V\u00e9rifiez que les produits ou services que vous consommez ont \u00e9t\u00e9 produits dans des conditions de travail d\u00e9centes et \u00e9quitables qui int\u00e8grent la population locale ou sont menac\u00e9es d&rsquo;exclusion sociale et qui \u00e9vitent l&rsquo;exploitation sexuelle ou infantile, la maltraitance animale ou des conditions insalubres, entre autres. De la m\u00eame mani\u00e8re, traitez avec respect tous les travailleurs des entreprises de la destination vers laquelle vous voyagez. <span class=\"u-text-medium\"><span style=\"color: #000000;\"><strong>Si vous nous choisissez, nous vous aiderons \u00e0 tout moment afin que vos choix soient durables et \u00e9quitables.<\/strong><\/span><\/span><\/li>\n<li>Profitez uniquement de produits, services et exp\u00e9riences qui garantissent l&rsquo;exploitation durable des ressources aquatiques et terrestres de la destination et qui respectent l&rsquo;habitat naturel de la faune et de la flore indig\u00e8nes ou \u00e9trang\u00e8res, en \u00e9vitant la maltraitance des animaux ou la destruction de l&rsquo;environnement. De m\u00eame, adoptez un comportement responsable, \u00e9vitant la g\u00e9n\u00e9ration de d\u00e9chets, et collaborez avec les programmes d&rsquo;assainissement et de nettoyage men\u00e9s dans la destination pour \u00e9viter la d\u00e9gradation des espaces naturels et maintenir la biodiversit\u00e9. \u00c9vitez la consommation excessive ou le gaspillage d&rsquo;eau et optez, dans la mesure du possible, pour un transport avec des \u00e9missions polluantes faibles ou nulles. De m\u00eame, calculez votre empreinte carbone et compensez-la au maximum.<br \/>\n<span class=\"u-text-medium\"><span style=\"color: #000000;\"><strong>Nous le faisons d\u00e9j\u00e0, nous serons un bon exemple pour vous.<\/strong><\/span><\/span><\/li>\n<li>Priorisez les produits, services ou exp\u00e9riences qui, dans la mesure du possible, int\u00e8grent de nouvelles technologies et des m\u00e9thodes innovantes qui contribuent \u00e0 la durabilit\u00e9 de la destination par des \u00e9conomies ou une meilleure utilisation des ressources, des capacit\u00e9s d&rsquo;information ou de communication.<br \/>\n<span class=\"u-text-medium\"><span style=\"color: #000000;\"><strong>Chez CICERONE, nous avons d\u00e9j\u00e0 franchi ce pas, avec une digitalisation compl\u00e8te de nos processus. Le progr\u00e8s que nous avons faits avec nos exp\u00e9riences virtuelles en est \u00e9galement un bon exemple.<\/strong><\/span><\/span><\/li>\n<\/ul>\n<p><span style=\"color: #000000;\"><strong>Nous sommes l\u00e0 pour toujours nous am\u00e9liorer !<\/strong><\/span><\/p>\n<p>&nbsp;<\/p>\n<p>&nbsp;<\/p>\n","protected":false},"excerpt":{"rendered":"<p>Chez Cicerone Granada, nous croyons et pratiquons un tourisme durable \/ responsable depuis des ann\u00e9es. Ainsi, dans la lutte pour l&rsquo;atteinte des Objectifs de D\u00e9veloppement Durable (ODD), \u00e9tablis en 2015 aux Nations Unies, nous guidons notre activit\u00e9 en faveur de l&rsquo;\u00e9galit\u00e9 des personnes, de la protection de la plan\u00e8te et de\u00a0la prosp\u00e9rit\u00e9 \u00e9conomique&#8230; et parce [&hellip;]<\/p>\n","protected":false},"author":3,"featured_media":0,"parent":0,"menu_order":2,"comment_status":"closed","ping_status":"closed","template":"page-base-sidebar.php","meta":{"content-type":"","footnotes":""},"yoast_head":"<!-- This site is optimized with the Yoast SEO plugin v24.5 - https:\/\/yoast.com\/wordpress\/plugins\/seo\/ -->\n<title>Tourisme durable : code de bonnes pratiques chez Cicerone Granada<\/title>\n<meta name=\"description\" content=\"Chez Cicerone Granada, nous croyons et pratiquons un tourisme durable avec des groupes aussi petits que possible.\" \/>\n<meta name=\"robots\" content=\"index, follow, max-snippet:-1, max-image-preview:large, max-video-preview:-1\" \/>\n<link rel=\"canonical\" href=\"https:\/\/www.ciceronegranada.com\/fr\/tourisme-durable\/\" \/>\n<meta property=\"og:locale\" content=\"fr_FR\" \/>\n<meta property=\"og:type\" content=\"article\" \/>\n<meta property=\"og:title\" content=\"Tourisme durable : code de bonnes pratiques chez Cicerone Granada\" \/>\n<meta property=\"og:description\" content=\"Chez Cicerone Granada, nous croyons et pratiquons un tourisme durable avec des groupes aussi petits que possible.\" \/>\n<meta property=\"og:url\" content=\"https:\/\/www.ciceronegranada.com\/fr\/tourisme-durable\/\" \/>\n<meta property=\"og:site_name\" content=\"Visitas guiadas Granada y Alhambra | Gu\u00edas locales expertos\" \/>\n<meta property=\"article:modified_time\" content=\"2025-11-21T17:17:42+00:00\" \/>\n<meta property=\"og:image\" content=\"https:\/\/www.ciceronegranada.com\/wp-content\/uploads\/2020\/03\/turismo-sostenible-cicerone-granada-1.jpg?wsr\" \/>\n\t<meta property=\"og:image:width\" content=\"740\" \/>\n\t<meta property=\"og:image:height\" content=\"572\" \/>\n\t<meta property=\"og:image:type\" content=\"image\/jpeg\" \/>\n<meta name=\"twitter:card\" content=\"summary_large_image\" \/>\n<meta name=\"twitter:label1\" content=\"Dur\u00e9e de lecture estim\u00e9e\" \/>\n\t<meta name=\"twitter:data1\" content=\"9 minutes\" \/>\n<script type=\"application\/ld+json\" class=\"yoast-schema-graph\">{\"@context\":\"https:\/\/schema.org\",\"@graph\":[{\"@type\":\"WebPage\",\"@id\":\"https:\/\/www.ciceronegranada.com\/fr\/tourisme-durable\/\",\"url\":\"https:\/\/www.ciceronegranada.com\/fr\/tourisme-durable\/\",\"name\":\"Tourisme durable : code de bonnes pratiques chez Cicerone Granada\",\"isPartOf\":{\"@id\":\"https:\/\/www.ciceronegranada.com\/fr\/#website\"},\"primaryImageOfPage\":{\"@id\":\"https:\/\/www.ciceronegranada.com\/fr\/tourisme-durable\/#primaryimage\"},\"image\":{\"@id\":\"https:\/\/www.ciceronegranada.com\/fr\/tourisme-durable\/#primaryimage\"},\"thumbnailUrl\":\"https:\/\/www.ciceronegranada.com\/wp-content\/uploads\/2020\/03\/turismo-sostenible-cicerone-granada-1.jpg\",\"datePublished\":\"2019-03-08T16:44:47+00:00\",\"dateModified\":\"2025-11-21T17:17:42+00:00\",\"description\":\"Chez Cicerone Granada, nous croyons et pratiquons un tourisme durable avec des groupes aussi petits que possible.\",\"breadcrumb\":{\"@id\":\"https:\/\/www.ciceronegranada.com\/fr\/tourisme-durable\/#breadcrumb\"},\"inLanguage\":\"fr-FR\",\"potentialAction\":[{\"@type\":\"ReadAction\",\"target\":[\"https:\/\/www.ciceronegranada.com\/fr\/tourisme-durable\/\"]}]},{\"@type\":\"ImageObject\",\"inLanguage\":\"fr-FR\",\"@id\":\"https:\/\/www.ciceronegranada.com\/fr\/tourisme-durable\/#primaryimage\",\"url\":\"https:\/\/www.ciceronegranada.com\/wp-content\/uploads\/2020\/03\/turismo-sostenible-cicerone-granada-1.jpg\",\"contentUrl\":\"https:\/\/www.ciceronegranada.com\/wp-content\/uploads\/2020\/03\/turismo-sostenible-cicerone-granada-1.jpg\"},{\"@type\":\"BreadcrumbList\",\"@id\":\"https:\/\/www.ciceronegranada.com\/fr\/tourisme-durable\/#breadcrumb\",\"itemListElement\":[{\"@type\":\"ListItem\",\"position\":1,\"name\":\"Accueil\",\"item\":\"https:\/\/www.ciceronegranada.com\/fr\/\"},{\"@type\":\"ListItem\",\"position\":2,\"name\":\"Tourisme durable : code de bonnes pratiques\"}]},{\"@type\":\"WebSite\",\"@id\":\"https:\/\/www.ciceronegranada.com\/fr\/#website\",\"url\":\"https:\/\/www.ciceronegranada.com\/fr\/\",\"name\":\"Visitas guiadas Granada y Alhambra | Gu\u00edas locales expertos\",\"description\":\"Visitas guiadas de Granada o la Alhambra con gu\u00edas locales expertos. Tours privados o en grupos reducidos para que no te pierdas ning\u00fan rinc\u00f3n de la ciudad.\",\"publisher\":{\"@id\":\"https:\/\/www.ciceronegranada.com\/fr\/#organization\"},\"alternateName\":\"Visitas guiadas Granada y Alhambra | Cicerone Granada\",\"potentialAction\":[{\"@type\":\"SearchAction\",\"target\":{\"@type\":\"EntryPoint\",\"urlTemplate\":\"https:\/\/www.ciceronegranada.com\/fr\/?s={search_term_string}\"},\"query-input\":{\"@type\":\"PropertyValueSpecification\",\"valueRequired\":true,\"valueName\":\"search_term_string\"}}],\"inLanguage\":\"fr-FR\"},{\"@type\":\"Organization\",\"@id\":\"https:\/\/www.ciceronegranada.com\/fr\/#organization\",\"name\":\"CiceroneGranada\",\"url\":\"https:\/\/www.ciceronegranada.com\/fr\/\",\"logo\":{\"@type\":\"ImageObject\",\"inLanguage\":\"fr-FR\",\"@id\":\"https:\/\/www.ciceronegranada.com\/fr\/#\/schema\/logo\/image\/\",\"url\":\"https:\/\/www.ciceronegranada.com\/wp-content\/uploads\/2022\/09\/logo-cicerone-2022-black.png\",\"contentUrl\":\"https:\/\/www.ciceronegranada.com\/wp-content\/uploads\/2022\/09\/logo-cicerone-2022-black.png\",\"width\":1042,\"height\":217,\"caption\":\"CiceroneGranada\"},\"image\":{\"@id\":\"https:\/\/www.ciceronegranada.com\/fr\/#\/schema\/logo\/image\/\"}}]}<\/script>\n<!-- \/ Yoast SEO plugin. -->","yoast_head_json":{"title":"Tourisme durable : code de bonnes pratiques chez Cicerone Granada","description":"Chez Cicerone Granada, nous croyons et pratiquons un tourisme durable avec des groupes aussi petits que possible.","robots":{"index":"index","follow":"follow","max-snippet":"max-snippet:-1","max-image-preview":"max-image-preview:large","max-video-preview":"max-video-preview:-1"},"canonical":"https:\/\/www.ciceronegranada.com\/fr\/tourisme-durable\/","og_locale":"fr_FR","og_type":"article","og_title":"Tourisme durable : code de bonnes pratiques chez Cicerone Granada","og_description":"Chez Cicerone Granada, nous croyons et pratiquons un tourisme durable avec des groupes aussi petits que possible.","og_url":"https:\/\/www.ciceronegranada.com\/fr\/tourisme-durable\/","og_site_name":"Visitas guiadas Granada y Alhambra | Gu\u00edas locales expertos","article_modified_time":"2025-11-21T17:17:42+00:00","og_image":[{"width":740,"height":572,"url":"https:\/\/www.ciceronegranada.com\/wp-content\/uploads\/2020\/03\/turismo-sostenible-cicerone-granada-1.jpg?wsr","type":"image\/jpeg"}],"twitter_card":"summary_large_image","twitter_misc":{"Dur\u00e9e de lecture estim\u00e9e":"9 minutes"},"schema":{"@context":"https:\/\/schema.org","@graph":[{"@type":"WebPage","@id":"https:\/\/www.ciceronegranada.com\/fr\/tourisme-durable\/","url":"https:\/\/www.ciceronegranada.com\/fr\/tourisme-durable\/","name":"Tourisme durable : code de bonnes pratiques chez Cicerone Granada","isPartOf":{"@id":"https:\/\/www.ciceronegranada.com\/fr\/#website"},"primaryImageOfPage":{"@id":"https:\/\/www.ciceronegranada.com\/fr\/tourisme-durable\/#primaryimage"},"image":{"@id":"https:\/\/www.ciceronegranada.com\/fr\/tourisme-durable\/#primaryimage"},"thumbnailUrl":"https:\/\/www.ciceronegranada.com\/wp-content\/uploads\/2020\/03\/turismo-sostenible-cicerone-granada-1.jpg","datePublished":"2019-03-08T16:44:47+00:00","dateModified":"2025-11-21T17:17:42+00:00","description":"Chez Cicerone Granada, nous croyons et pratiquons un tourisme durable avec des groupes aussi petits que possible.","breadcrumb":{"@id":"https:\/\/www.ciceronegranada.com\/fr\/tourisme-durable\/#breadcrumb"},"inLanguage":"fr-FR","potentialAction":[{"@type":"ReadAction","target":["https:\/\/www.ciceronegranada.com\/fr\/tourisme-durable\/"]}]},{"@type":"ImageObject","inLanguage":"fr-FR","@id":"https:\/\/www.ciceronegranada.com\/fr\/tourisme-durable\/#primaryimage","url":"https:\/\/www.ciceronegranada.com\/wp-content\/uploads\/2020\/03\/turismo-sostenible-cicerone-granada-1.jpg","contentUrl":"https:\/\/www.ciceronegranada.com\/wp-content\/uploads\/2020\/03\/turismo-sostenible-cicerone-granada-1.jpg"},{"@type":"BreadcrumbList","@id":"https:\/\/www.ciceronegranada.com\/fr\/tourisme-durable\/#breadcrumb","itemListElement":[{"@type":"ListItem","position":1,"name":"Accueil","item":"https:\/\/www.ciceronegranada.com\/fr\/"},{"@type":"ListItem","position":2,"name":"Tourisme durable : code de bonnes pratiques"}]},{"@type":"WebSite","@id":"https:\/\/www.ciceronegranada.com\/fr\/#website","url":"https:\/\/www.ciceronegranada.com\/fr\/","name":"Visitas guiadas Granada y Alhambra | Gu\u00edas locales expertos","description":"Visitas guiadas de Granada o la Alhambra con gu\u00edas locales expertos. Tours privados o en grupos reducidos para que no te pierdas ning\u00fan rinc\u00f3n de la ciudad.","publisher":{"@id":"https:\/\/www.ciceronegranada.com\/fr\/#organization"},"alternateName":"Visitas guiadas Granada y Alhambra | Cicerone Granada","potentialAction":[{"@type":"SearchAction","target":{"@type":"EntryPoint","urlTemplate":"https:\/\/www.ciceronegranada.com\/fr\/?s={search_term_string}"},"query-input":{"@type":"PropertyValueSpecification","valueRequired":true,"valueName":"search_term_string"}}],"inLanguage":"fr-FR"},{"@type":"Organization","@id":"https:\/\/www.ciceronegranada.com\/fr\/#organization","name":"CiceroneGranada","url":"https:\/\/www.ciceronegranada.com\/fr\/","logo":{"@type":"ImageObject","inLanguage":"fr-FR","@id":"https:\/\/www.ciceronegranada.com\/fr\/#\/schema\/logo\/image\/","url":"https:\/\/www.ciceronegranada.com\/wp-content\/uploads\/2022\/09\/logo-cicerone-2022-black.png","contentUrl":"https:\/\/www.ciceronegranada.com\/wp-content\/uploads\/2022\/09\/logo-cicerone-2022-black.png","width":1042,"height":217,"caption":"CiceroneGranada"},"image":{"@id":"https:\/\/www.ciceronegranada.com\/fr\/#\/schema\/logo\/image\/"}}]}},"_links":{"self":[{"href":"https:\/\/www.ciceronegranada.com\/fr\/wp-json\/wp\/v2\/pages\/7543"}],"collection":[{"href":"https:\/\/www.ciceronegranada.com\/fr\/wp-json\/wp\/v2\/pages"}],"about":[{"href":"https:\/\/www.ciceronegranada.com\/fr\/wp-json\/wp\/v2\/types\/page"}],"author":[{"embeddable":true,"href":"https:\/\/www.ciceronegranada.com\/fr\/wp-json\/wp\/v2\/users\/3"}],"replies":[{"embeddable":true,"href":"https:\/\/www.ciceronegranada.com\/fr\/wp-json\/wp\/v2\/comments?post=7543"}],"version-history":[{"count":10,"href":"https:\/\/www.ciceronegranada.com\/fr\/wp-json\/wp\/v2\/pages\/7543\/revisions"}],"predecessor-version":[{"id":20454,"href":"https:\/\/www.ciceronegranada.com\/fr\/wp-json\/wp\/v2\/pages\/7543\/revisions\/20454"}],"wp:attachment":[{"href":"https:\/\/www.ciceronegranada.com\/fr\/wp-json\/wp\/v2\/media?parent=7543"}],"curies":[{"name":"wp","href":"https:\/\/api.w.org\/{rel}","templated":true}]}}