{"id":7411,"date":"2019-03-08T13:48:42","date_gmt":"2019-03-08T12:48:42","guid":{"rendered":"https:\/\/www.ciceronegranada.com\/home\/"},"modified":"2022-09-06T14:59:01","modified_gmt":"2022-09-06T12:59:01","slug":"home","status":"publish","type":"page","link":"https:\/\/www.ciceronegranada.com\/fr\/","title":{"rendered":"Home"},"content":{"rendered":"<p>Cicerone est n\u00e9 en 2003, le c\u0153ur dans les rues et sur les places de Grenade. Aujourd&rsquo;hui, nous sommes l\u2019entreprise de tourisme individuel la plus ancienne de la ville gr\u00e2ce \u00e0 ceux qui font confiance \u00e0 notre exp\u00e9rience. Si vous voulez <strong>visiter l&rsquo;Alhambra<\/strong> ou faire une <strong>Visite de Grenade<\/strong>, nous avons ce qu\u2019il vous faut:<\/p>\n<p>Visites guid\u00e9es priv\u00e9es de Grenade pour vous et votre famille, ou un groupe d\u2019amis, avec un guide local qui vous accompagnera pour d\u00e9couvrir la magie de la ville ou les merveilles de l&rsquo;Alhambra.<\/p>\n<p>Visites guid\u00e9es en petit groupe premium (maximum 10 personnes). Tous les lieux incontournables de Grenade lors de visites guid\u00e9es par les meilleurs professionnels.<\/p>\n<p>Nos visites guid\u00e9es ont re\u00e7u de nombreux <strong>prix et certificats de qualit\u00e9<\/strong>.<\/p>\n","protected":false},"excerpt":{"rendered":"<p>Cicerone est n\u00e9 en 2003, le c\u0153ur dans les rues et sur les places de Grenade. Aujourd&rsquo;hui, nous sommes l\u2019entreprise de tourisme individuel la plus ancienne de la ville gr\u00e2ce \u00e0 ceux qui font confiance \u00e0 notre exp\u00e9rience. Si vous voulez visiter l&rsquo;Alhambra ou faire une Visite de Grenade, nous avons ce qu\u2019il vous faut: [&hellip;]<\/p>\n","protected":false},"author":3,"featured_media":17029,"parent":0,"menu_order":0,"comment_status":"closed","ping_status":"closed","template":"page-home.php","meta":{"content-type":"","footnotes":""},"yoast_head":"<!-- This site is optimized with the Yoast SEO plugin v24.5 - https:\/\/yoast.com\/wordpress\/plugins\/seo\/ -->\n<title>Visites guid\u00e9es Grenade et Alhambra - Cicerone Granada<\/title>\n<meta name=\"description\" content=\"Visites guid\u00e9es de Grenade ou de l&#039;Alhambra avec des guides locaux experts. Visites priv\u00e9es ou en petits groupes pour ne rien rater de la ville.\" \/>\n<meta name=\"robots\" content=\"index, follow, max-snippet:-1, max-image-preview:large, max-video-preview:-1\" \/>\n<link rel=\"canonical\" href=\"https:\/\/www.ciceronegranada.com\/fr\/\" \/>\n<meta property=\"og:locale\" content=\"fr_FR\" \/>\n<meta property=\"og:type\" content=\"article\" \/>\n<meta property=\"og:title\" content=\"Visites guid\u00e9es Grenade et Alhambra - Cicerone Granada\" \/>\n<meta property=\"og:description\" content=\"Visites guid\u00e9es de Grenade ou de l&#039;Alhambra avec des guides locaux experts. Visites priv\u00e9es ou en petits groupes pour ne rien rater de la ville.\" \/>\n<meta property=\"og:url\" content=\"https:\/\/www.ciceronegranada.com\/fr\/\" \/>\n<meta property=\"og:site_name\" content=\"Visitas guiadas Granada y Alhambra | Gu\u00edas locales expertos\" \/>\n<meta property=\"article:modified_time\" content=\"2022-09-06T12:59:01+00:00\" \/>\n<meta name=\"twitter:card\" content=\"summary_large_image\" \/>\n<meta name=\"twitter:label1\" content=\"Dur\u00e9e de lecture estim\u00e9e\" \/>\n\t<meta name=\"twitter:data1\" content=\"1 minute\" \/>\n<script type=\"application\/ld+json\" class=\"yoast-schema-graph\">{\"@context\":\"https:\/\/schema.org\",\"@graph\":[{\"@type\":\"WebPage\",\"@id\":\"https:\/\/www.ciceronegranada.com\/fr\/\",\"url\":\"https:\/\/www.ciceronegranada.com\/fr\/\",\"name\":\"Visites guid\u00e9es Grenade et Alhambra - Cicerone Granada\",\"isPartOf\":{\"@id\":\"https:\/\/www.ciceronegranada.com\/fr\/#website\"},\"primaryImageOfPage\":{\"@id\":\"https:\/\/www.ciceronegranada.com\/fr\/#primaryimage\"},\"image\":{\"@id\":\"https:\/\/www.ciceronegranada.com\/fr\/#primaryimage\"},\"thumbnailUrl\":\"https:\/\/www.ciceronegranada.com\/wp-content\/uploads\/2020\/06\/miradores-albaicin.jpg?wsr\",\"datePublished\":\"2019-03-08T12:48:42+00:00\",\"dateModified\":\"2022-09-06T12:59:01+00:00\",\"description\":\"Visites guid\u00e9es de Grenade ou de l'Alhambra avec des guides locaux experts. Visites priv\u00e9es ou en petits groupes pour ne rien rater de la ville.\",\"breadcrumb\":{\"@id\":\"https:\/\/www.ciceronegranada.com\/fr\/#breadcrumb\"},\"inLanguage\":\"fr-FR\",\"potentialAction\":[{\"@type\":\"ReadAction\",\"target\":[\"https:\/\/www.ciceronegranada.com\/fr\/\"]}]},{\"@type\":\"ImageObject\",\"inLanguage\":\"fr-FR\",\"@id\":\"https:\/\/www.ciceronegranada.com\/fr\/#primaryimage\",\"url\":\"https:\/\/www.ciceronegranada.com\/wp-content\/uploads\/2020\/06\/miradores-albaicin.jpg?wsr\",\"contentUrl\":\"https:\/\/www.ciceronegranada.com\/wp-content\/uploads\/2020\/06\/miradores-albaicin.jpg?wsr\",\"width\":1216,\"height\":830,\"caption\":\"miradores albaicin\"},{\"@type\":\"BreadcrumbList\",\"@id\":\"https:\/\/www.ciceronegranada.com\/fr\/#breadcrumb\",\"itemListElement\":[{\"@type\":\"ListItem\",\"position\":1,\"name\":\"Accueil\",\"item\":\"https:\/\/www.ciceronegranada.com\/fr\/\"},{\"@type\":\"ListItem\",\"position\":2,\"name\":\"Home\"}]},{\"@type\":\"WebSite\",\"@id\":\"https:\/\/www.ciceronegranada.com\/fr\/#website\",\"url\":\"https:\/\/www.ciceronegranada.com\/fr\/\",\"name\":\"Visitas guiadas Granada y Alhambra | Gu\u00edas locales expertos\",\"description\":\"Visitas guiadas de Granada o la Alhambra con gu\u00edas locales expertos. Tours privados o en grupos reducidos para que no te pierdas ning\u00fan rinc\u00f3n de la ciudad.\",\"publisher\":{\"@id\":\"https:\/\/www.ciceronegranada.com\/fr\/#organization\"},\"alternateName\":\"Visitas guiadas Granada y Alhambra | Cicerone Granada\",\"potentialAction\":[{\"@type\":\"SearchAction\",\"target\":{\"@type\":\"EntryPoint\",\"urlTemplate\":\"https:\/\/www.ciceronegranada.com\/fr\/?s={search_term_string}\"},\"query-input\":{\"@type\":\"PropertyValueSpecification\",\"valueRequired\":true,\"valueName\":\"search_term_string\"}}],\"inLanguage\":\"fr-FR\"},{\"@type\":\"Organization\",\"@id\":\"https:\/\/www.ciceronegranada.com\/fr\/#organization\",\"name\":\"CiceroneGranada\",\"url\":\"https:\/\/www.ciceronegranada.com\/fr\/\",\"logo\":{\"@type\":\"ImageObject\",\"inLanguage\":\"fr-FR\",\"@id\":\"https:\/\/www.ciceronegranada.com\/fr\/#\/schema\/logo\/image\/\",\"url\":\"https:\/\/www.ciceronegranada.com\/wp-content\/uploads\/2022\/09\/logo-cicerone-2022-black.png\",\"contentUrl\":\"https:\/\/www.ciceronegranada.com\/wp-content\/uploads\/2022\/09\/logo-cicerone-2022-black.png\",\"width\":1042,\"height\":217,\"caption\":\"CiceroneGranada\"},\"image\":{\"@id\":\"https:\/\/www.ciceronegranada.com\/fr\/#\/schema\/logo\/image\/\"}}]}<\/script>\n<!-- \/ Yoast SEO plugin. -->","yoast_head_json":{"title":"Visites guid\u00e9es Grenade et Alhambra - Cicerone Granada","description":"Visites guid\u00e9es de Grenade ou de l'Alhambra avec des guides locaux experts. Visites priv\u00e9es ou en petits groupes pour ne rien rater de la ville.","robots":{"index":"index","follow":"follow","max-snippet":"max-snippet:-1","max-image-preview":"max-image-preview:large","max-video-preview":"max-video-preview:-1"},"canonical":"https:\/\/www.ciceronegranada.com\/fr\/","og_locale":"fr_FR","og_type":"article","og_title":"Visites guid\u00e9es Grenade et Alhambra - Cicerone Granada","og_description":"Visites guid\u00e9es de Grenade ou de l'Alhambra avec des guides locaux experts. Visites priv\u00e9es ou en petits groupes pour ne rien rater de la ville.","og_url":"https:\/\/www.ciceronegranada.com\/fr\/","og_site_name":"Visitas guiadas Granada y Alhambra | Gu\u00edas locales expertos","article_modified_time":"2022-09-06T12:59:01+00:00","twitter_card":"summary_large_image","twitter_misc":{"Dur\u00e9e de lecture estim\u00e9e":"1 minute"},"schema":{"@context":"https:\/\/schema.org","@graph":[{"@type":"WebPage","@id":"https:\/\/www.ciceronegranada.com\/fr\/","url":"https:\/\/www.ciceronegranada.com\/fr\/","name":"Visites guid\u00e9es Grenade et Alhambra - Cicerone Granada","isPartOf":{"@id":"https:\/\/www.ciceronegranada.com\/fr\/#website"},"primaryImageOfPage":{"@id":"https:\/\/www.ciceronegranada.com\/fr\/#primaryimage"},"image":{"@id":"https:\/\/www.ciceronegranada.com\/fr\/#primaryimage"},"thumbnailUrl":"https:\/\/www.ciceronegranada.com\/wp-content\/uploads\/2020\/06\/miradores-albaicin.jpg?wsr","datePublished":"2019-03-08T12:48:42+00:00","dateModified":"2022-09-06T12:59:01+00:00","description":"Visites guid\u00e9es de Grenade ou de l'Alhambra avec des guides locaux experts. Visites priv\u00e9es ou en petits groupes pour ne rien rater de la ville.","breadcrumb":{"@id":"https:\/\/www.ciceronegranada.com\/fr\/#breadcrumb"},"inLanguage":"fr-FR","potentialAction":[{"@type":"ReadAction","target":["https:\/\/www.ciceronegranada.com\/fr\/"]}]},{"@type":"ImageObject","inLanguage":"fr-FR","@id":"https:\/\/www.ciceronegranada.com\/fr\/#primaryimage","url":"https:\/\/www.ciceronegranada.com\/wp-content\/uploads\/2020\/06\/miradores-albaicin.jpg?wsr","contentUrl":"https:\/\/www.ciceronegranada.com\/wp-content\/uploads\/2020\/06\/miradores-albaicin.jpg?wsr","width":1216,"height":830,"caption":"miradores albaicin"},{"@type":"BreadcrumbList","@id":"https:\/\/www.ciceronegranada.com\/fr\/#breadcrumb","itemListElement":[{"@type":"ListItem","position":1,"name":"Accueil","item":"https:\/\/www.ciceronegranada.com\/fr\/"},{"@type":"ListItem","position":2,"name":"Home"}]},{"@type":"WebSite","@id":"https:\/\/www.ciceronegranada.com\/fr\/#website","url":"https:\/\/www.ciceronegranada.com\/fr\/","name":"Visitas guiadas Granada y Alhambra | Gu\u00edas locales expertos","description":"Visitas guiadas de Granada o la Alhambra con gu\u00edas locales expertos. Tours privados o en grupos reducidos para que no te pierdas ning\u00fan rinc\u00f3n de la ciudad.","publisher":{"@id":"https:\/\/www.ciceronegranada.com\/fr\/#organization"},"alternateName":"Visitas guiadas Granada y Alhambra | Cicerone Granada","potentialAction":[{"@type":"SearchAction","target":{"@type":"EntryPoint","urlTemplate":"https:\/\/www.ciceronegranada.com\/fr\/?s={search_term_string}"},"query-input":{"@type":"PropertyValueSpecification","valueRequired":true,"valueName":"search_term_string"}}],"inLanguage":"fr-FR"},{"@type":"Organization","@id":"https:\/\/www.ciceronegranada.com\/fr\/#organization","name":"CiceroneGranada","url":"https:\/\/www.ciceronegranada.com\/fr\/","logo":{"@type":"ImageObject","inLanguage":"fr-FR","@id":"https:\/\/www.ciceronegranada.com\/fr\/#\/schema\/logo\/image\/","url":"https:\/\/www.ciceronegranada.com\/wp-content\/uploads\/2022\/09\/logo-cicerone-2022-black.png","contentUrl":"https:\/\/www.ciceronegranada.com\/wp-content\/uploads\/2022\/09\/logo-cicerone-2022-black.png","width":1042,"height":217,"caption":"CiceroneGranada"},"image":{"@id":"https:\/\/www.ciceronegranada.com\/fr\/#\/schema\/logo\/image\/"}}]}},"_links":{"self":[{"href":"https:\/\/www.ciceronegranada.com\/fr\/wp-json\/wp\/v2\/pages\/7411"}],"collection":[{"href":"https:\/\/www.ciceronegranada.com\/fr\/wp-json\/wp\/v2\/pages"}],"about":[{"href":"https:\/\/www.ciceronegranada.com\/fr\/wp-json\/wp\/v2\/types\/page"}],"author":[{"embeddable":true,"href":"https:\/\/www.ciceronegranada.com\/fr\/wp-json\/wp\/v2\/users\/3"}],"replies":[{"embeddable":true,"href":"https:\/\/www.ciceronegranada.com\/fr\/wp-json\/wp\/v2\/comments?post=7411"}],"version-history":[{"count":3,"href":"https:\/\/www.ciceronegranada.com\/fr\/wp-json\/wp\/v2\/pages\/7411\/revisions"}],"predecessor-version":[{"id":10961,"href":"https:\/\/www.ciceronegranada.com\/fr\/wp-json\/wp\/v2\/pages\/7411\/revisions\/10961"}],"wp:featuredmedia":[{"embeddable":true,"href":"https:\/\/www.ciceronegranada.com\/fr\/wp-json\/wp\/v2\/media\/17029"}],"wp:attachment":[{"href":"https:\/\/www.ciceronegranada.com\/fr\/wp-json\/wp\/v2\/media?parent=7411"}],"curies":[{"name":"wp","href":"https:\/\/api.w.org\/{rel}","templated":true}]}}