{"id":7409,"date":"2020-09-28T18:30:26","date_gmt":"2020-09-28T16:30:26","guid":{"rendered":"https:\/\/www.ciceronegranada.com\/visitas-privadas-alhambra\/"},"modified":"2025-11-21T18:23:52","modified_gmt":"2025-11-21T17:23:52","slug":"visites-privees-alhambra","status":"publish","type":"page","link":"https:\/\/www.ciceronegranada.com\/fr\/visites-privees-alhambra\/","title":{"rendered":"Visites priv\u00e9es de l&rsquo;Alhambra"},"content":{"rendered":"<p>Le d\u00e9veloppement artistique, culturel et scientifique r\u00e9alis\u00e9 par Al-Andalus vous int\u00e9resse ? Les photos des jardins avec leurs fontaines et leurs jets d\u2019eaux en mouvement vous fascinent ? Vous voulez d\u00e9couvrir l&rsquo;histoire du royaume nasride \u00e0 travers l&rsquo;architecture, dans la forteresse et les jardins et derri\u00e8re les symboles que nous vous d\u00e9voilerons ? Vous pr\u00e9f\u00e9rez prendre des photos dans les coins secrets o\u00f9 seul un guide connaissant parfaitement l&rsquo;Alhambra peut vous emmener ?<\/p>\n<p>Nos guides s\u2019adaptent \u00e0 vos d\u00e9sirs de d\u00e9couverte. Nous sortons des sentiers battus, et nous pouvons r\u00e9pondre \u00e0 toutes vos questions et d\u00e9sirs. Nous vous proposons une exp\u00e9rience transformatrice.<\/p>\n<p>L&rsquo;Alhambra est l&rsquo;un des monuments les plus visit\u00e9s d&rsquo;Espagne et la saturation de touristes peut compliquer votre exp\u00e9rience. Vous voulez \u00eatre un visiteur de plus ou bien pr\u00e9ferez que nos guides vous aident \u00e0 profiter de la visite d&rsquo;une mani\u00e8re tr\u00e9s sp\u00e9ciale ? <strong>A vous de choisir.<\/strong><\/p>\n<ul class=\"c-checklist\">\n<li>Pour vous, en couple ou en groupe d&rsquo;amis. <strong>Une visite vraiment unique.<\/strong><\/li>\n<li><strong>Visite guid\u00e9e dans votre langue<\/strong>, pour profiter \u00e0 fond (contactez-nous pour connaitre les diff\u00e9rentes options).<\/li>\n<li>Nos guides transforment votre visite guid\u00e9e en <strong>une exp\u00e9rience extraordinaire, riche en connaissances et en histoire.<\/strong><\/li>\n<li>Vous <strong>apprendrez des choses surprenantes<\/strong>, vous <strong>repartirez avec des souvenirs inoubliables.<\/strong><\/li>\n<\/ul>\n<div style=\"border: 2px solid black; padding: 16px; margin-top: 24px; margin-bottom: 24px;\">\n<p>AVIS IMPORTANT :Nous recommandons de r\u00e9server les visites guid\u00e9es de l&rsquo;Alhambra au moins un mois \u00e0 l&rsquo;avance, en raison de la forte demande et du nombre limit\u00e9 de billets disponibles chaque jour.<\/p>\n<\/div>\n<p id=\"tw-target-text\" class=\"tw-data-text tw-text-large tw-ta\" dir=\"ltr\" tabindex=\"-1\" role=\"text\" data-placeholder=\"Translation\" data-ved=\"2ahUKEwilrZnK3oORAxUiQ_EDHfCVK_kQ3ewLegQIFhAV\" aria-label=\"Translated text: Comment r\u00e9server avec nous ? \u00c9crivez-nous \u00e0 hellocicerone@gmail.com Veuillez indiquer le nom de cette excursion, le nombre de participants et la date souhait\u00e9e. Nous vous ferons parvenir un devis personnalis\u00e9 dans les plus brefs d\u00e9lais. En r\u00e9servant par e-mail, vous nous permettez de confirmer la disponibilit\u00e9 avant tout paiement, d'adapter les horaires et les d\u00e9tails \u00e0 vos pr\u00e9f\u00e9rences et de vous fournir toutes les informations n\u00e9cessaires par \u00e9crit afin de r\u00e9server en toute s\u00e9r\u00e9nit\u00e9.\"><span class=\"Y2IQFc\" lang=\"fr\">Comment r\u00e9server avec nous ?<\/span><\/p>\n<p class=\"tw-data-text tw-text-large tw-ta\" dir=\"ltr\" tabindex=\"-1\" role=\"text\" data-placeholder=\"Translation\" data-ved=\"2ahUKEwilrZnK3oORAxUiQ_EDHfCVK_kQ3ewLegQIFhAV\" aria-label=\"Translated text: Comment r\u00e9server avec nous ? \u00c9crivez-nous \u00e0 hellocicerone@gmail.com Veuillez indiquer le nom de cette excursion, le nombre de participants et la date souhait\u00e9e. Nous vous ferons parvenir un devis personnalis\u00e9 dans les plus brefs d\u00e9lais. En r\u00e9servant par e-mail, vous nous permettez de confirmer la disponibilit\u00e9 avant tout paiement, d'adapter les horaires et les d\u00e9tails \u00e0 vos pr\u00e9f\u00e9rences et de vous fournir toutes les informations n\u00e9cessaires par \u00e9crit afin de r\u00e9server en toute s\u00e9r\u00e9nit\u00e9.\"><span class=\"Y2IQFc\" lang=\"fr\">\u00c9crivez-nous \u00e0\u00a0<span style=\"font-size: 18pt;\"><strong>hellocicerone@gmail.com<\/strong><\/span><\/span><\/p>\n<p class=\"tw-data-text tw-text-large tw-ta\" dir=\"ltr\" tabindex=\"-1\" role=\"text\" data-placeholder=\"Translation\" data-ved=\"2ahUKEwilrZnK3oORAxUiQ_EDHfCVK_kQ3ewLegQIFhAV\" aria-label=\"Translated text: Comment r\u00e9server avec nous ? \u00c9crivez-nous \u00e0 hellocicerone@gmail.com Veuillez indiquer le nom de cette excursion, le nombre de participants et la date souhait\u00e9e. Nous vous ferons parvenir un devis personnalis\u00e9 dans les plus brefs d\u00e9lais. En r\u00e9servant par e-mail, vous nous permettez de confirmer la disponibilit\u00e9 avant tout paiement, d'adapter les horaires et les d\u00e9tails \u00e0 vos pr\u00e9f\u00e9rences et de vous fournir toutes les informations n\u00e9cessaires par \u00e9crit afin de r\u00e9server en toute s\u00e9r\u00e9nit\u00e9.\"><span class=\"Y2IQFc\" lang=\"fr\">Veuillez indiquer le nom de cette excursion, le nombre de participants et la date souhait\u00e9e. Nous vous ferons parvenir un devis personnalis\u00e9 dans les plus brefs d\u00e9lais.<\/span><\/p>\n<p class=\"tw-data-text tw-text-large tw-ta\" dir=\"ltr\" tabindex=\"-1\" role=\"text\" data-placeholder=\"Translation\" data-ved=\"2ahUKEwilrZnK3oORAxUiQ_EDHfCVK_kQ3ewLegQIFhAV\" aria-label=\"Translated text: Comment r\u00e9server avec nous ? \u00c9crivez-nous \u00e0 hellocicerone@gmail.com Veuillez indiquer le nom de cette excursion, le nombre de participants et la date souhait\u00e9e. Nous vous ferons parvenir un devis personnalis\u00e9 dans les plus brefs d\u00e9lais. En r\u00e9servant par e-mail, vous nous permettez de confirmer la disponibilit\u00e9 avant tout paiement, d'adapter les horaires et les d\u00e9tails \u00e0 vos pr\u00e9f\u00e9rences et de vous fournir toutes les informations n\u00e9cessaires par \u00e9crit afin de r\u00e9server en toute s\u00e9r\u00e9nit\u00e9.\"><span class=\"Y2IQFc\" lang=\"fr\">En r\u00e9servant par e-mail, vous nous permettez de confirmer la disponibilit\u00e9 avant tout paiement, d\u2019adapter les horaires et les d\u00e9tails \u00e0 vos pr\u00e9f\u00e9rences et de vous fournir toutes les informations n\u00e9cessaires par \u00e9crit afin de r\u00e9server en toute s\u00e9r\u00e9nit\u00e9.<\/span><\/p>\n","protected":false},"excerpt":{"rendered":"<p>Le d\u00e9veloppement artistique, culturel et scientifique r\u00e9alis\u00e9 par Al-Andalus vous int\u00e9resse ? Les photos des jardins avec leurs fontaines et leurs jets d\u2019eaux en mouvement vous fascinent ? Vous voulez d\u00e9couvrir l&rsquo;histoire du royaume nasride \u00e0 travers l&rsquo;architecture, dans la forteresse et les jardins et derri\u00e8re les symboles que nous vous d\u00e9voilerons ? Vous pr\u00e9f\u00e9rez [&hellip;]<\/p>\n","protected":false},"author":1,"featured_media":0,"parent":0,"menu_order":41,"comment_status":"closed","ping_status":"closed","template":"page-parent-visits-private-alhambra.php","meta":{"content-type":"","footnotes":""},"yoast_head":"<!-- This site is optimized with the Yoast SEO plugin v24.5 - https:\/\/yoast.com\/wordpress\/plugins\/seo\/ -->\n<title>Visites priv\u00e9es de l&#039;Alhambra avec votre Cicerone<\/title>\n<meta name=\"description\" content=\"Choisissez l&#039;une de nos visites guid\u00e9es de l&#039;Alhambra avec un Cicerone exclusivement pour vous. Nous vous proposons une exp\u00e9rience unique.\" \/>\n<meta name=\"robots\" content=\"index, follow, max-snippet:-1, max-image-preview:large, max-video-preview:-1\" \/>\n<link rel=\"canonical\" href=\"https:\/\/www.ciceronegranada.com\/fr\/visites-privees-alhambra\/\" \/>\n<meta property=\"og:locale\" content=\"fr_FR\" \/>\n<meta property=\"og:type\" content=\"article\" \/>\n<meta property=\"og:title\" content=\"Visites priv\u00e9es de l&#039;Alhambra avec votre Cicerone\" \/>\n<meta property=\"og:description\" content=\"Choisissez l&#039;une de nos visites guid\u00e9es de l&#039;Alhambra avec un Cicerone exclusivement pour vous. Nous vous proposons une exp\u00e9rience unique.\" \/>\n<meta property=\"og:url\" content=\"https:\/\/www.ciceronegranada.com\/fr\/visites-privees-alhambra\/\" \/>\n<meta property=\"og:site_name\" content=\"Visitas guiadas Granada y Alhambra | Gu\u00edas locales expertos\" \/>\n<meta property=\"article:modified_time\" content=\"2025-11-21T17:23:52+00:00\" \/>\n<meta name=\"twitter:card\" content=\"summary_large_image\" \/>\n<meta name=\"twitter:label1\" content=\"Dur\u00e9e de lecture estim\u00e9e\" \/>\n\t<meta name=\"twitter:data1\" content=\"2 minutes\" \/>\n<script type=\"application\/ld+json\" class=\"yoast-schema-graph\">{\"@context\":\"https:\/\/schema.org\",\"@graph\":[{\"@type\":\"WebPage\",\"@id\":\"https:\/\/www.ciceronegranada.com\/fr\/visites-privees-alhambra\/\",\"url\":\"https:\/\/www.ciceronegranada.com\/fr\/visites-privees-alhambra\/\",\"name\":\"Visites priv\u00e9es de l'Alhambra avec votre Cicerone\",\"isPartOf\":{\"@id\":\"https:\/\/www.ciceronegranada.com\/fr\/#website\"},\"datePublished\":\"2020-09-28T16:30:26+00:00\",\"dateModified\":\"2025-11-21T17:23:52+00:00\",\"description\":\"Choisissez l'une de nos visites guid\u00e9es de l'Alhambra avec un Cicerone exclusivement pour vous. Nous vous proposons une exp\u00e9rience unique.\",\"breadcrumb\":{\"@id\":\"https:\/\/www.ciceronegranada.com\/fr\/visites-privees-alhambra\/#breadcrumb\"},\"inLanguage\":\"fr-FR\",\"potentialAction\":[{\"@type\":\"ReadAction\",\"target\":[\"https:\/\/www.ciceronegranada.com\/fr\/visites-privees-alhambra\/\"]}]},{\"@type\":\"BreadcrumbList\",\"@id\":\"https:\/\/www.ciceronegranada.com\/fr\/visites-privees-alhambra\/#breadcrumb\",\"itemListElement\":[{\"@type\":\"ListItem\",\"position\":1,\"name\":\"Accueil\",\"item\":\"https:\/\/www.ciceronegranada.com\/fr\/\"},{\"@type\":\"ListItem\",\"position\":2,\"name\":\"Visites priv\u00e9es de l&#8217;Alhambra\"}]},{\"@type\":\"WebSite\",\"@id\":\"https:\/\/www.ciceronegranada.com\/fr\/#website\",\"url\":\"https:\/\/www.ciceronegranada.com\/fr\/\",\"name\":\"Visitas guiadas Granada y Alhambra | Gu\u00edas locales expertos\",\"description\":\"Visitas guiadas de Granada o la Alhambra con gu\u00edas locales expertos. Tours privados o en grupos reducidos para que no te pierdas ning\u00fan rinc\u00f3n de la ciudad.\",\"publisher\":{\"@id\":\"https:\/\/www.ciceronegranada.com\/fr\/#organization\"},\"alternateName\":\"Visitas guiadas Granada y Alhambra | Cicerone Granada\",\"potentialAction\":[{\"@type\":\"SearchAction\",\"target\":{\"@type\":\"EntryPoint\",\"urlTemplate\":\"https:\/\/www.ciceronegranada.com\/fr\/?s={search_term_string}\"},\"query-input\":{\"@type\":\"PropertyValueSpecification\",\"valueRequired\":true,\"valueName\":\"search_term_string\"}}],\"inLanguage\":\"fr-FR\"},{\"@type\":\"Organization\",\"@id\":\"https:\/\/www.ciceronegranada.com\/fr\/#organization\",\"name\":\"CiceroneGranada\",\"url\":\"https:\/\/www.ciceronegranada.com\/fr\/\",\"logo\":{\"@type\":\"ImageObject\",\"inLanguage\":\"fr-FR\",\"@id\":\"https:\/\/www.ciceronegranada.com\/fr\/#\/schema\/logo\/image\/\",\"url\":\"https:\/\/www.ciceronegranada.com\/wp-content\/uploads\/2022\/09\/logo-cicerone-2022-black.png\",\"contentUrl\":\"https:\/\/www.ciceronegranada.com\/wp-content\/uploads\/2022\/09\/logo-cicerone-2022-black.png\",\"width\":1042,\"height\":217,\"caption\":\"CiceroneGranada\"},\"image\":{\"@id\":\"https:\/\/www.ciceronegranada.com\/fr\/#\/schema\/logo\/image\/\"}}]}<\/script>\n<!-- \/ Yoast SEO plugin. -->","yoast_head_json":{"title":"Visites priv\u00e9es de l'Alhambra avec votre Cicerone","description":"Choisissez l'une de nos visites guid\u00e9es de l'Alhambra avec un Cicerone exclusivement pour vous. Nous vous proposons une exp\u00e9rience unique.","robots":{"index":"index","follow":"follow","max-snippet":"max-snippet:-1","max-image-preview":"max-image-preview:large","max-video-preview":"max-video-preview:-1"},"canonical":"https:\/\/www.ciceronegranada.com\/fr\/visites-privees-alhambra\/","og_locale":"fr_FR","og_type":"article","og_title":"Visites priv\u00e9es de l'Alhambra avec votre Cicerone","og_description":"Choisissez l'une de nos visites guid\u00e9es de l'Alhambra avec un Cicerone exclusivement pour vous. Nous vous proposons une exp\u00e9rience unique.","og_url":"https:\/\/www.ciceronegranada.com\/fr\/visites-privees-alhambra\/","og_site_name":"Visitas guiadas Granada y Alhambra | Gu\u00edas locales expertos","article_modified_time":"2025-11-21T17:23:52+00:00","twitter_card":"summary_large_image","twitter_misc":{"Dur\u00e9e de lecture estim\u00e9e":"2 minutes"},"schema":{"@context":"https:\/\/schema.org","@graph":[{"@type":"WebPage","@id":"https:\/\/www.ciceronegranada.com\/fr\/visites-privees-alhambra\/","url":"https:\/\/www.ciceronegranada.com\/fr\/visites-privees-alhambra\/","name":"Visites priv\u00e9es de l'Alhambra avec votre Cicerone","isPartOf":{"@id":"https:\/\/www.ciceronegranada.com\/fr\/#website"},"datePublished":"2020-09-28T16:30:26+00:00","dateModified":"2025-11-21T17:23:52+00:00","description":"Choisissez l'une de nos visites guid\u00e9es de l'Alhambra avec un Cicerone exclusivement pour vous. Nous vous proposons une exp\u00e9rience unique.","breadcrumb":{"@id":"https:\/\/www.ciceronegranada.com\/fr\/visites-privees-alhambra\/#breadcrumb"},"inLanguage":"fr-FR","potentialAction":[{"@type":"ReadAction","target":["https:\/\/www.ciceronegranada.com\/fr\/visites-privees-alhambra\/"]}]},{"@type":"BreadcrumbList","@id":"https:\/\/www.ciceronegranada.com\/fr\/visites-privees-alhambra\/#breadcrumb","itemListElement":[{"@type":"ListItem","position":1,"name":"Accueil","item":"https:\/\/www.ciceronegranada.com\/fr\/"},{"@type":"ListItem","position":2,"name":"Visites priv\u00e9es de l&#8217;Alhambra"}]},{"@type":"WebSite","@id":"https:\/\/www.ciceronegranada.com\/fr\/#website","url":"https:\/\/www.ciceronegranada.com\/fr\/","name":"Visitas guiadas Granada y Alhambra | Gu\u00edas locales expertos","description":"Visitas guiadas de Granada o la Alhambra con gu\u00edas locales expertos. Tours privados o en grupos reducidos para que no te pierdas ning\u00fan rinc\u00f3n de la ciudad.","publisher":{"@id":"https:\/\/www.ciceronegranada.com\/fr\/#organization"},"alternateName":"Visitas guiadas Granada y Alhambra | Cicerone Granada","potentialAction":[{"@type":"SearchAction","target":{"@type":"EntryPoint","urlTemplate":"https:\/\/www.ciceronegranada.com\/fr\/?s={search_term_string}"},"query-input":{"@type":"PropertyValueSpecification","valueRequired":true,"valueName":"search_term_string"}}],"inLanguage":"fr-FR"},{"@type":"Organization","@id":"https:\/\/www.ciceronegranada.com\/fr\/#organization","name":"CiceroneGranada","url":"https:\/\/www.ciceronegranada.com\/fr\/","logo":{"@type":"ImageObject","inLanguage":"fr-FR","@id":"https:\/\/www.ciceronegranada.com\/fr\/#\/schema\/logo\/image\/","url":"https:\/\/www.ciceronegranada.com\/wp-content\/uploads\/2022\/09\/logo-cicerone-2022-black.png","contentUrl":"https:\/\/www.ciceronegranada.com\/wp-content\/uploads\/2022\/09\/logo-cicerone-2022-black.png","width":1042,"height":217,"caption":"CiceroneGranada"},"image":{"@id":"https:\/\/www.ciceronegranada.com\/fr\/#\/schema\/logo\/image\/"}}]}},"_links":{"self":[{"href":"https:\/\/www.ciceronegranada.com\/fr\/wp-json\/wp\/v2\/pages\/7409"}],"collection":[{"href":"https:\/\/www.ciceronegranada.com\/fr\/wp-json\/wp\/v2\/pages"}],"about":[{"href":"https:\/\/www.ciceronegranada.com\/fr\/wp-json\/wp\/v2\/types\/page"}],"author":[{"embeddable":true,"href":"https:\/\/www.ciceronegranada.com\/fr\/wp-json\/wp\/v2\/users\/1"}],"replies":[{"embeddable":true,"href":"https:\/\/www.ciceronegranada.com\/fr\/wp-json\/wp\/v2\/comments?post=7409"}],"version-history":[{"count":10,"href":"https:\/\/www.ciceronegranada.com\/fr\/wp-json\/wp\/v2\/pages\/7409\/revisions"}],"predecessor-version":[{"id":20458,"href":"https:\/\/www.ciceronegranada.com\/fr\/wp-json\/wp\/v2\/pages\/7409\/revisions\/20458"}],"wp:attachment":[{"href":"https:\/\/www.ciceronegranada.com\/fr\/wp-json\/wp\/v2\/media?parent=7409"}],"curies":[{"name":"wp","href":"https:\/\/api.w.org\/{rel}","templated":true}]}}