{"id":7381,"date":"2019-03-08T15:36:14","date_gmt":"2019-03-08T14:36:14","guid":{"rendered":"https:\/\/www.ciceronegranada.com\/?page_id=7381"},"modified":"2025-11-21T18:22:02","modified_gmt":"2025-11-21T17:22:02","slug":"contacto","status":"publish","type":"page","link":"https:\/\/www.ciceronegranada.com\/fr\/contact\/","title":{"rendered":"Contact"},"content":{"rendered":"\t\t<div data-elementor-type=\"wp-post\" data-elementor-id=\"7381\" class=\"elementor elementor-7381 elementor-1409\" data-elementor-post-type=\"page\">\n\t\t\t\t\t\t<section class=\"elementor-section elementor-top-section elementor-element elementor-element-5b2e73ad elementor-section-boxed elementor-section-height-default elementor-section-height-default\" data-id=\"5b2e73ad\" data-element_type=\"section\">\n\t\t\t\t\t\t<div class=\"elementor-container elementor-column-gap-default\">\n\t\t\t\t\t<div class=\"elementor-column elementor-col-100 elementor-top-column elementor-element elementor-element-24c5baaa\" data-id=\"24c5baaa\" data-element_type=\"column\">\n\t\t\t<div class=\"elementor-widget-wrap elementor-element-populated\">\n\t\t\t\t\t\t<div class=\"elementor-element elementor-element-3b42c6c3 elementor-widget elementor-widget-text-editor\" data-id=\"3b42c6c3\" data-element_type=\"widget\" data-widget_type=\"text-editor.default\">\n\t\t\t\t<div class=\"elementor-widget-container\">\n\t\t\t\t\t\t\t\t\t<p>Si quieres m\u00e1s informaci\u00f3n, colaborar con nosotros o realizarnos cualquier consulta sobre Granada, o sobre cualquiera de nuestros servicios, puedes contactar con nosotros por tel\u00e9fono, por correo electr\u00f3nico.<\/p><p>hellocicerone@gmail.com<\/p><p>Tel: +34-607691676<br \/>Tel: +34-958561810<\/p><p>\u00a0<\/p>\t\t\t\t\t\t\t\t<\/div>\n\t\t\t\t<\/div>\n\t\t\t\t\t<\/div>\n\t\t<\/div>\n\t\t\t\t\t<\/div>\n\t\t<\/section>\n\t\t\t\t<\/div>\n\t\t","protected":false},"excerpt":{"rendered":"<p>Si quieres m\u00e1s informaci\u00f3n, colaborar con nosotros o realizarnos cualquier consulta sobre Granada, o sobre cualquiera de nuestros servicios, puedes contactar con nosotros por tel\u00e9fono, por correo electr\u00f3nico. hellocicerone@gmail.com Tel: +34-607691676Tel: +34-958561810 \u00a0<\/p>\n","protected":false},"author":1,"featured_media":0,"parent":0,"menu_order":5,"comment_status":"closed","ping_status":"closed","template":"page-contacto.php","meta":{"content-type":"","footnotes":""},"yoast_head":"<!-- This site is optimized with the Yoast SEO plugin v24.5 - https:\/\/yoast.com\/wordpress\/plugins\/seo\/ -->\n<title>Cicerone Granada | Contactez-nous<\/title>\n<meta name=\"description\" content=\"Si vous souhaitez plus d&#039;informations sur l&#039;un de nos services, vous pouvez nous contacter par t\u00e9l\u00e9phone, e-mail ou via nos r\u00e9seaux sociaux\" \/>\n<meta name=\"robots\" content=\"index, follow, max-snippet:-1, max-image-preview:large, max-video-preview:-1\" \/>\n<link rel=\"canonical\" href=\"https:\/\/www.ciceronegranada.com\/fr\/contact\/\" \/>\n<meta property=\"og:locale\" content=\"fr_FR\" \/>\n<meta property=\"og:type\" content=\"article\" \/>\n<meta property=\"og:title\" content=\"Cicerone Granada | Contactez-nous\" \/>\n<meta property=\"og:description\" content=\"Si vous souhaitez plus d&#039;informations sur l&#039;un de nos services, vous pouvez nous contacter par t\u00e9l\u00e9phone, e-mail ou via nos r\u00e9seaux sociaux\" \/>\n<meta property=\"og:url\" content=\"https:\/\/www.ciceronegranada.com\/fr\/contact\/\" \/>\n<meta property=\"og:site_name\" content=\"Visitas guiadas Granada y Alhambra | Gu\u00edas locales expertos\" \/>\n<meta property=\"article:modified_time\" content=\"2025-11-21T17:22:02+00:00\" \/>\n<meta name=\"twitter:card\" content=\"summary_large_image\" \/>\n<meta name=\"twitter:label1\" content=\"Dur\u00e9e de lecture estim\u00e9e\" \/>\n\t<meta name=\"twitter:data1\" content=\"1 minute\" \/>\n<script type=\"application\/ld+json\" class=\"yoast-schema-graph\">{\"@context\":\"https:\/\/schema.org\",\"@graph\":[{\"@type\":\"WebPage\",\"@id\":\"https:\/\/www.ciceronegranada.com\/fr\/contact\/\",\"url\":\"https:\/\/www.ciceronegranada.com\/fr\/contact\/\",\"name\":\"Cicerone Granada | Contactez-nous\",\"isPartOf\":{\"@id\":\"https:\/\/www.ciceronegranada.com\/fr\/#website\"},\"datePublished\":\"2019-03-08T14:36:14+00:00\",\"dateModified\":\"2025-11-21T17:22:02+00:00\",\"description\":\"Si vous souhaitez plus d'informations sur l'un de nos services, vous pouvez nous contacter par t\u00e9l\u00e9phone, e-mail ou via nos r\u00e9seaux sociaux\",\"breadcrumb\":{\"@id\":\"https:\/\/www.ciceronegranada.com\/fr\/contact\/#breadcrumb\"},\"inLanguage\":\"fr-FR\",\"potentialAction\":[{\"@type\":\"ReadAction\",\"target\":[\"https:\/\/www.ciceronegranada.com\/fr\/contact\/\"]}]},{\"@type\":\"BreadcrumbList\",\"@id\":\"https:\/\/www.ciceronegranada.com\/fr\/contact\/#breadcrumb\",\"itemListElement\":[{\"@type\":\"ListItem\",\"position\":1,\"name\":\"Accueil\",\"item\":\"https:\/\/www.ciceronegranada.com\/fr\/\"},{\"@type\":\"ListItem\",\"position\":2,\"name\":\"Contact\"}]},{\"@type\":\"WebSite\",\"@id\":\"https:\/\/www.ciceronegranada.com\/fr\/#website\",\"url\":\"https:\/\/www.ciceronegranada.com\/fr\/\",\"name\":\"Visitas guiadas Granada y Alhambra | Gu\u00edas locales expertos\",\"description\":\"Visitas guiadas de Granada o la Alhambra con gu\u00edas locales expertos. Tours privados o en grupos reducidos para que no te pierdas ning\u00fan rinc\u00f3n de la ciudad.\",\"publisher\":{\"@id\":\"https:\/\/www.ciceronegranada.com\/fr\/#organization\"},\"alternateName\":\"Visitas guiadas Granada y Alhambra | Cicerone Granada\",\"potentialAction\":[{\"@type\":\"SearchAction\",\"target\":{\"@type\":\"EntryPoint\",\"urlTemplate\":\"https:\/\/www.ciceronegranada.com\/fr\/?s={search_term_string}\"},\"query-input\":{\"@type\":\"PropertyValueSpecification\",\"valueRequired\":true,\"valueName\":\"search_term_string\"}}],\"inLanguage\":\"fr-FR\"},{\"@type\":\"Organization\",\"@id\":\"https:\/\/www.ciceronegranada.com\/fr\/#organization\",\"name\":\"CiceroneGranada\",\"url\":\"https:\/\/www.ciceronegranada.com\/fr\/\",\"logo\":{\"@type\":\"ImageObject\",\"inLanguage\":\"fr-FR\",\"@id\":\"https:\/\/www.ciceronegranada.com\/fr\/#\/schema\/logo\/image\/\",\"url\":\"https:\/\/www.ciceronegranada.com\/wp-content\/uploads\/2022\/09\/logo-cicerone-2022-black.png\",\"contentUrl\":\"https:\/\/www.ciceronegranada.com\/wp-content\/uploads\/2022\/09\/logo-cicerone-2022-black.png\",\"width\":1042,\"height\":217,\"caption\":\"CiceroneGranada\"},\"image\":{\"@id\":\"https:\/\/www.ciceronegranada.com\/fr\/#\/schema\/logo\/image\/\"}}]}<\/script>\n<!-- \/ Yoast SEO plugin. -->","yoast_head_json":{"title":"Cicerone Granada | Contactez-nous","description":"Si vous souhaitez plus d'informations sur l'un de nos services, vous pouvez nous contacter par t\u00e9l\u00e9phone, e-mail ou via nos r\u00e9seaux sociaux","robots":{"index":"index","follow":"follow","max-snippet":"max-snippet:-1","max-image-preview":"max-image-preview:large","max-video-preview":"max-video-preview:-1"},"canonical":"https:\/\/www.ciceronegranada.com\/fr\/contact\/","og_locale":"fr_FR","og_type":"article","og_title":"Cicerone Granada | Contactez-nous","og_description":"Si vous souhaitez plus d'informations sur l'un de nos services, vous pouvez nous contacter par t\u00e9l\u00e9phone, e-mail ou via nos r\u00e9seaux sociaux","og_url":"https:\/\/www.ciceronegranada.com\/fr\/contact\/","og_site_name":"Visitas guiadas Granada y Alhambra | Gu\u00edas locales expertos","article_modified_time":"2025-11-21T17:22:02+00:00","twitter_card":"summary_large_image","twitter_misc":{"Dur\u00e9e de lecture estim\u00e9e":"1 minute"},"schema":{"@context":"https:\/\/schema.org","@graph":[{"@type":"WebPage","@id":"https:\/\/www.ciceronegranada.com\/fr\/contact\/","url":"https:\/\/www.ciceronegranada.com\/fr\/contact\/","name":"Cicerone Granada | Contactez-nous","isPartOf":{"@id":"https:\/\/www.ciceronegranada.com\/fr\/#website"},"datePublished":"2019-03-08T14:36:14+00:00","dateModified":"2025-11-21T17:22:02+00:00","description":"Si vous souhaitez plus d'informations sur l'un de nos services, vous pouvez nous contacter par t\u00e9l\u00e9phone, e-mail ou via nos r\u00e9seaux sociaux","breadcrumb":{"@id":"https:\/\/www.ciceronegranada.com\/fr\/contact\/#breadcrumb"},"inLanguage":"fr-FR","potentialAction":[{"@type":"ReadAction","target":["https:\/\/www.ciceronegranada.com\/fr\/contact\/"]}]},{"@type":"BreadcrumbList","@id":"https:\/\/www.ciceronegranada.com\/fr\/contact\/#breadcrumb","itemListElement":[{"@type":"ListItem","position":1,"name":"Accueil","item":"https:\/\/www.ciceronegranada.com\/fr\/"},{"@type":"ListItem","position":2,"name":"Contact"}]},{"@type":"WebSite","@id":"https:\/\/www.ciceronegranada.com\/fr\/#website","url":"https:\/\/www.ciceronegranada.com\/fr\/","name":"Visitas guiadas Granada y Alhambra | Gu\u00edas locales expertos","description":"Visitas guiadas de Granada o la Alhambra con gu\u00edas locales expertos. Tours privados o en grupos reducidos para que no te pierdas ning\u00fan rinc\u00f3n de la ciudad.","publisher":{"@id":"https:\/\/www.ciceronegranada.com\/fr\/#organization"},"alternateName":"Visitas guiadas Granada y Alhambra | Cicerone Granada","potentialAction":[{"@type":"SearchAction","target":{"@type":"EntryPoint","urlTemplate":"https:\/\/www.ciceronegranada.com\/fr\/?s={search_term_string}"},"query-input":{"@type":"PropertyValueSpecification","valueRequired":true,"valueName":"search_term_string"}}],"inLanguage":"fr-FR"},{"@type":"Organization","@id":"https:\/\/www.ciceronegranada.com\/fr\/#organization","name":"CiceroneGranada","url":"https:\/\/www.ciceronegranada.com\/fr\/","logo":{"@type":"ImageObject","inLanguage":"fr-FR","@id":"https:\/\/www.ciceronegranada.com\/fr\/#\/schema\/logo\/image\/","url":"https:\/\/www.ciceronegranada.com\/wp-content\/uploads\/2022\/09\/logo-cicerone-2022-black.png","contentUrl":"https:\/\/www.ciceronegranada.com\/wp-content\/uploads\/2022\/09\/logo-cicerone-2022-black.png","width":1042,"height":217,"caption":"CiceroneGranada"},"image":{"@id":"https:\/\/www.ciceronegranada.com\/fr\/#\/schema\/logo\/image\/"}}]}},"_links":{"self":[{"href":"https:\/\/www.ciceronegranada.com\/fr\/wp-json\/wp\/v2\/pages\/7381"}],"collection":[{"href":"https:\/\/www.ciceronegranada.com\/fr\/wp-json\/wp\/v2\/pages"}],"about":[{"href":"https:\/\/www.ciceronegranada.com\/fr\/wp-json\/wp\/v2\/types\/page"}],"author":[{"embeddable":true,"href":"https:\/\/www.ciceronegranada.com\/fr\/wp-json\/wp\/v2\/users\/1"}],"replies":[{"embeddable":true,"href":"https:\/\/www.ciceronegranada.com\/fr\/wp-json\/wp\/v2\/comments?post=7381"}],"version-history":[{"count":7,"href":"https:\/\/www.ciceronegranada.com\/fr\/wp-json\/wp\/v2\/pages\/7381\/revisions"}],"predecessor-version":[{"id":20457,"href":"https:\/\/www.ciceronegranada.com\/fr\/wp-json\/wp\/v2\/pages\/7381\/revisions\/20457"}],"wp:attachment":[{"href":"https:\/\/www.ciceronegranada.com\/fr\/wp-json\/wp\/v2\/media?parent=7381"}],"curies":[{"name":"wp","href":"https:\/\/api.w.org\/{rel}","templated":true}]}}