{"id":15453,"date":"2023-06-30T15:38:03","date_gmt":"2023-06-30T13:38:03","guid":{"rendered":"https:\/\/www.ciceronegranada.com\/?page_id=15453"},"modified":"2023-06-30T15:38:51","modified_gmt":"2023-06-30T13:38:51","slug":"merci-cicerone","status":"publish","type":"page","link":"https:\/\/www.ciceronegranada.com\/fr\/m\/merci","title":{"rendered":"Merci Cicerone"},"content":{"rendered":"\t\t<div data-elementor-type=\"wp-page\" data-elementor-id=\"15453\" class=\"elementor elementor-15453\" data-elementor-post-type=\"page\">\n\t\t\t\t\t\t<section class=\"elementor-section elementor-top-section elementor-element elementor-element-c6ebcb1 elementor-section-boxed elementor-section-height-default elementor-section-height-default\" data-id=\"c6ebcb1\" data-element_type=\"section\">\n\t\t\t\t\t\t<div class=\"elementor-container elementor-column-gap-default\">\n\t\t\t\t\t<div class=\"elementor-column elementor-col-100 elementor-top-column elementor-element elementor-element-0c47392\" data-id=\"0c47392\" data-element_type=\"column\">\n\t\t\t<div class=\"elementor-widget-wrap elementor-element-populated\">\n\t\t\t\t\t\t<div class=\"elementor-element elementor-element-710cf2f elementor-widget elementor-widget-heading\" data-id=\"710cf2f\" data-element_type=\"widget\" data-widget_type=\"heading.default\">\n\t\t\t\t<div class=\"elementor-widget-container\">\n\t\t\t\t\t<h1 class=\"elementor-heading-title elementor-size-default\">Le formulaire a \u00e9t\u00e9 correctement envoy\u00e9<\/h1>\t\t\t\t<\/div>\n\t\t\t\t<\/div>\n\t\t\t\t<section class=\"elementor-section elementor-inner-section elementor-element elementor-element-42f3170 elementor-section-boxed elementor-section-height-default elementor-section-height-default\" data-id=\"42f3170\" data-element_type=\"section\">\n\t\t\t\t\t\t<div class=\"elementor-container elementor-column-gap-default\">\n\t\t\t\t\t<div class=\"elementor-column elementor-col-100 elementor-inner-column elementor-element elementor-element-9f93c68\" data-id=\"9f93c68\" data-element_type=\"column\">\n\t\t\t<div class=\"elementor-widget-wrap elementor-element-populated\">\n\t\t\t\t\t\t<div class=\"elementor-element elementor-element-0182288 elementor-widget elementor-widget-text-editor\" data-id=\"0182288\" data-element_type=\"widget\" data-widget_type=\"text-editor.default\">\n\t\t\t\t<div class=\"elementor-widget-container\">\n\t\t\t\t\t\t\t\t\t<p data-pm-slice=\"1 1 []\">L&rsquo;\u00e9quipe de Cicerone prendra contact avec vous dans les plus brefs d\u00e9lais.<\/p><p data-pm-slice=\"1 1 []\">Merci pour votre int\u00e9r\u00eat.<\/p>\t\t\t\t\t\t\t\t<\/div>\n\t\t\t\t<\/div>\n\t\t\t\t\t<\/div>\n\t\t<\/div>\n\t\t\t\t\t<\/div>\n\t\t<\/section>\n\t\t\t\t\t<\/div>\n\t\t<\/div>\n\t\t\t\t\t<\/div>\n\t\t<\/section>\n\t\t\t\t<\/div>\n\t\t","protected":false},"excerpt":{"rendered":"<p>Le formulaire a \u00e9t\u00e9 correctement envoy\u00e9 L&rsquo;\u00e9quipe de Cicerone prendra contact avec vous dans les plus brefs d\u00e9lais. Merci pour votre int\u00e9r\u00eat.<\/p>\n","protected":false},"author":8,"featured_media":0,"parent":15431,"menu_order":0,"comment_status":"closed","ping_status":"closed","template":"","meta":{"content-type":"","footnotes":""},"yoast_head":"<!-- This site is optimized with the Yoast SEO plugin v24.5 - https:\/\/yoast.com\/wordpress\/plugins\/seo\/ -->\n<title>Merci Cicerone<\/title>\n<meta name=\"robots\" content=\"noindex, nofollow\" \/>\n<meta property=\"og:locale\" content=\"fr_FR\" \/>\n<meta property=\"og:type\" content=\"article\" \/>\n<meta property=\"og:title\" content=\"Merci Cicerone\" \/>\n<meta property=\"og:description\" content=\"Le formulaire a \u00e9t\u00e9 correctement envoy\u00e9 L&rsquo;\u00e9quipe de Cicerone prendra contact avec vous dans les plus brefs d\u00e9lais. Merci pour votre int\u00e9r\u00eat.\" \/>\n<meta property=\"og:url\" content=\"https:\/\/www.ciceronegranada.com\/fr\/m\/merci\" \/>\n<meta property=\"og:site_name\" content=\"Visitas guiadas Granada y Alhambra | Gu\u00edas locales expertos\" \/>\n<meta property=\"article:modified_time\" content=\"2023-06-30T13:38:51+00:00\" \/>\n<meta name=\"twitter:card\" content=\"summary_large_image\" \/>\n<meta name=\"twitter:label1\" content=\"Dur\u00e9e de lecture estim\u00e9e\" \/>\n\t<meta name=\"twitter:data1\" content=\"1 minute\" \/>\n<script type=\"application\/ld+json\" class=\"yoast-schema-graph\">{\"@context\":\"https:\/\/schema.org\",\"@graph\":[{\"@type\":\"WebPage\",\"@id\":\"https:\/\/www.ciceronegranada.com\/fr\/m\/merci\",\"url\":\"https:\/\/www.ciceronegranada.com\/fr\/m\/merci\",\"name\":\"Merci Cicerone\",\"isPartOf\":{\"@id\":\"https:\/\/www.ciceronegranada.com\/fr\/#website\"},\"datePublished\":\"2023-06-30T13:38:03+00:00\",\"dateModified\":\"2023-06-30T13:38:51+00:00\",\"breadcrumb\":{\"@id\":\"https:\/\/www.ciceronegranada.com\/fr\/m\/merci#breadcrumb\"},\"inLanguage\":\"fr-FR\",\"potentialAction\":[{\"@type\":\"ReadAction\",\"target\":[\"https:\/\/www.ciceronegranada.com\/fr\/m\/merci\"]}]},{\"@type\":\"BreadcrumbList\",\"@id\":\"https:\/\/www.ciceronegranada.com\/fr\/m\/merci#breadcrumb\",\"itemListElement\":[{\"@type\":\"ListItem\",\"position\":1,\"name\":\"Accueil\",\"item\":\"https:\/\/www.ciceronegranada.com\/fr\/\"},{\"@type\":\"ListItem\",\"position\":2,\"name\":\"M\",\"item\":\"https:\/\/www.ciceronegranada.com\/fr\/m\/\"},{\"@type\":\"ListItem\",\"position\":3,\"name\":\"Merci Cicerone\"}]},{\"@type\":\"WebSite\",\"@id\":\"https:\/\/www.ciceronegranada.com\/fr\/#website\",\"url\":\"https:\/\/www.ciceronegranada.com\/fr\/\",\"name\":\"Visitas guiadas Granada y Alhambra | Gu\u00edas locales expertos\",\"description\":\"Visitas guiadas de Granada o la Alhambra con gu\u00edas locales expertos. Tours privados o en grupos reducidos para que no te pierdas ning\u00fan rinc\u00f3n de la ciudad.\",\"publisher\":{\"@id\":\"https:\/\/www.ciceronegranada.com\/fr\/#organization\"},\"alternateName\":\"Visitas guiadas Granada y Alhambra | Cicerone Granada\",\"potentialAction\":[{\"@type\":\"SearchAction\",\"target\":{\"@type\":\"EntryPoint\",\"urlTemplate\":\"https:\/\/www.ciceronegranada.com\/fr\/?s={search_term_string}\"},\"query-input\":{\"@type\":\"PropertyValueSpecification\",\"valueRequired\":true,\"valueName\":\"search_term_string\"}}],\"inLanguage\":\"fr-FR\"},{\"@type\":\"Organization\",\"@id\":\"https:\/\/www.ciceronegranada.com\/fr\/#organization\",\"name\":\"CiceroneGranada\",\"url\":\"https:\/\/www.ciceronegranada.com\/fr\/\",\"logo\":{\"@type\":\"ImageObject\",\"inLanguage\":\"fr-FR\",\"@id\":\"https:\/\/www.ciceronegranada.com\/fr\/#\/schema\/logo\/image\/\",\"url\":\"https:\/\/www.ciceronegranada.com\/wp-content\/uploads\/2022\/09\/logo-cicerone-2022-black.png\",\"contentUrl\":\"https:\/\/www.ciceronegranada.com\/wp-content\/uploads\/2022\/09\/logo-cicerone-2022-black.png\",\"width\":1042,\"height\":217,\"caption\":\"CiceroneGranada\"},\"image\":{\"@id\":\"https:\/\/www.ciceronegranada.com\/fr\/#\/schema\/logo\/image\/\"}}]}<\/script>\n<!-- \/ Yoast SEO plugin. -->","yoast_head_json":{"title":"Merci Cicerone","robots":{"index":"noindex","follow":"nofollow"},"og_locale":"fr_FR","og_type":"article","og_title":"Merci Cicerone","og_description":"Le formulaire a \u00e9t\u00e9 correctement envoy\u00e9 L&rsquo;\u00e9quipe de Cicerone prendra contact avec vous dans les plus brefs d\u00e9lais. Merci pour votre int\u00e9r\u00eat.","og_url":"https:\/\/www.ciceronegranada.com\/fr\/m\/merci","og_site_name":"Visitas guiadas Granada y Alhambra | Gu\u00edas locales expertos","article_modified_time":"2023-06-30T13:38:51+00:00","twitter_card":"summary_large_image","twitter_misc":{"Dur\u00e9e de lecture estim\u00e9e":"1 minute"},"schema":{"@context":"https:\/\/schema.org","@graph":[{"@type":"WebPage","@id":"https:\/\/www.ciceronegranada.com\/fr\/m\/merci","url":"https:\/\/www.ciceronegranada.com\/fr\/m\/merci","name":"Merci Cicerone","isPartOf":{"@id":"https:\/\/www.ciceronegranada.com\/fr\/#website"},"datePublished":"2023-06-30T13:38:03+00:00","dateModified":"2023-06-30T13:38:51+00:00","breadcrumb":{"@id":"https:\/\/www.ciceronegranada.com\/fr\/m\/merci#breadcrumb"},"inLanguage":"fr-FR","potentialAction":[{"@type":"ReadAction","target":["https:\/\/www.ciceronegranada.com\/fr\/m\/merci"]}]},{"@type":"BreadcrumbList","@id":"https:\/\/www.ciceronegranada.com\/fr\/m\/merci#breadcrumb","itemListElement":[{"@type":"ListItem","position":1,"name":"Accueil","item":"https:\/\/www.ciceronegranada.com\/fr\/"},{"@type":"ListItem","position":2,"name":"M","item":"https:\/\/www.ciceronegranada.com\/fr\/m\/"},{"@type":"ListItem","position":3,"name":"Merci Cicerone"}]},{"@type":"WebSite","@id":"https:\/\/www.ciceronegranada.com\/fr\/#website","url":"https:\/\/www.ciceronegranada.com\/fr\/","name":"Visitas guiadas Granada y Alhambra | Gu\u00edas locales expertos","description":"Visitas guiadas de Granada o la Alhambra con gu\u00edas locales expertos. Tours privados o en grupos reducidos para que no te pierdas ning\u00fan rinc\u00f3n de la ciudad.","publisher":{"@id":"https:\/\/www.ciceronegranada.com\/fr\/#organization"},"alternateName":"Visitas guiadas Granada y Alhambra | Cicerone Granada","potentialAction":[{"@type":"SearchAction","target":{"@type":"EntryPoint","urlTemplate":"https:\/\/www.ciceronegranada.com\/fr\/?s={search_term_string}"},"query-input":{"@type":"PropertyValueSpecification","valueRequired":true,"valueName":"search_term_string"}}],"inLanguage":"fr-FR"},{"@type":"Organization","@id":"https:\/\/www.ciceronegranada.com\/fr\/#organization","name":"CiceroneGranada","url":"https:\/\/www.ciceronegranada.com\/fr\/","logo":{"@type":"ImageObject","inLanguage":"fr-FR","@id":"https:\/\/www.ciceronegranada.com\/fr\/#\/schema\/logo\/image\/","url":"https:\/\/www.ciceronegranada.com\/wp-content\/uploads\/2022\/09\/logo-cicerone-2022-black.png","contentUrl":"https:\/\/www.ciceronegranada.com\/wp-content\/uploads\/2022\/09\/logo-cicerone-2022-black.png","width":1042,"height":217,"caption":"CiceroneGranada"},"image":{"@id":"https:\/\/www.ciceronegranada.com\/fr\/#\/schema\/logo\/image\/"}}]}},"_links":{"self":[{"href":"https:\/\/www.ciceronegranada.com\/fr\/wp-json\/wp\/v2\/pages\/15453"}],"collection":[{"href":"https:\/\/www.ciceronegranada.com\/fr\/wp-json\/wp\/v2\/pages"}],"about":[{"href":"https:\/\/www.ciceronegranada.com\/fr\/wp-json\/wp\/v2\/types\/page"}],"author":[{"embeddable":true,"href":"https:\/\/www.ciceronegranada.com\/fr\/wp-json\/wp\/v2\/users\/8"}],"replies":[{"embeddable":true,"href":"https:\/\/www.ciceronegranada.com\/fr\/wp-json\/wp\/v2\/comments?post=15453"}],"version-history":[{"count":4,"href":"https:\/\/www.ciceronegranada.com\/fr\/wp-json\/wp\/v2\/pages\/15453\/revisions"}],"predecessor-version":[{"id":15457,"href":"https:\/\/www.ciceronegranada.com\/fr\/wp-json\/wp\/v2\/pages\/15453\/revisions\/15457"}],"up":[{"embeddable":true,"href":"https:\/\/www.ciceronegranada.com\/fr\/wp-json\/wp\/v2\/pages\/15431"}],"wp:attachment":[{"href":"https:\/\/www.ciceronegranada.com\/fr\/wp-json\/wp\/v2\/media?parent=15453"}],"curies":[{"name":"wp","href":"https:\/\/api.w.org\/{rel}","templated":true}]}}