{"id":15431,"date":"2023-04-28T12:44:18","date_gmt":"2023-04-28T10:44:18","guid":{"rendered":"https:\/\/www.ciceronegranada.com\/?page_id=15431"},"modified":"2023-06-29T17:32:43","modified_gmt":"2023-06-29T15:32:43","slug":"m","status":"publish","type":"page","link":"https:\/\/www.ciceronegranada.com\/fr\/m\/","title":{"rendered":"M"},"content":{"rendered":"","protected":false},"excerpt":{"rendered":"","protected":false},"author":2,"featured_media":0,"parent":0,"menu_order":0,"comment_status":"closed","ping_status":"closed","template":"elementor_canvas","meta":{"content-type":"","footnotes":""},"yoast_head":"<!-- This site is optimized with the Yoast SEO plugin v24.5 - https:\/\/yoast.com\/wordpress\/plugins\/seo\/ -->\n<title>M<\/title>\n<meta name=\"robots\" content=\"noindex, nofollow\" \/>\n<meta property=\"og:locale\" content=\"fr_FR\" \/>\n<meta property=\"og:type\" content=\"article\" \/>\n<meta property=\"og:title\" content=\"M\" \/>\n<meta property=\"og:url\" content=\"https:\/\/www.ciceronegranada.com\/fr\/m\/\" \/>\n<meta property=\"og:site_name\" content=\"Visitas guiadas Granada y Alhambra | Gu\u00edas locales expertos\" \/>\n<meta property=\"article:modified_time\" content=\"2023-06-29T15:32:43+00:00\" \/>\n<meta name=\"twitter:card\" content=\"summary_large_image\" \/>\n<script type=\"application\/ld+json\" class=\"yoast-schema-graph\">{\"@context\":\"https:\/\/schema.org\",\"@graph\":[{\"@type\":\"WebPage\",\"@id\":\"https:\/\/www.ciceronegranada.com\/fr\/m\/\",\"url\":\"https:\/\/www.ciceronegranada.com\/fr\/m\/\",\"name\":\"M\",\"isPartOf\":{\"@id\":\"https:\/\/www.ciceronegranada.com\/fr\/#website\"},\"datePublished\":\"2023-04-28T10:44:18+00:00\",\"dateModified\":\"2023-06-29T15:32:43+00:00\",\"breadcrumb\":{\"@id\":\"https:\/\/www.ciceronegranada.com\/fr\/m\/#breadcrumb\"},\"inLanguage\":\"fr-FR\",\"potentialAction\":[{\"@type\":\"ReadAction\",\"target\":[\"https:\/\/www.ciceronegranada.com\/fr\/m\/\"]}]},{\"@type\":\"BreadcrumbList\",\"@id\":\"https:\/\/www.ciceronegranada.com\/fr\/m\/#breadcrumb\",\"itemListElement\":[{\"@type\":\"ListItem\",\"position\":1,\"name\":\"Accueil\",\"item\":\"https:\/\/www.ciceronegranada.com\/fr\/\"},{\"@type\":\"ListItem\",\"position\":2,\"name\":\"M\"}]},{\"@type\":\"WebSite\",\"@id\":\"https:\/\/www.ciceronegranada.com\/fr\/#website\",\"url\":\"https:\/\/www.ciceronegranada.com\/fr\/\",\"name\":\"Visitas guiadas Granada y Alhambra | Gu\u00edas locales expertos\",\"description\":\"Visitas guiadas de Granada o la Alhambra con gu\u00edas locales expertos. Tours privados o en grupos reducidos para que no te pierdas ning\u00fan rinc\u00f3n de la ciudad.\",\"publisher\":{\"@id\":\"https:\/\/www.ciceronegranada.com\/fr\/#organization\"},\"alternateName\":\"Visitas guiadas Granada y Alhambra | Cicerone Granada\",\"potentialAction\":[{\"@type\":\"SearchAction\",\"target\":{\"@type\":\"EntryPoint\",\"urlTemplate\":\"https:\/\/www.ciceronegranada.com\/fr\/?s={search_term_string}\"},\"query-input\":{\"@type\":\"PropertyValueSpecification\",\"valueRequired\":true,\"valueName\":\"search_term_string\"}}],\"inLanguage\":\"fr-FR\"},{\"@type\":\"Organization\",\"@id\":\"https:\/\/www.ciceronegranada.com\/fr\/#organization\",\"name\":\"CiceroneGranada\",\"url\":\"https:\/\/www.ciceronegranada.com\/fr\/\",\"logo\":{\"@type\":\"ImageObject\",\"inLanguage\":\"fr-FR\",\"@id\":\"https:\/\/www.ciceronegranada.com\/fr\/#\/schema\/logo\/image\/\",\"url\":\"https:\/\/www.ciceronegranada.com\/wp-content\/uploads\/2022\/09\/logo-cicerone-2022-black.png\",\"contentUrl\":\"https:\/\/www.ciceronegranada.com\/wp-content\/uploads\/2022\/09\/logo-cicerone-2022-black.png\",\"width\":1042,\"height\":217,\"caption\":\"CiceroneGranada\"},\"image\":{\"@id\":\"https:\/\/www.ciceronegranada.com\/fr\/#\/schema\/logo\/image\/\"}}]}<\/script>\n<!-- \/ Yoast SEO plugin. -->","yoast_head_json":{"title":"M","robots":{"index":"noindex","follow":"nofollow"},"og_locale":"fr_FR","og_type":"article","og_title":"M","og_url":"https:\/\/www.ciceronegranada.com\/fr\/m\/","og_site_name":"Visitas guiadas Granada y Alhambra | Gu\u00edas locales expertos","article_modified_time":"2023-06-29T15:32:43+00:00","twitter_card":"summary_large_image","schema":{"@context":"https:\/\/schema.org","@graph":[{"@type":"WebPage","@id":"https:\/\/www.ciceronegranada.com\/fr\/m\/","url":"https:\/\/www.ciceronegranada.com\/fr\/m\/","name":"M","isPartOf":{"@id":"https:\/\/www.ciceronegranada.com\/fr\/#website"},"datePublished":"2023-04-28T10:44:18+00:00","dateModified":"2023-06-29T15:32:43+00:00","breadcrumb":{"@id":"https:\/\/www.ciceronegranada.com\/fr\/m\/#breadcrumb"},"inLanguage":"fr-FR","potentialAction":[{"@type":"ReadAction","target":["https:\/\/www.ciceronegranada.com\/fr\/m\/"]}]},{"@type":"BreadcrumbList","@id":"https:\/\/www.ciceronegranada.com\/fr\/m\/#breadcrumb","itemListElement":[{"@type":"ListItem","position":1,"name":"Accueil","item":"https:\/\/www.ciceronegranada.com\/fr\/"},{"@type":"ListItem","position":2,"name":"M"}]},{"@type":"WebSite","@id":"https:\/\/www.ciceronegranada.com\/fr\/#website","url":"https:\/\/www.ciceronegranada.com\/fr\/","name":"Visitas guiadas Granada y Alhambra | Gu\u00edas locales expertos","description":"Visitas guiadas de Granada o la Alhambra con gu\u00edas locales expertos. Tours privados o en grupos reducidos para que no te pierdas ning\u00fan rinc\u00f3n de la ciudad.","publisher":{"@id":"https:\/\/www.ciceronegranada.com\/fr\/#organization"},"alternateName":"Visitas guiadas Granada y Alhambra | Cicerone Granada","potentialAction":[{"@type":"SearchAction","target":{"@type":"EntryPoint","urlTemplate":"https:\/\/www.ciceronegranada.com\/fr\/?s={search_term_string}"},"query-input":{"@type":"PropertyValueSpecification","valueRequired":true,"valueName":"search_term_string"}}],"inLanguage":"fr-FR"},{"@type":"Organization","@id":"https:\/\/www.ciceronegranada.com\/fr\/#organization","name":"CiceroneGranada","url":"https:\/\/www.ciceronegranada.com\/fr\/","logo":{"@type":"ImageObject","inLanguage":"fr-FR","@id":"https:\/\/www.ciceronegranada.com\/fr\/#\/schema\/logo\/image\/","url":"https:\/\/www.ciceronegranada.com\/wp-content\/uploads\/2022\/09\/logo-cicerone-2022-black.png","contentUrl":"https:\/\/www.ciceronegranada.com\/wp-content\/uploads\/2022\/09\/logo-cicerone-2022-black.png","width":1042,"height":217,"caption":"CiceroneGranada"},"image":{"@id":"https:\/\/www.ciceronegranada.com\/fr\/#\/schema\/logo\/image\/"}}]}},"_links":{"self":[{"href":"https:\/\/www.ciceronegranada.com\/fr\/wp-json\/wp\/v2\/pages\/15431"}],"collection":[{"href":"https:\/\/www.ciceronegranada.com\/fr\/wp-json\/wp\/v2\/pages"}],"about":[{"href":"https:\/\/www.ciceronegranada.com\/fr\/wp-json\/wp\/v2\/types\/page"}],"author":[{"embeddable":true,"href":"https:\/\/www.ciceronegranada.com\/fr\/wp-json\/wp\/v2\/users\/2"}],"replies":[{"embeddable":true,"href":"https:\/\/www.ciceronegranada.com\/fr\/wp-json\/wp\/v2\/comments?post=15431"}],"version-history":[{"count":4,"href":"https:\/\/www.ciceronegranada.com\/fr\/wp-json\/wp\/v2\/pages\/15431\/revisions"}],"predecessor-version":[{"id":15437,"href":"https:\/\/www.ciceronegranada.com\/fr\/wp-json\/wp\/v2\/pages\/15431\/revisions\/15437"}],"wp:attachment":[{"href":"https:\/\/www.ciceronegranada.com\/fr\/wp-json\/wp\/v2\/media?parent=15431"}],"curies":[{"name":"wp","href":"https:\/\/api.w.org\/{rel}","templated":true}]}}