{"id":2017,"date":"2019-03-21T18:07:34","date_gmt":"2019-03-21T17:07:34","guid":{"rendered":"https:\/\/www.ciceronegranada.com\/informed-consent\/"},"modified":"2025-01-20T21:57:37","modified_gmt":"2025-01-20T20:57:37","slug":"informed-consent","status":"publish","type":"page","link":"https:\/\/www.ciceronegranada.com\/en\/informed-consent\/","title":{"rendered":"Informed consent"},"content":{"rendered":"<h2>CONSENT \u2013 Personal Data Protection<\/h2>\n<p>Responsible party:<\/p>\n<p><strong>Owner:<\/strong><\/p>\n<ul>\n<li>Spanish Wonders Travel SL. with Company Tax Number: B56503824<\/li>\n<li>Registered address: Calle General Pardi\u00f1as 42, 28001 Madrid (Spain)<\/li>\n<li>Contact details: Phone: 695533611 Email: hellocicerone@gmail.com<\/li>\n<\/ul>\n<p><strong>Purpose of Processing:<\/strong> Spanish Wonders Travel SL. collects your data for the purpose of customer data and data management in our guided tours and tourist services, contact lists and satisfaction surveys. We have implemented all necessary technical and organizational measures to guarantee the security, confidentiality and integrity of the personal data we process.<\/p>\n<p><strong>Retention:<\/strong> The data will be kept for the duration of the contractual relationship, or until you request the termination of your contract as a customer and for the periods as required by law, in order to comply with any responsibilities that may arise following the termination of the relationship.<\/p>\n<p><strong>Legitimization:<\/strong> The legal basis for the processing of your data is the service contract which has been signed and is subject to the information we request, without which its execution will not be possible.<\/p>\n<p><strong>Recipients:<\/strong> The recipients of the data you provide us will remain exclusive to the company employees, and will not be transferred to third parties unless required by law.<\/p>\n<p><strong>Rights:<\/strong> By providing us with your data, you can exercise your rights of access, rectification, deletion, portability, limitation and opposition. You also have the right to object to receiving our communications and to revoke your consent at any time. These rights will be exercised before the aforementioned responsible party and the corresponding email address and registered address. If you do not receive a reply from us in due time, or if you do not find it to be satisfactory, we inform you that the competent supervisory authority is the Spanish Data Protection Agency (www.agpd.es).<\/p>\n","protected":false},"excerpt":{"rendered":"<p>CONSENT \u2013 Personal Data Protection Responsible party: Owner: Spanish Wonders Travel SL. with Company Tax Number: B56503824 Registered address: Calle General Pardi\u00f1as 42, 28001 Madrid (Spain) Contact details: Phone: 695533611 Email: hellocicerone@gmail.com Purpose of Processing: Spanish Wonders Travel SL. collects your data for the purpose of customer data and data management in our guided tours [&hellip;]<\/p>\n","protected":false},"author":3,"featured_media":0,"parent":0,"menu_order":99,"comment_status":"closed","ping_status":"closed","template":"page-base-no-sidebar.php","meta":{"content-type":"","footnotes":""},"yoast_head":"<!-- This site is optimized with the Yoast SEO plugin v24.5 - https:\/\/yoast.com\/wordpress\/plugins\/seo\/ -->\n<title>Informed consent<\/title>\n<meta name=\"robots\" content=\"noindex, nofollow\" \/>\n<meta property=\"og:locale\" content=\"en_US\" \/>\n<meta property=\"og:type\" content=\"article\" \/>\n<meta property=\"og:title\" content=\"Informed consent\" \/>\n<meta property=\"og:description\" content=\"CONSENT \u2013 Personal Data Protection Responsible party: Owner: Spanish Wonders Travel SL. with Company Tax Number: B56503824 Registered address: Calle General Pardi\u00f1as 42, 28001 Madrid (Spain) Contact details: Phone: 695533611 Email: hellocicerone@gmail.com Purpose of Processing: Spanish Wonders Travel SL. collects your data for the purpose of customer data and data management in our guided tours [&hellip;]\" \/>\n<meta property=\"og:url\" content=\"https:\/\/www.ciceronegranada.com\/en\/informed-consent\/\" \/>\n<meta property=\"og:site_name\" content=\"Visitas guiadas Granada y Alhambra | Gu\u00edas locales expertos\" \/>\n<meta property=\"article:modified_time\" content=\"2025-01-20T20:57:37+00:00\" \/>\n<meta name=\"twitter:card\" content=\"summary_large_image\" \/>\n<meta name=\"twitter:label1\" content=\"Est. reading time\" \/>\n\t<meta name=\"twitter:data1\" content=\"2 minutes\" \/>\n<script type=\"application\/ld+json\" class=\"yoast-schema-graph\">{\"@context\":\"https:\/\/schema.org\",\"@graph\":[{\"@type\":\"WebPage\",\"@id\":\"https:\/\/www.ciceronegranada.com\/en\/informed-consent\/\",\"url\":\"https:\/\/www.ciceronegranada.com\/en\/informed-consent\/\",\"name\":\"Informed consent\",\"isPartOf\":{\"@id\":\"https:\/\/www.ciceronegranada.com\/en\/#website\"},\"datePublished\":\"2019-03-21T17:07:34+00:00\",\"dateModified\":\"2025-01-20T20:57:37+00:00\",\"breadcrumb\":{\"@id\":\"https:\/\/www.ciceronegranada.com\/en\/informed-consent\/#breadcrumb\"},\"inLanguage\":\"en-US\",\"potentialAction\":[{\"@type\":\"ReadAction\",\"target\":[\"https:\/\/www.ciceronegranada.com\/en\/informed-consent\/\"]}]},{\"@type\":\"BreadcrumbList\",\"@id\":\"https:\/\/www.ciceronegranada.com\/en\/informed-consent\/#breadcrumb\",\"itemListElement\":[{\"@type\":\"ListItem\",\"position\":1,\"name\":\"Home\",\"item\":\"https:\/\/www.ciceronegranada.com\/en\/\"},{\"@type\":\"ListItem\",\"position\":2,\"name\":\"Informed consent\"}]},{\"@type\":\"WebSite\",\"@id\":\"https:\/\/www.ciceronegranada.com\/en\/#website\",\"url\":\"https:\/\/www.ciceronegranada.com\/en\/\",\"name\":\"Visitas guiadas Granada y Alhambra | Gu\u00edas locales expertos\",\"description\":\"Visitas guiadas de Granada o la Alhambra con gu\u00edas locales expertos. Tours privados o en grupos reducidos para que no te pierdas ning\u00fan rinc\u00f3n de la ciudad.\",\"publisher\":{\"@id\":\"https:\/\/www.ciceronegranada.com\/en\/#organization\"},\"alternateName\":\"Visitas guiadas Granada y Alhambra | Cicerone Granada\",\"potentialAction\":[{\"@type\":\"SearchAction\",\"target\":{\"@type\":\"EntryPoint\",\"urlTemplate\":\"https:\/\/www.ciceronegranada.com\/en\/?s={search_term_string}\"},\"query-input\":{\"@type\":\"PropertyValueSpecification\",\"valueRequired\":true,\"valueName\":\"search_term_string\"}}],\"inLanguage\":\"en-US\"},{\"@type\":\"Organization\",\"@id\":\"https:\/\/www.ciceronegranada.com\/en\/#organization\",\"name\":\"CiceroneGranada\",\"url\":\"https:\/\/www.ciceronegranada.com\/en\/\",\"logo\":{\"@type\":\"ImageObject\",\"inLanguage\":\"en-US\",\"@id\":\"https:\/\/www.ciceronegranada.com\/en\/#\/schema\/logo\/image\/\",\"url\":\"https:\/\/www.ciceronegranada.com\/wp-content\/uploads\/2022\/09\/logo-cicerone-2022-black.png\",\"contentUrl\":\"https:\/\/www.ciceronegranada.com\/wp-content\/uploads\/2022\/09\/logo-cicerone-2022-black.png\",\"width\":1042,\"height\":217,\"caption\":\"CiceroneGranada\"},\"image\":{\"@id\":\"https:\/\/www.ciceronegranada.com\/en\/#\/schema\/logo\/image\/\"}}]}<\/script>\n<!-- \/ Yoast SEO plugin. -->","yoast_head_json":{"title":"Informed consent","robots":{"index":"noindex","follow":"nofollow"},"og_locale":"en_US","og_type":"article","og_title":"Informed consent","og_description":"CONSENT \u2013 Personal Data Protection Responsible party: Owner: Spanish Wonders Travel SL. with Company Tax Number: B56503824 Registered address: Calle General Pardi\u00f1as 42, 28001 Madrid (Spain) Contact details: Phone: 695533611 Email: hellocicerone@gmail.com Purpose of Processing: Spanish Wonders Travel SL. collects your data for the purpose of customer data and data management in our guided tours [&hellip;]","og_url":"https:\/\/www.ciceronegranada.com\/en\/informed-consent\/","og_site_name":"Visitas guiadas Granada y Alhambra | Gu\u00edas locales expertos","article_modified_time":"2025-01-20T20:57:37+00:00","twitter_card":"summary_large_image","twitter_misc":{"Est. reading time":"2 minutes"},"schema":{"@context":"https:\/\/schema.org","@graph":[{"@type":"WebPage","@id":"https:\/\/www.ciceronegranada.com\/en\/informed-consent\/","url":"https:\/\/www.ciceronegranada.com\/en\/informed-consent\/","name":"Informed consent","isPartOf":{"@id":"https:\/\/www.ciceronegranada.com\/en\/#website"},"datePublished":"2019-03-21T17:07:34+00:00","dateModified":"2025-01-20T20:57:37+00:00","breadcrumb":{"@id":"https:\/\/www.ciceronegranada.com\/en\/informed-consent\/#breadcrumb"},"inLanguage":"en-US","potentialAction":[{"@type":"ReadAction","target":["https:\/\/www.ciceronegranada.com\/en\/informed-consent\/"]}]},{"@type":"BreadcrumbList","@id":"https:\/\/www.ciceronegranada.com\/en\/informed-consent\/#breadcrumb","itemListElement":[{"@type":"ListItem","position":1,"name":"Home","item":"https:\/\/www.ciceronegranada.com\/en\/"},{"@type":"ListItem","position":2,"name":"Informed consent"}]},{"@type":"WebSite","@id":"https:\/\/www.ciceronegranada.com\/en\/#website","url":"https:\/\/www.ciceronegranada.com\/en\/","name":"Visitas guiadas Granada y Alhambra | Gu\u00edas locales expertos","description":"Visitas guiadas de Granada o la Alhambra con gu\u00edas locales expertos. Tours privados o en grupos reducidos para que no te pierdas ning\u00fan rinc\u00f3n de la ciudad.","publisher":{"@id":"https:\/\/www.ciceronegranada.com\/en\/#organization"},"alternateName":"Visitas guiadas Granada y Alhambra | Cicerone Granada","potentialAction":[{"@type":"SearchAction","target":{"@type":"EntryPoint","urlTemplate":"https:\/\/www.ciceronegranada.com\/en\/?s={search_term_string}"},"query-input":{"@type":"PropertyValueSpecification","valueRequired":true,"valueName":"search_term_string"}}],"inLanguage":"en-US"},{"@type":"Organization","@id":"https:\/\/www.ciceronegranada.com\/en\/#organization","name":"CiceroneGranada","url":"https:\/\/www.ciceronegranada.com\/en\/","logo":{"@type":"ImageObject","inLanguage":"en-US","@id":"https:\/\/www.ciceronegranada.com\/en\/#\/schema\/logo\/image\/","url":"https:\/\/www.ciceronegranada.com\/wp-content\/uploads\/2022\/09\/logo-cicerone-2022-black.png","contentUrl":"https:\/\/www.ciceronegranada.com\/wp-content\/uploads\/2022\/09\/logo-cicerone-2022-black.png","width":1042,"height":217,"caption":"CiceroneGranada"},"image":{"@id":"https:\/\/www.ciceronegranada.com\/en\/#\/schema\/logo\/image\/"}}]}},"_links":{"self":[{"href":"https:\/\/www.ciceronegranada.com\/en\/wp-json\/wp\/v2\/pages\/2017"}],"collection":[{"href":"https:\/\/www.ciceronegranada.com\/en\/wp-json\/wp\/v2\/pages"}],"about":[{"href":"https:\/\/www.ciceronegranada.com\/en\/wp-json\/wp\/v2\/types\/page"}],"author":[{"embeddable":true,"href":"https:\/\/www.ciceronegranada.com\/en\/wp-json\/wp\/v2\/users\/3"}],"replies":[{"embeddable":true,"href":"https:\/\/www.ciceronegranada.com\/en\/wp-json\/wp\/v2\/comments?post=2017"}],"version-history":[{"count":4,"href":"https:\/\/www.ciceronegranada.com\/en\/wp-json\/wp\/v2\/pages\/2017\/revisions"}],"predecessor-version":[{"id":19369,"href":"https:\/\/www.ciceronegranada.com\/en\/wp-json\/wp\/v2\/pages\/2017\/revisions\/19369"}],"wp:attachment":[{"href":"https:\/\/www.ciceronegranada.com\/en\/wp-json\/wp\/v2\/media?parent=2017"}],"curies":[{"name":"wp","href":"https:\/\/api.w.org\/{rel}","templated":true}]}}