{"id":1824,"date":"2019-03-13T13:23:52","date_gmt":"2019-03-13T12:23:52","guid":{"rendered":"https:\/\/www.ciceronegranada.com\/granada-tours\/group-tours\/groups-alhambra\/"},"modified":"2025-11-29T19:27:33","modified_gmt":"2025-11-29T18:27:33","slug":"groups-alhambra","status":"publish","type":"page","link":"https:\/\/www.ciceronegranada.com\/en\/groups-tours\/alhambra\/","title":{"rendered":"Tours of the Alhambra for Groups (timed entry included when available)"},"content":{"rendered":"\t\t<div data-elementor-type=\"wp-page\" data-elementor-id=\"1824\" class=\"elementor elementor-1824 elementor-1513\" data-elementor-post-type=\"page\">\n\t\t\t\t\t\t<section class=\"elementor-section elementor-top-section elementor-element elementor-element-5dfda3ee elementor-section-boxed elementor-section-height-default elementor-section-height-default\" data-id=\"5dfda3ee\" data-element_type=\"section\">\n\t\t\t\t\t\t<div class=\"elementor-container elementor-column-gap-default\">\n\t\t\t\t\t<div class=\"elementor-column elementor-col-100 elementor-top-column elementor-element elementor-element-a1754e4\" data-id=\"a1754e4\" data-element_type=\"column\">\n\t\t\t<div class=\"elementor-widget-wrap elementor-element-populated\">\n\t\t\t\t\t\t<div class=\"elementor-element elementor-element-7077dcf8 elementor-widget elementor-widget-text-editor\" data-id=\"7077dcf8\" data-element_type=\"widget\" data-widget_type=\"text-editor.default\">\n\t\t\t\t<div class=\"elementor-widget-container\">\n\t\t\t\t\t\t\t\t\t<p><strong>Tours of the Alhambra for Groups with licensed English-speaking guides, timed-entry tickets managed for you, headsets on request, visit ~2.5\u20133h<\/strong><\/p><p>The monumental complex of the Alhambra and Generalife, declared World Heritage since 1984, has been a universal tourist attraction for centuries, attracting travellers from all over the globe.<\/p><p>Cicerone Granada offers a guided tour for large private groups including: The Nasrid Palaces (Court of the Myrtels and Court of the Lions) that overwhelm the visitor with their exquisite and delicate architecture which has miraculously survived until today; the Palace of Charles the V, symbol of the imperial power, cultural and economic splendour of the 16th century; the Medina\u2013workshop and military area enclosed in the Alhambra- and the Palace of the Generalife full of beautiful and evoking gardens used as leisure area for the Sultans.<\/p><p>It is a circular itinerary of about 2 miles and the duration of the guided tour is roughly three hours. The degree of difficulty is medium-low.<\/p><p>For organized adult groups we design Granada and Alhambra visits with optimized timings for coaches, clearly defined meeting points and realistic walking distances. When you request services, we\u2019ll outline different options according to group size, language, desired depth of explanation and whether tickets should be included or handled by you. Our aim is to make logistics simple for tour leaders, while still keeping the visits engaging and manageable for participants with varied ages and mobility.<\/p><p>Anyway, your CICERONE will always adapt to your step.\u00a0<\/p><p style=\"box-sizing: inherit; margin-bottom: 1.5rem; font-family: 'Founders Grotesk', sans-serif;\"><span style=\"box-sizing: inherit; font-size: 24pt;\">How to Book with Us?<\/span><\/p><p style=\"box-sizing: inherit; margin-bottom: 1.5rem; font-family: 'Founders Grotesk', sans-serif;\">Write to us at\u00a0<strong><span style=\"box-sizing: inherit; font-size: 24pt;\"><span style=\"box-sizing: inherit;\"><a style=\"box-sizing: inherit; color: #000000; transition-property: all;\" rel=\"noopener\">hellocicerone@gmail.com<\/a><\/span><\/span><\/strong><\/p><p style=\"box-sizing: inherit; margin-bottom: 0.5rem; font-family: 'Founders Grotesk', sans-serif;\">Please mention the title of this tour, the number of participants in your group, and your preferred date to take the tour with us. We will get back to you as soon as possible with a personalized quote.<\/p>\t\t\t\t\t\t\t\t<\/div>\n\t\t\t\t<\/div>\n\t\t\t\t\t<\/div>\n\t\t<\/div>\n\t\t\t\t\t<\/div>\n\t\t<\/section>\n\t\t\t\t<\/div>\n\t\t","protected":false},"excerpt":{"rendered":"<p>Tours of the Alhambra for Groups with licensed English-speaking guides, timed-entry tickets managed for you, headsets on request, visit ~2.5\u20133h The monumental complex of the Alhambra and Generalife, declared World Heritage since 1984, has been a universal tourist attraction for centuries, attracting travellers from all over the globe. Cicerone Granada offers a guided tour for [&hellip;]<\/p>\n","protected":false},"author":3,"featured_media":1626,"parent":1582,"menu_order":1,"comment_status":"closed","ping_status":"closed","template":"page-visit-private-alhambra.php","meta":{"content-type":"","footnotes":""},"yoast_head":"<!-- This site is optimized with the Yoast SEO plugin v24.5 - https:\/\/yoast.com\/wordpress\/plugins\/seo\/ -->\n<title>Tours of the Alhambra for Groups | Cicerone Granada<\/title>\n<meta name=\"description\" content=\"Tours of the Alhambra for Groups with official guides. Request group rates and availability. Tickets management included.\" \/>\n<meta name=\"robots\" content=\"index, follow, max-snippet:-1, max-image-preview:large, max-video-preview:-1\" \/>\n<link rel=\"canonical\" href=\"https:\/\/www.ciceronegranada.com\/en\/groups-tours\/alhambra\/\" \/>\n<meta property=\"og:locale\" content=\"en_US\" \/>\n<meta property=\"og:type\" content=\"article\" \/>\n<meta property=\"og:title\" content=\"Tours of the Alhambra for Groups | Cicerone Granada\" \/>\n<meta property=\"og:description\" content=\"Tours of the Alhambra for Groups with official guides. Request group rates and availability. Tickets management included.\" \/>\n<meta property=\"og:url\" content=\"https:\/\/www.ciceronegranada.com\/en\/groups-tours\/alhambra\/\" \/>\n<meta property=\"og:site_name\" content=\"Visitas guiadas Granada y Alhambra | Gu\u00edas locales expertos\" \/>\n<meta property=\"article:modified_time\" content=\"2025-11-29T18:27:33+00:00\" \/>\n<meta property=\"og:image\" content=\"https:\/\/www.ciceronegranada.com\/wp-content\/uploads\/2019\/03\/Cicerone-Visita-granada-Albaicin.jpg?wsr\" \/>\n\t<meta property=\"og:image:width\" content=\"1000\" \/>\n\t<meta property=\"og:image:height\" content=\"648\" \/>\n\t<meta property=\"og:image:type\" content=\"image\/jpeg\" \/>\n<meta name=\"twitter:card\" content=\"summary_large_image\" \/>\n<meta name=\"twitter:label1\" content=\"Est. reading time\" \/>\n\t<meta name=\"twitter:data1\" content=\"2 minutes\" \/>\n<script type=\"application\/ld+json\" class=\"yoast-schema-graph\">{\"@context\":\"https:\/\/schema.org\",\"@graph\":[{\"@type\":\"WebPage\",\"@id\":\"https:\/\/www.ciceronegranada.com\/en\/groups-tours\/alhambra\/\",\"url\":\"https:\/\/www.ciceronegranada.com\/en\/groups-tours\/alhambra\/\",\"name\":\"Tours of the Alhambra for Groups | Cicerone Granada\",\"isPartOf\":{\"@id\":\"https:\/\/www.ciceronegranada.com\/en\/#website\"},\"primaryImageOfPage\":{\"@id\":\"https:\/\/www.ciceronegranada.com\/en\/groups-tours\/alhambra\/#primaryimage\"},\"image\":{\"@id\":\"https:\/\/www.ciceronegranada.com\/en\/groups-tours\/alhambra\/#primaryimage\"},\"thumbnailUrl\":\"https:\/\/www.ciceronegranada.com\/wp-content\/uploads\/2019\/03\/Cicerone-Visita-granada-Albaicin.jpg?wsr\",\"datePublished\":\"2019-03-13T12:23:52+00:00\",\"dateModified\":\"2025-11-29T18:27:33+00:00\",\"description\":\"Tours of the Alhambra for Groups with official guides. Request group rates and availability. Tickets management included.\",\"breadcrumb\":{\"@id\":\"https:\/\/www.ciceronegranada.com\/en\/groups-tours\/alhambra\/#breadcrumb\"},\"inLanguage\":\"en-US\",\"potentialAction\":[{\"@type\":\"ReadAction\",\"target\":[\"https:\/\/www.ciceronegranada.com\/en\/groups-tours\/alhambra\/\"]}]},{\"@type\":\"ImageObject\",\"inLanguage\":\"en-US\",\"@id\":\"https:\/\/www.ciceronegranada.com\/en\/groups-tours\/alhambra\/#primaryimage\",\"url\":\"https:\/\/www.ciceronegranada.com\/wp-content\/uploads\/2019\/03\/Cicerone-Visita-granada-Albaicin.jpg?wsr\",\"contentUrl\":\"https:\/\/www.ciceronegranada.com\/wp-content\/uploads\/2019\/03\/Cicerone-Visita-granada-Albaicin.jpg?wsr\",\"width\":1000,\"height\":648,\"caption\":\"Cicerone Visita granada Albaicin\"},{\"@type\":\"BreadcrumbList\",\"@id\":\"https:\/\/www.ciceronegranada.com\/en\/groups-tours\/alhambra\/#breadcrumb\",\"itemListElement\":[{\"@type\":\"ListItem\",\"position\":1,\"name\":\"Home\",\"item\":\"https:\/\/www.ciceronegranada.com\/en\/\"},{\"@type\":\"ListItem\",\"position\":2,\"name\":\"Granada tours\",\"item\":\"https:\/\/www.ciceronegranada.com\/en\/granada-tours\/\"},{\"@type\":\"ListItem\",\"position\":3,\"name\":\"Tours of Granada and Alhambra for groups\",\"item\":\"https:\/\/www.ciceronegranada.com\/en\/groups-tours\/\"},{\"@type\":\"ListItem\",\"position\":4,\"name\":\"Tours of the Alhambra for Groups (timed entry included when available)\"}]},{\"@type\":\"WebSite\",\"@id\":\"https:\/\/www.ciceronegranada.com\/en\/#website\",\"url\":\"https:\/\/www.ciceronegranada.com\/en\/\",\"name\":\"Visitas guiadas Granada y Alhambra | Gu\u00edas locales expertos\",\"description\":\"Visitas guiadas de Granada o la Alhambra con gu\u00edas locales expertos. Tours privados o en grupos reducidos para que no te pierdas ning\u00fan rinc\u00f3n de la ciudad.\",\"publisher\":{\"@id\":\"https:\/\/www.ciceronegranada.com\/en\/#organization\"},\"alternateName\":\"Visitas guiadas Granada y Alhambra | Cicerone Granada\",\"potentialAction\":[{\"@type\":\"SearchAction\",\"target\":{\"@type\":\"EntryPoint\",\"urlTemplate\":\"https:\/\/www.ciceronegranada.com\/en\/?s={search_term_string}\"},\"query-input\":{\"@type\":\"PropertyValueSpecification\",\"valueRequired\":true,\"valueName\":\"search_term_string\"}}],\"inLanguage\":\"en-US\"},{\"@type\":\"Organization\",\"@id\":\"https:\/\/www.ciceronegranada.com\/en\/#organization\",\"name\":\"CiceroneGranada\",\"url\":\"https:\/\/www.ciceronegranada.com\/en\/\",\"logo\":{\"@type\":\"ImageObject\",\"inLanguage\":\"en-US\",\"@id\":\"https:\/\/www.ciceronegranada.com\/en\/#\/schema\/logo\/image\/\",\"url\":\"https:\/\/www.ciceronegranada.com\/wp-content\/uploads\/2022\/09\/logo-cicerone-2022-black.png\",\"contentUrl\":\"https:\/\/www.ciceronegranada.com\/wp-content\/uploads\/2022\/09\/logo-cicerone-2022-black.png\",\"width\":1042,\"height\":217,\"caption\":\"CiceroneGranada\"},\"image\":{\"@id\":\"https:\/\/www.ciceronegranada.com\/en\/#\/schema\/logo\/image\/\"}}]}<\/script>\n<!-- \/ Yoast SEO plugin. -->","yoast_head_json":{"title":"Tours of the Alhambra for Groups | Cicerone Granada","description":"Tours of the Alhambra for Groups with official guides. Request group rates and availability. Tickets management included.","robots":{"index":"index","follow":"follow","max-snippet":"max-snippet:-1","max-image-preview":"max-image-preview:large","max-video-preview":"max-video-preview:-1"},"canonical":"https:\/\/www.ciceronegranada.com\/en\/groups-tours\/alhambra\/","og_locale":"en_US","og_type":"article","og_title":"Tours of the Alhambra for Groups | Cicerone Granada","og_description":"Tours of the Alhambra for Groups with official guides. Request group rates and availability. Tickets management included.","og_url":"https:\/\/www.ciceronegranada.com\/en\/groups-tours\/alhambra\/","og_site_name":"Visitas guiadas Granada y Alhambra | Gu\u00edas locales expertos","article_modified_time":"2025-11-29T18:27:33+00:00","og_image":[{"width":1000,"height":648,"url":"https:\/\/www.ciceronegranada.com\/wp-content\/uploads\/2019\/03\/Cicerone-Visita-granada-Albaicin.jpg?wsr","type":"image\/jpeg"}],"twitter_card":"summary_large_image","twitter_misc":{"Est. reading time":"2 minutes"},"schema":{"@context":"https:\/\/schema.org","@graph":[{"@type":"WebPage","@id":"https:\/\/www.ciceronegranada.com\/en\/groups-tours\/alhambra\/","url":"https:\/\/www.ciceronegranada.com\/en\/groups-tours\/alhambra\/","name":"Tours of the Alhambra for Groups | Cicerone Granada","isPartOf":{"@id":"https:\/\/www.ciceronegranada.com\/en\/#website"},"primaryImageOfPage":{"@id":"https:\/\/www.ciceronegranada.com\/en\/groups-tours\/alhambra\/#primaryimage"},"image":{"@id":"https:\/\/www.ciceronegranada.com\/en\/groups-tours\/alhambra\/#primaryimage"},"thumbnailUrl":"https:\/\/www.ciceronegranada.com\/wp-content\/uploads\/2019\/03\/Cicerone-Visita-granada-Albaicin.jpg?wsr","datePublished":"2019-03-13T12:23:52+00:00","dateModified":"2025-11-29T18:27:33+00:00","description":"Tours of the Alhambra for Groups with official guides. Request group rates and availability. Tickets management included.","breadcrumb":{"@id":"https:\/\/www.ciceronegranada.com\/en\/groups-tours\/alhambra\/#breadcrumb"},"inLanguage":"en-US","potentialAction":[{"@type":"ReadAction","target":["https:\/\/www.ciceronegranada.com\/en\/groups-tours\/alhambra\/"]}]},{"@type":"ImageObject","inLanguage":"en-US","@id":"https:\/\/www.ciceronegranada.com\/en\/groups-tours\/alhambra\/#primaryimage","url":"https:\/\/www.ciceronegranada.com\/wp-content\/uploads\/2019\/03\/Cicerone-Visita-granada-Albaicin.jpg?wsr","contentUrl":"https:\/\/www.ciceronegranada.com\/wp-content\/uploads\/2019\/03\/Cicerone-Visita-granada-Albaicin.jpg?wsr","width":1000,"height":648,"caption":"Cicerone Visita granada Albaicin"},{"@type":"BreadcrumbList","@id":"https:\/\/www.ciceronegranada.com\/en\/groups-tours\/alhambra\/#breadcrumb","itemListElement":[{"@type":"ListItem","position":1,"name":"Home","item":"https:\/\/www.ciceronegranada.com\/en\/"},{"@type":"ListItem","position":2,"name":"Granada tours","item":"https:\/\/www.ciceronegranada.com\/en\/granada-tours\/"},{"@type":"ListItem","position":3,"name":"Tours of Granada and Alhambra for groups","item":"https:\/\/www.ciceronegranada.com\/en\/groups-tours\/"},{"@type":"ListItem","position":4,"name":"Tours of the Alhambra for Groups (timed entry included when available)"}]},{"@type":"WebSite","@id":"https:\/\/www.ciceronegranada.com\/en\/#website","url":"https:\/\/www.ciceronegranada.com\/en\/","name":"Visitas guiadas Granada y Alhambra | Gu\u00edas locales expertos","description":"Visitas guiadas de Granada o la Alhambra con gu\u00edas locales expertos. Tours privados o en grupos reducidos para que no te pierdas ning\u00fan rinc\u00f3n de la ciudad.","publisher":{"@id":"https:\/\/www.ciceronegranada.com\/en\/#organization"},"alternateName":"Visitas guiadas Granada y Alhambra | Cicerone Granada","potentialAction":[{"@type":"SearchAction","target":{"@type":"EntryPoint","urlTemplate":"https:\/\/www.ciceronegranada.com\/en\/?s={search_term_string}"},"query-input":{"@type":"PropertyValueSpecification","valueRequired":true,"valueName":"search_term_string"}}],"inLanguage":"en-US"},{"@type":"Organization","@id":"https:\/\/www.ciceronegranada.com\/en\/#organization","name":"CiceroneGranada","url":"https:\/\/www.ciceronegranada.com\/en\/","logo":{"@type":"ImageObject","inLanguage":"en-US","@id":"https:\/\/www.ciceronegranada.com\/en\/#\/schema\/logo\/image\/","url":"https:\/\/www.ciceronegranada.com\/wp-content\/uploads\/2022\/09\/logo-cicerone-2022-black.png","contentUrl":"https:\/\/www.ciceronegranada.com\/wp-content\/uploads\/2022\/09\/logo-cicerone-2022-black.png","width":1042,"height":217,"caption":"CiceroneGranada"},"image":{"@id":"https:\/\/www.ciceronegranada.com\/en\/#\/schema\/logo\/image\/"}}]}},"_links":{"self":[{"href":"https:\/\/www.ciceronegranada.com\/en\/wp-json\/wp\/v2\/pages\/1824"}],"collection":[{"href":"https:\/\/www.ciceronegranada.com\/en\/wp-json\/wp\/v2\/pages"}],"about":[{"href":"https:\/\/www.ciceronegranada.com\/en\/wp-json\/wp\/v2\/types\/page"}],"author":[{"embeddable":true,"href":"https:\/\/www.ciceronegranada.com\/en\/wp-json\/wp\/v2\/users\/3"}],"replies":[{"embeddable":true,"href":"https:\/\/www.ciceronegranada.com\/en\/wp-json\/wp\/v2\/comments?post=1824"}],"version-history":[{"count":10,"href":"https:\/\/www.ciceronegranada.com\/en\/wp-json\/wp\/v2\/pages\/1824\/revisions"}],"predecessor-version":[{"id":20600,"href":"https:\/\/www.ciceronegranada.com\/en\/wp-json\/wp\/v2\/pages\/1824\/revisions\/20600"}],"up":[{"embeddable":true,"href":"https:\/\/www.ciceronegranada.com\/en\/wp-json\/wp\/v2\/pages\/1582"}],"wp:featuredmedia":[{"embeddable":true,"href":"https:\/\/www.ciceronegranada.com\/en\/wp-json\/wp\/v2\/media\/1626"}],"wp:attachment":[{"href":"https:\/\/www.ciceronegranada.com\/en\/wp-json\/wp\/v2\/media?parent=1824"}],"curies":[{"name":"wp","href":"https:\/\/api.w.org\/{rel}","templated":true}]}}