{"id":1822,"date":"2019-03-13T13:31:50","date_gmt":"2019-03-13T12:31:50","guid":{"rendered":"https:\/\/www.ciceronegranada.com\/granada-tours\/group-tours\/groups-granada\/"},"modified":"2025-11-29T19:29:54","modified_gmt":"2025-11-29T18:29:54","slug":"groups-granada","status":"publish","type":"page","link":"https:\/\/www.ciceronegranada.com\/en\/group-tours\/granada\/","title":{"rendered":"Granada city tours for Organized Groups."},"content":{"rendered":"\t\t<div data-elementor-type=\"wp-page\" data-elementor-id=\"1822\" class=\"elementor elementor-1822\" data-elementor-post-type=\"page\">\n\t\t\t\t\t\t<section class=\"elementor-section elementor-top-section elementor-element elementor-element-447c6a03 elementor-section-boxed elementor-section-height-default elementor-section-height-default\" data-id=\"447c6a03\" data-element_type=\"section\">\n\t\t\t\t\t\t<div class=\"elementor-container elementor-column-gap-default\">\n\t\t\t\t\t<div class=\"elementor-column elementor-col-100 elementor-top-column elementor-element elementor-element-353b684\" data-id=\"353b684\" data-element_type=\"column\">\n\t\t\t<div class=\"elementor-widget-wrap elementor-element-populated\">\n\t\t\t\t\t\t<div class=\"elementor-element elementor-element-1329964 elementor-widget elementor-widget-text-editor\" data-id=\"1329964\" data-element_type=\"widget\" data-widget_type=\"text-editor.default\">\n\t\t\t\t<div class=\"elementor-widget-container\">\n\t\t\t\t\t\t\t\t\t<p><a class=\"row-title\" href=\"https:\/\/www.ciceronegranada.com\/wp-admin\/post.php?post=1822&amp;action=edit&amp;lang=en\" aria-label=\"\u00abGranada city tours for Organized Groups.\u00bb (Editar)\">Granada<\/a><strong> city tours for Organized Groups\u00a0with official english speaking licensed guides<\/strong><\/p><p>City tours for groups are available as panoramic walks, neighborhood-focused routes or combined formats with coach panoramics and short walks. In our proposals, we explain how much walking each version involves, which areas are best for panoramic photo stops, and how we handle large groups in narrow streets. This allows you to choose the format that best matches your passengers\u2019 expectations, whether they prefer a gentle overview or a more in-depth walking experience.<\/p><div style=\"display: none;\">\u00a0<\/div>\t\t\t\t\t\t\t\t<\/div>\n\t\t\t\t<\/div>\n\t\t\t\t\t<\/div>\n\t\t<\/div>\n\t\t\t\t\t<\/div>\n\t\t<\/section>\n\t\t\t\t<\/div>\n\t\t","protected":false},"excerpt":{"rendered":"<p>Granada city tours for Organized Groups\u00a0with official english speaking licensed guides City tours for groups are available as panoramic walks, neighborhood-focused routes or combined formats with coach panoramics and short walks. In our proposals, we explain how much walking each version involves, which areas are best for panoramic photo stops, and how we handle large [&hellip;]<\/p>\n","protected":false},"author":3,"featured_media":1815,"parent":1582,"menu_order":0,"comment_status":"closed","ping_status":"closed","template":"page-walking-granada.php","meta":{"content-type":"","footnotes":""},"yoast_head":"<!-- This site is optimized with the Yoast SEO plugin v24.5 - https:\/\/yoast.com\/wordpress\/plugins\/seo\/ -->\n<title>Granada city tours for Organized Groups. | Cicerone<\/title>\n<meta name=\"description\" content=\"Granada city tours for Organized Groups. (Cathedral &amp; Royal Chapel, Albaic\u00edn viewpoints) with English-speaking guides.\" \/>\n<meta name=\"robots\" content=\"index, follow, max-snippet:-1, max-image-preview:large, max-video-preview:-1\" \/>\n<link rel=\"canonical\" href=\"https:\/\/www.ciceronegranada.com\/en\/group-tours\/granada\/\" \/>\n<meta property=\"og:locale\" content=\"en_US\" \/>\n<meta property=\"og:type\" content=\"article\" \/>\n<meta property=\"og:title\" content=\"Granada city tours for Organized Groups. | Cicerone\" \/>\n<meta property=\"og:description\" content=\"Granada city tours for Organized Groups. (Cathedral &amp; Royal Chapel, Albaic\u00edn viewpoints) with English-speaking guides.\" \/>\n<meta property=\"og:url\" content=\"https:\/\/www.ciceronegranada.com\/en\/group-tours\/granada\/\" \/>\n<meta property=\"og:site_name\" content=\"Visitas guiadas Granada y Alhambra | Gu\u00edas locales expertos\" \/>\n<meta property=\"article:modified_time\" content=\"2025-11-29T18:29:54+00:00\" \/>\n<meta property=\"og:image\" content=\"https:\/\/www.ciceronegranada.com\/wp-content\/uploads\/2019\/03\/albaicin-for-groups.jpg?wsr\" \/>\n\t<meta property=\"og:image:width\" content=\"1280\" \/>\n\t<meta property=\"og:image:height\" content=\"830\" \/>\n\t<meta property=\"og:image:type\" content=\"image\/jpeg\" \/>\n<meta name=\"twitter:card\" content=\"summary_large_image\" \/>\n<meta name=\"twitter:label1\" content=\"Est. reading time\" \/>\n\t<meta name=\"twitter:data1\" content=\"1 minute\" \/>\n<script type=\"application\/ld+json\" class=\"yoast-schema-graph\">{\"@context\":\"https:\/\/schema.org\",\"@graph\":[{\"@type\":\"WebPage\",\"@id\":\"https:\/\/www.ciceronegranada.com\/en\/group-tours\/granada\/\",\"url\":\"https:\/\/www.ciceronegranada.com\/en\/group-tours\/granada\/\",\"name\":\"Granada city tours for Organized Groups. | Cicerone\",\"isPartOf\":{\"@id\":\"https:\/\/www.ciceronegranada.com\/en\/#website\"},\"primaryImageOfPage\":{\"@id\":\"https:\/\/www.ciceronegranada.com\/en\/group-tours\/granada\/#primaryimage\"},\"image\":{\"@id\":\"https:\/\/www.ciceronegranada.com\/en\/group-tours\/granada\/#primaryimage\"},\"thumbnailUrl\":\"https:\/\/www.ciceronegranada.com\/wp-content\/uploads\/2019\/03\/albaicin-for-groups.jpg?wsr\",\"datePublished\":\"2019-03-13T12:31:50+00:00\",\"dateModified\":\"2025-11-29T18:29:54+00:00\",\"description\":\"Granada city tours for Organized Groups. (Cathedral & Royal Chapel, Albaic\u00edn viewpoints) with English-speaking guides.\",\"breadcrumb\":{\"@id\":\"https:\/\/www.ciceronegranada.com\/en\/group-tours\/granada\/#breadcrumb\"},\"inLanguage\":\"en-US\",\"potentialAction\":[{\"@type\":\"ReadAction\",\"target\":[\"https:\/\/www.ciceronegranada.com\/en\/group-tours\/granada\/\"]}]},{\"@type\":\"ImageObject\",\"inLanguage\":\"en-US\",\"@id\":\"https:\/\/www.ciceronegranada.com\/en\/group-tours\/granada\/#primaryimage\",\"url\":\"https:\/\/www.ciceronegranada.com\/wp-content\/uploads\/2019\/03\/albaicin-for-groups.jpg?wsr\",\"contentUrl\":\"https:\/\/www.ciceronegranada.com\/wp-content\/uploads\/2019\/03\/albaicin-for-groups.jpg?wsr\",\"width\":1280,\"height\":830,\"caption\":\"albaicin for groups\"},{\"@type\":\"BreadcrumbList\",\"@id\":\"https:\/\/www.ciceronegranada.com\/en\/group-tours\/granada\/#breadcrumb\",\"itemListElement\":[{\"@type\":\"ListItem\",\"position\":1,\"name\":\"Home\",\"item\":\"https:\/\/www.ciceronegranada.com\/en\/\"},{\"@type\":\"ListItem\",\"position\":2,\"name\":\"Granada tours\",\"item\":\"https:\/\/www.ciceronegranada.com\/en\/granada-tours\/\"},{\"@type\":\"ListItem\",\"position\":3,\"name\":\"Tours of Granada and Alhambra for groups\",\"item\":\"https:\/\/www.ciceronegranada.com\/en\/groups-tours\/\"},{\"@type\":\"ListItem\",\"position\":4,\"name\":\"Granada city tours for Organized Groups.\"}]},{\"@type\":\"WebSite\",\"@id\":\"https:\/\/www.ciceronegranada.com\/en\/#website\",\"url\":\"https:\/\/www.ciceronegranada.com\/en\/\",\"name\":\"Visitas guiadas Granada y Alhambra | Gu\u00edas locales expertos\",\"description\":\"Visitas guiadas de Granada o la Alhambra con gu\u00edas locales expertos. Tours privados o en grupos reducidos para que no te pierdas ning\u00fan rinc\u00f3n de la ciudad.\",\"publisher\":{\"@id\":\"https:\/\/www.ciceronegranada.com\/en\/#organization\"},\"alternateName\":\"Visitas guiadas Granada y Alhambra | Cicerone Granada\",\"potentialAction\":[{\"@type\":\"SearchAction\",\"target\":{\"@type\":\"EntryPoint\",\"urlTemplate\":\"https:\/\/www.ciceronegranada.com\/en\/?s={search_term_string}\"},\"query-input\":{\"@type\":\"PropertyValueSpecification\",\"valueRequired\":true,\"valueName\":\"search_term_string\"}}],\"inLanguage\":\"en-US\"},{\"@type\":\"Organization\",\"@id\":\"https:\/\/www.ciceronegranada.com\/en\/#organization\",\"name\":\"CiceroneGranada\",\"url\":\"https:\/\/www.ciceronegranada.com\/en\/\",\"logo\":{\"@type\":\"ImageObject\",\"inLanguage\":\"en-US\",\"@id\":\"https:\/\/www.ciceronegranada.com\/en\/#\/schema\/logo\/image\/\",\"url\":\"https:\/\/www.ciceronegranada.com\/wp-content\/uploads\/2022\/09\/logo-cicerone-2022-black.png\",\"contentUrl\":\"https:\/\/www.ciceronegranada.com\/wp-content\/uploads\/2022\/09\/logo-cicerone-2022-black.png\",\"width\":1042,\"height\":217,\"caption\":\"CiceroneGranada\"},\"image\":{\"@id\":\"https:\/\/www.ciceronegranada.com\/en\/#\/schema\/logo\/image\/\"}}]}<\/script>\n<!-- \/ Yoast SEO plugin. -->","yoast_head_json":{"title":"Granada city tours for Organized Groups. | Cicerone","description":"Granada city tours for Organized Groups. (Cathedral & Royal Chapel, Albaic\u00edn viewpoints) with English-speaking guides.","robots":{"index":"index","follow":"follow","max-snippet":"max-snippet:-1","max-image-preview":"max-image-preview:large","max-video-preview":"max-video-preview:-1"},"canonical":"https:\/\/www.ciceronegranada.com\/en\/group-tours\/granada\/","og_locale":"en_US","og_type":"article","og_title":"Granada city tours for Organized Groups. | Cicerone","og_description":"Granada city tours for Organized Groups. (Cathedral & Royal Chapel, Albaic\u00edn viewpoints) with English-speaking guides.","og_url":"https:\/\/www.ciceronegranada.com\/en\/group-tours\/granada\/","og_site_name":"Visitas guiadas Granada y Alhambra | Gu\u00edas locales expertos","article_modified_time":"2025-11-29T18:29:54+00:00","og_image":[{"width":1280,"height":830,"url":"https:\/\/www.ciceronegranada.com\/wp-content\/uploads\/2019\/03\/albaicin-for-groups.jpg?wsr","type":"image\/jpeg"}],"twitter_card":"summary_large_image","twitter_misc":{"Est. reading time":"1 minute"},"schema":{"@context":"https:\/\/schema.org","@graph":[{"@type":"WebPage","@id":"https:\/\/www.ciceronegranada.com\/en\/group-tours\/granada\/","url":"https:\/\/www.ciceronegranada.com\/en\/group-tours\/granada\/","name":"Granada city tours for Organized Groups. | Cicerone","isPartOf":{"@id":"https:\/\/www.ciceronegranada.com\/en\/#website"},"primaryImageOfPage":{"@id":"https:\/\/www.ciceronegranada.com\/en\/group-tours\/granada\/#primaryimage"},"image":{"@id":"https:\/\/www.ciceronegranada.com\/en\/group-tours\/granada\/#primaryimage"},"thumbnailUrl":"https:\/\/www.ciceronegranada.com\/wp-content\/uploads\/2019\/03\/albaicin-for-groups.jpg?wsr","datePublished":"2019-03-13T12:31:50+00:00","dateModified":"2025-11-29T18:29:54+00:00","description":"Granada city tours for Organized Groups. (Cathedral & Royal Chapel, Albaic\u00edn viewpoints) with English-speaking guides.","breadcrumb":{"@id":"https:\/\/www.ciceronegranada.com\/en\/group-tours\/granada\/#breadcrumb"},"inLanguage":"en-US","potentialAction":[{"@type":"ReadAction","target":["https:\/\/www.ciceronegranada.com\/en\/group-tours\/granada\/"]}]},{"@type":"ImageObject","inLanguage":"en-US","@id":"https:\/\/www.ciceronegranada.com\/en\/group-tours\/granada\/#primaryimage","url":"https:\/\/www.ciceronegranada.com\/wp-content\/uploads\/2019\/03\/albaicin-for-groups.jpg?wsr","contentUrl":"https:\/\/www.ciceronegranada.com\/wp-content\/uploads\/2019\/03\/albaicin-for-groups.jpg?wsr","width":1280,"height":830,"caption":"albaicin for groups"},{"@type":"BreadcrumbList","@id":"https:\/\/www.ciceronegranada.com\/en\/group-tours\/granada\/#breadcrumb","itemListElement":[{"@type":"ListItem","position":1,"name":"Home","item":"https:\/\/www.ciceronegranada.com\/en\/"},{"@type":"ListItem","position":2,"name":"Granada tours","item":"https:\/\/www.ciceronegranada.com\/en\/granada-tours\/"},{"@type":"ListItem","position":3,"name":"Tours of Granada and Alhambra for groups","item":"https:\/\/www.ciceronegranada.com\/en\/groups-tours\/"},{"@type":"ListItem","position":4,"name":"Granada city tours for Organized Groups."}]},{"@type":"WebSite","@id":"https:\/\/www.ciceronegranada.com\/en\/#website","url":"https:\/\/www.ciceronegranada.com\/en\/","name":"Visitas guiadas Granada y Alhambra | Gu\u00edas locales expertos","description":"Visitas guiadas de Granada o la Alhambra con gu\u00edas locales expertos. Tours privados o en grupos reducidos para que no te pierdas ning\u00fan rinc\u00f3n de la ciudad.","publisher":{"@id":"https:\/\/www.ciceronegranada.com\/en\/#organization"},"alternateName":"Visitas guiadas Granada y Alhambra | Cicerone Granada","potentialAction":[{"@type":"SearchAction","target":{"@type":"EntryPoint","urlTemplate":"https:\/\/www.ciceronegranada.com\/en\/?s={search_term_string}"},"query-input":{"@type":"PropertyValueSpecification","valueRequired":true,"valueName":"search_term_string"}}],"inLanguage":"en-US"},{"@type":"Organization","@id":"https:\/\/www.ciceronegranada.com\/en\/#organization","name":"CiceroneGranada","url":"https:\/\/www.ciceronegranada.com\/en\/","logo":{"@type":"ImageObject","inLanguage":"en-US","@id":"https:\/\/www.ciceronegranada.com\/en\/#\/schema\/logo\/image\/","url":"https:\/\/www.ciceronegranada.com\/wp-content\/uploads\/2022\/09\/logo-cicerone-2022-black.png","contentUrl":"https:\/\/www.ciceronegranada.com\/wp-content\/uploads\/2022\/09\/logo-cicerone-2022-black.png","width":1042,"height":217,"caption":"CiceroneGranada"},"image":{"@id":"https:\/\/www.ciceronegranada.com\/en\/#\/schema\/logo\/image\/"}}]}},"_links":{"self":[{"href":"https:\/\/www.ciceronegranada.com\/en\/wp-json\/wp\/v2\/pages\/1822"}],"collection":[{"href":"https:\/\/www.ciceronegranada.com\/en\/wp-json\/wp\/v2\/pages"}],"about":[{"href":"https:\/\/www.ciceronegranada.com\/en\/wp-json\/wp\/v2\/types\/page"}],"author":[{"embeddable":true,"href":"https:\/\/www.ciceronegranada.com\/en\/wp-json\/wp\/v2\/users\/3"}],"replies":[{"embeddable":true,"href":"https:\/\/www.ciceronegranada.com\/en\/wp-json\/wp\/v2\/comments?post=1822"}],"version-history":[{"count":10,"href":"https:\/\/www.ciceronegranada.com\/en\/wp-json\/wp\/v2\/pages\/1822\/revisions"}],"predecessor-version":[{"id":20603,"href":"https:\/\/www.ciceronegranada.com\/en\/wp-json\/wp\/v2\/pages\/1822\/revisions\/20603"}],"up":[{"embeddable":true,"href":"https:\/\/www.ciceronegranada.com\/en\/wp-json\/wp\/v2\/pages\/1582"}],"wp:featuredmedia":[{"embeddable":true,"href":"https:\/\/www.ciceronegranada.com\/en\/wp-json\/wp\/v2\/media\/1815"}],"wp:attachment":[{"href":"https:\/\/www.ciceronegranada.com\/en\/wp-json\/wp\/v2\/media?parent=1822"}],"curies":[{"name":"wp","href":"https:\/\/api.w.org\/{rel}","templated":true}]}}