{"id":1585,"date":"2019-03-14T18:39:58","date_gmt":"2019-03-14T17:39:58","guid":{"rendered":"https:\/\/www.ciceronegranada.com\/granada-tours\/student-tours\/student-tours-granada\/"},"modified":"2025-11-29T19:16:45","modified_gmt":"2025-11-29T18:16:45","slug":"students-tours-granada","status":"publish","type":"page","link":"https:\/\/www.ciceronegranada.com\/en\/students-tours\/granada\/","title":{"rendered":"Educational Tours Granada for Students"},"content":{"rendered":"\t\t<div data-elementor-type=\"wp-page\" data-elementor-id=\"1585\" class=\"elementor elementor-1585 elementor-1564\" data-elementor-post-type=\"page\">\n\t\t\t\t\t\t<section class=\"elementor-section elementor-top-section elementor-element elementor-element-6bb915bd elementor-section-boxed elementor-section-height-default elementor-section-height-default\" data-id=\"6bb915bd\" data-element_type=\"section\">\n\t\t\t\t\t\t<div class=\"elementor-container elementor-column-gap-default\">\n\t\t\t\t\t<div class=\"elementor-column elementor-col-100 elementor-top-column elementor-element elementor-element-ef4c007\" data-id=\"ef4c007\" data-element_type=\"column\">\n\t\t\t<div class=\"elementor-widget-wrap elementor-element-populated\">\n\t\t\t\t\t\t<div class=\"elementor-element elementor-element-4b5f371a elementor-widget elementor-widget-text-editor\" data-id=\"4b5f371a\" data-element_type=\"widget\" data-widget_type=\"text-editor.default\">\n\t\t\t\t<div class=\"elementor-widget-container\">\n\t\t\t\t\t\t\t\t\t<p>These educational tours Granada for students turn Granada into an educational resource to learn about the city\u2019s natural, artistic, historical and heritage value. The different pedagogical tours have been programmed so that they can be integrated in the school curriculum of secondary or high school education, between the ages of 12 to 18. Curriculum-friendly for school groups.\u00a0<\/p><p>The walks run through the urban fabric of the city of Granada. Almost all tours are through pedestrianized spaces.<\/p><p>Our educational tours of Granada\u2019s historic center are structured so that students can visualize the city\u2019s evolution from its Islamic past through the Christian conquest and into the modern era. We clearly indicate suggested group size per guide, approximate walking time, and the balance between explanations and interactive moments, so group leaders know what to expect. Routes can be shortened, extended or adapted to specific topics such as religious coexistence, urban planning or everyday life in different periods.<\/p><h2>Pedagogical tours in Granada for students<\/h2><p>You can choose from six different tours:<\/p><p><span style=\"font-size: 24pt;\">How to Book with Us?<\/span><\/p><p>Write to us at\u00a0<span style=\"font-size: 24pt;\"><strong><a rel=\"noopener\">hellocicerone@gmail.com<\/a><\/strong><\/span><\/p><p>Please mention the title of your wished tour, the number of participants in your group, ages, and your preferred date to take the tour with us. We will get back to you as soon as possible with a personalized quote.<\/p><h3 id=\"transformations\">Central Granada and urban transformations following the conquest of 1492<\/h3><p><img fetchpriority=\"high\" decoding=\"async\" class=\"wp-image-2013 alignleft\" src=\"https:\/\/www.ciceronegranada.com\/wp-content\/uploads\/2019\/03\/alcaiceria.jpg\" alt=\"Alcaiceria\" width=\"450\" height=\"292\" srcset=\"https:\/\/www.ciceronegranada.com\/wp-content\/uploads\/2019\/03\/alcaiceria.jpg 1280w, https:\/\/www.ciceronegranada.com\/wp-content\/uploads\/2019\/03\/alcaiceria-450x292.jpg 450w, https:\/\/www.ciceronegranada.com\/wp-content\/uploads\/2019\/03\/alcaiceria-768x498.jpg 768w, https:\/\/www.ciceronegranada.com\/wp-content\/uploads\/2019\/03\/alcaiceria-963x624.jpg 963w, https:\/\/www.ciceronegranada.com\/wp-content\/uploads\/2019\/03\/alcaiceria-415x268.jpg 415w\" sizes=\"(max-width: 450px) 100vw, 450px\" \/>We have designed this tour to show students the different changes and urban transformations that have taken place in Granada since the 14th century in the splendor of the Nasrid kingdom until the present day, the most important ones being those that took place following the arrival of Christianity with the Catholic Monarchs.<br \/>This rich itinerary will take students through the most emblematic buildings and streets of the Historical Centre and the Albaic\u00edn. An interesting walk through which our professionals will guide students from the traces of the Middle Ages to the dawn of modernity.<\/p><h3 id=\"history\">Granada, A Thousand Years of History<\/h3><p><img decoding=\"async\" class=\" wp-image-1848 alignleft\" src=\"https:\/\/www.ciceronegranada.com\/wp-content\/uploads\/2019\/03\/albaicin-twilight-tour-1.jpg\" alt=\"Albaicin house\" width=\"450\" height=\"292\" srcset=\"https:\/\/www.ciceronegranada.com\/wp-content\/uploads\/2019\/03\/albaicin-twilight-tour-1.jpg 1280w, https:\/\/www.ciceronegranada.com\/wp-content\/uploads\/2019\/03\/albaicin-twilight-tour-1-768x498.jpg 768w, https:\/\/www.ciceronegranada.com\/wp-content\/uploads\/2019\/03\/albaicin-twilight-tour-1-963x624.jpg 963w, https:\/\/www.ciceronegranada.com\/wp-content\/uploads\/2019\/03\/albaicin-twilight-tour-1-415x268.jpg 415w\" sizes=\"(max-width: 450px) 100vw, 450px\" \/>A guided tour in Granada\u2019s most emblematic and famous quarter, the true origin of the city and where Granada\u2019s Muslim heritage is still recognized. This route shows the students the most important events in this long history: the cultural splendor of the Zir\u00ed and Nasrid kingdoms in Granada, the Conquest of the city, the Alhambra and the Generalife, the tragedy of the Moors, characteristics of the Muslim city, the importance of the mosques, trade and crafts, the traditions and lifestyles of its inhabitants, its urban structure and the water system, the Mud\u00e9jar in Granada&#8230; the political projects of the Catholic Monarchs and the Emperor Carlos for the city. In short, the city of Granada the past and now.<\/p><h3 id=\"heritage\">Lower Albaic\u00edn, Heritage of All<\/h3><p><img decoding=\"async\" class=\" wp-image-5531 alignleft\" src=\"https:\/\/www.ciceronegranada.com\/wp-content\/uploads\/2020\/03\/carvajales-viewpoint-must-see-in-granada-1.jpg\" alt=\"\" width=\"450\" height=\"241\" \/>This itinerary aims to teach students the important heritage values of this district, declared a World Cultural Heritage site by UNESCO. We walk around its narrow and labyrinthine streets, delving into its very heart. We show the elements that best identify it today: sections of the wall, the representative cisterns, landscaped gardens and traditional houses, urban framework, small and intimate squares, impressive landscapes, parish churches, preserved minarets, panoramic view of the Alhambra, etc.<\/p><h3 id=\"albaicin\">History of Granada in the Albaic\u00edn and Sacromonte<\/h3><p><img loading=\"lazy\" decoding=\"async\" class=\" wp-image-1480 alignleft\" src=\"https:\/\/www.ciceronegranada.com\/wp-content\/uploads\/2019\/03\/visita-albaicin-granada.jpg\" alt=\"Visita Albaic\u00edn\" width=\"450\" height=\"284\" srcset=\"https:\/\/www.ciceronegranada.com\/wp-content\/uploads\/2019\/03\/visita-albaicin-granada.jpg 802w, https:\/\/www.ciceronegranada.com\/wp-content\/uploads\/2019\/03\/visita-albaicin-granada-768x485.jpg 768w\" sizes=\"(max-width: 450px) 100vw, 450px\" \/>Because of its educational content, one of the most requested tours is the Albaic\u00edn and Sacromonte one. A tour aimed at getting to know the most genuine districts of Granada, understanding how the Arab legacy persists in our times, as well as the cultural merger of our streets replete with history.<br \/>We will enter the Sacromonte district and its hillside caves, with its songs and its people, the Andalusian traditions and the Andalusian legacy still present today after centuries full of historical landmarks, and the magnificent views of the Alhambra and its natural environment, and the Sierra Nevada that will make this walk a perfect resource to enrich the student and please the teachers.<\/p><h3 id=\"isabella\">Isabella the Catholic in Granada<\/h3><p><img loading=\"lazy\" decoding=\"async\" class=\" wp-image-1813 alignleft\" src=\"https:\/\/www.ciceronegranada.com\/wp-content\/uploads\/2019\/03\/lugares-isabel-granada.jpg\" alt=\"Lugares de Isabel en Granada\" width=\"450\" height=\"291\" srcset=\"https:\/\/www.ciceronegranada.com\/wp-content\/uploads\/2019\/03\/lugares-isabel-granada.jpg 1000w, https:\/\/www.ciceronegranada.com\/wp-content\/uploads\/2019\/03\/lugares-isabel-granada-768x498.jpg 768w, https:\/\/www.ciceronegranada.com\/wp-content\/uploads\/2019\/03\/lugares-isabel-granada-963x624.jpg 963w, https:\/\/www.ciceronegranada.com\/wp-content\/uploads\/2019\/03\/lugares-isabel-granada-415x268.jpg 415w\" sizes=\"(max-width: 450px) 100vw, 450px\" \/>The passage of Isabella The Catholic through the history of Granada was one of the most important events that has taken place in the last centuries. This tour, whose historical content is so very relevant on a teaching level, is designed so that students will be able to understand why Spain became one of the most powerful kingdoms in history and how the queen promoted the great changes towards modernity in the city and the country thanks to her unquestionable courage and strong personality.<\/p><p>The tour proposes a journey through the most important places where the Queen of Castile left her permanent mark. The Palace of Bibataub\u00edn, the Madraza, the Royal Room of Santo Domingo and the Church of Santo Domingo are some of the monuments where she left her mark. During the visit, we will learn how the controversial Queen Castellana ended up fusing with the city, where she poured out her wishes and desires.<\/p><h3 id=\"cathedral\">Cathedral Complex<\/h3><p><img loading=\"lazy\" decoding=\"async\" class=\" wp-image-1600 alignleft\" src=\"https:\/\/www.ciceronegranada.com\/wp-content\/uploads\/2019\/03\/Cicerone-Visita-granada-Catedral-Interior.jpg\" alt=\"\" width=\"450\" height=\"291\" srcset=\"https:\/\/www.ciceronegranada.com\/wp-content\/uploads\/2019\/03\/Cicerone-Visita-granada-Catedral-Interior.jpg 1000w, https:\/\/www.ciceronegranada.com\/wp-content\/uploads\/2019\/03\/Cicerone-Visita-granada-Catedral-Interior-450x292.jpg 450w, https:\/\/www.ciceronegranada.com\/wp-content\/uploads\/2019\/03\/Cicerone-Visita-granada-Catedral-Interior-768x498.jpg 768w, https:\/\/www.ciceronegranada.com\/wp-content\/uploads\/2019\/03\/Cicerone-Visita-granada-Catedral-Interior-963x624.jpg 963w, https:\/\/www.ciceronegranada.com\/wp-content\/uploads\/2019\/03\/Cicerone-Visita-granada-Catedral-Interior-415x268.jpg 415w\" sizes=\"(max-width: 450px) 100vw, 450px\" \/>We offer students this guided tour inside the Cathedral and the Royal Chapel of Granada, where students will learn the architectural knowledge of both monuments and all their artistic elements.<\/p><p>The students will discover the importance of the location of the monuments and how the elements relate to each other.<br \/>Gothic and Renaissance style architectural emblems in Granada acquire added importance by closing the passage from the Middle Ages to the Modern Age with a golden clasp.<\/p><p>Inside, the remains of Isabella the Catholic and Fernando II, sovereigns of the Crown of Castile from the 15th to the 16th century in Granada, as well as Juana the Mad (Juana La Loca) and Felipe the Handsome (Felipe el Hermoso).<\/p><ul><li style=\"list-style-type: none;\">\u00a0<\/li><\/ul><h2 id=\"objetivos\"><strong>Objectives of the educational tours of Granada<\/strong><\/h2><ul><li style=\"list-style-type: none;\"><ul><li>To acquire and\/or strengthen the historical knowledge of the city of Granada and its origin<\/li><li>To bring the student closer to the reality of the different cultures that live and coexist in the city of Granada.<\/li><li>To get to know the most relevant historical figures in the history of Granada.<\/li><li>To promote respect, coexistence and participation, as well as the ability to observe and listen to the environment.<\/li><li>To enhance the ability to enjoy the environment in which the tour takes place, using all the senses.<\/li><li>To learn the basic specific vocabulary.<\/li><li>To recognize the transformations throughout history and the changes in the use and function of different spaces.<\/li><li>To learn about the architectural differences between the different monuments, from the Gothic to the Renaissance style, among others.<\/li><li>To understand the need and usefulness of conserving the natural and historical environment.you<\/li><\/ul><\/li><\/ul>\t\t\t\t\t\t\t\t<\/div>\n\t\t\t\t<\/div>\n\t\t\t\t\t<\/div>\n\t\t<\/div>\n\t\t\t\t\t<\/div>\n\t\t<\/section>\n\t\t\t\t<\/div>\n\t\t","protected":false},"excerpt":{"rendered":"<p>These educational tours Granada for students turn Granada into an educational resource to learn about the city\u2019s natural, artistic, historical and heritage value. The different pedagogical tours have been programmed so that they can be integrated in the school curriculum of secondary or high school education, between the ages of 12 to 18. Curriculum-friendly for [&hellip;]<\/p>\n","protected":false},"author":3,"featured_media":1632,"parent":1584,"menu_order":3,"comment_status":"closed","ping_status":"closed","template":"page-visit-detail-school.php","meta":{"content-type":"","footnotes":""},"yoast_head":"<!-- This site is optimized with the Yoast SEO plugin v24.5 - https:\/\/yoast.com\/wordpress\/plugins\/seo\/ -->\n<title>Educational Tours Granada for Students | Cicerone<\/title>\n<meta name=\"description\" content=\"Educational tours Granada for students. Request a quote for your school group. An educational resource to learn about Granada.\" \/>\n<meta name=\"robots\" content=\"index, follow, max-snippet:-1, max-image-preview:large, max-video-preview:-1\" \/>\n<link rel=\"canonical\" href=\"https:\/\/www.ciceronegranada.com\/en\/students-tours\/granada\/\" \/>\n<meta property=\"og:locale\" content=\"en_US\" \/>\n<meta property=\"og:type\" content=\"article\" \/>\n<meta property=\"og:title\" content=\"Educational Tours Granada for Students | Cicerone\" \/>\n<meta property=\"og:description\" content=\"Educational tours Granada for students. Request a quote for your school group. An educational resource to learn about Granada.\" \/>\n<meta property=\"og:url\" content=\"https:\/\/www.ciceronegranada.com\/en\/students-tours\/granada\/\" \/>\n<meta property=\"og:site_name\" content=\"Visitas guiadas Granada y Alhambra | Gu\u00edas locales expertos\" \/>\n<meta property=\"article:modified_time\" content=\"2025-11-29T18:16:45+00:00\" \/>\n<meta property=\"og:image\" content=\"https:\/\/www.ciceronegranada.com\/wp-content\/uploads\/2019\/03\/Cicerone-Visita-granada-escolares-01.jpg?wsr\" \/>\n\t<meta property=\"og:image:width\" content=\"1000\" \/>\n\t<meta property=\"og:image:height\" content=\"648\" \/>\n\t<meta property=\"og:image:type\" content=\"image\/jpeg\" \/>\n<meta name=\"twitter:card\" content=\"summary_large_image\" \/>\n<meta name=\"twitter:label1\" content=\"Est. reading time\" \/>\n\t<meta name=\"twitter:data1\" content=\"6 minutes\" \/>\n<script type=\"application\/ld+json\" class=\"yoast-schema-graph\">{\"@context\":\"https:\/\/schema.org\",\"@graph\":[{\"@type\":\"WebPage\",\"@id\":\"https:\/\/www.ciceronegranada.com\/en\/students-tours\/granada\/\",\"url\":\"https:\/\/www.ciceronegranada.com\/en\/students-tours\/granada\/\",\"name\":\"Educational Tours Granada for Students | Cicerone\",\"isPartOf\":{\"@id\":\"https:\/\/www.ciceronegranada.com\/en\/#website\"},\"primaryImageOfPage\":{\"@id\":\"https:\/\/www.ciceronegranada.com\/en\/students-tours\/granada\/#primaryimage\"},\"image\":{\"@id\":\"https:\/\/www.ciceronegranada.com\/en\/students-tours\/granada\/#primaryimage\"},\"thumbnailUrl\":\"https:\/\/www.ciceronegranada.com\/wp-content\/uploads\/2019\/03\/Cicerone-Visita-granada-escolares-01.jpg?wsr\",\"datePublished\":\"2019-03-14T17:39:58+00:00\",\"dateModified\":\"2025-11-29T18:16:45+00:00\",\"description\":\"Educational tours Granada for students. Request a quote for your school group. An educational resource to learn about Granada.\",\"breadcrumb\":{\"@id\":\"https:\/\/www.ciceronegranada.com\/en\/students-tours\/granada\/#breadcrumb\"},\"inLanguage\":\"en-US\",\"potentialAction\":[{\"@type\":\"ReadAction\",\"target\":[\"https:\/\/www.ciceronegranada.com\/en\/students-tours\/granada\/\"]}]},{\"@type\":\"ImageObject\",\"inLanguage\":\"en-US\",\"@id\":\"https:\/\/www.ciceronegranada.com\/en\/students-tours\/granada\/#primaryimage\",\"url\":\"https:\/\/www.ciceronegranada.com\/wp-content\/uploads\/2019\/03\/Cicerone-Visita-granada-escolares-01.jpg?wsr\",\"contentUrl\":\"https:\/\/www.ciceronegranada.com\/wp-content\/uploads\/2019\/03\/Cicerone-Visita-granada-escolares-01.jpg?wsr\",\"width\":1000,\"height\":648,\"caption\":\"Cicerone Visita granada escolares 01\"},{\"@type\":\"BreadcrumbList\",\"@id\":\"https:\/\/www.ciceronegranada.com\/en\/students-tours\/granada\/#breadcrumb\",\"itemListElement\":[{\"@type\":\"ListItem\",\"position\":1,\"name\":\"Home\",\"item\":\"https:\/\/www.ciceronegranada.com\/en\/\"},{\"@type\":\"ListItem\",\"position\":2,\"name\":\"Granada tours\",\"item\":\"https:\/\/www.ciceronegranada.com\/en\/granada-tours\/\"},{\"@type\":\"ListItem\",\"position\":3,\"name\":\"Granada Tours and Alhambra tours for students\",\"item\":\"https:\/\/www.ciceronegranada.com\/en\/students-tours\/\"},{\"@type\":\"ListItem\",\"position\":4,\"name\":\"Educational Tours Granada for Students\"}]},{\"@type\":\"WebSite\",\"@id\":\"https:\/\/www.ciceronegranada.com\/en\/#website\",\"url\":\"https:\/\/www.ciceronegranada.com\/en\/\",\"name\":\"Visitas guiadas Granada y Alhambra | Gu\u00edas locales expertos\",\"description\":\"Visitas guiadas de Granada o la Alhambra con gu\u00edas locales expertos. Tours privados o en grupos reducidos para que no te pierdas ning\u00fan rinc\u00f3n de la ciudad.\",\"publisher\":{\"@id\":\"https:\/\/www.ciceronegranada.com\/en\/#organization\"},\"alternateName\":\"Visitas guiadas Granada y Alhambra | Cicerone Granada\",\"potentialAction\":[{\"@type\":\"SearchAction\",\"target\":{\"@type\":\"EntryPoint\",\"urlTemplate\":\"https:\/\/www.ciceronegranada.com\/en\/?s={search_term_string}\"},\"query-input\":{\"@type\":\"PropertyValueSpecification\",\"valueRequired\":true,\"valueName\":\"search_term_string\"}}],\"inLanguage\":\"en-US\"},{\"@type\":\"Organization\",\"@id\":\"https:\/\/www.ciceronegranada.com\/en\/#organization\",\"name\":\"CiceroneGranada\",\"url\":\"https:\/\/www.ciceronegranada.com\/en\/\",\"logo\":{\"@type\":\"ImageObject\",\"inLanguage\":\"en-US\",\"@id\":\"https:\/\/www.ciceronegranada.com\/en\/#\/schema\/logo\/image\/\",\"url\":\"https:\/\/www.ciceronegranada.com\/wp-content\/uploads\/2022\/09\/logo-cicerone-2022-black.png\",\"contentUrl\":\"https:\/\/www.ciceronegranada.com\/wp-content\/uploads\/2022\/09\/logo-cicerone-2022-black.png\",\"width\":1042,\"height\":217,\"caption\":\"CiceroneGranada\"},\"image\":{\"@id\":\"https:\/\/www.ciceronegranada.com\/en\/#\/schema\/logo\/image\/\"}}]}<\/script>\n<!-- \/ Yoast SEO plugin. -->","yoast_head_json":{"title":"Educational Tours Granada for Students | Cicerone","description":"Educational tours Granada for students. Request a quote for your school group. An educational resource to learn about Granada.","robots":{"index":"index","follow":"follow","max-snippet":"max-snippet:-1","max-image-preview":"max-image-preview:large","max-video-preview":"max-video-preview:-1"},"canonical":"https:\/\/www.ciceronegranada.com\/en\/students-tours\/granada\/","og_locale":"en_US","og_type":"article","og_title":"Educational Tours Granada for Students | Cicerone","og_description":"Educational tours Granada for students. Request a quote for your school group. An educational resource to learn about Granada.","og_url":"https:\/\/www.ciceronegranada.com\/en\/students-tours\/granada\/","og_site_name":"Visitas guiadas Granada y Alhambra | Gu\u00edas locales expertos","article_modified_time":"2025-11-29T18:16:45+00:00","og_image":[{"width":1000,"height":648,"url":"https:\/\/www.ciceronegranada.com\/wp-content\/uploads\/2019\/03\/Cicerone-Visita-granada-escolares-01.jpg?wsr","type":"image\/jpeg"}],"twitter_card":"summary_large_image","twitter_misc":{"Est. reading time":"6 minutes"},"schema":{"@context":"https:\/\/schema.org","@graph":[{"@type":"WebPage","@id":"https:\/\/www.ciceronegranada.com\/en\/students-tours\/granada\/","url":"https:\/\/www.ciceronegranada.com\/en\/students-tours\/granada\/","name":"Educational Tours Granada for Students | Cicerone","isPartOf":{"@id":"https:\/\/www.ciceronegranada.com\/en\/#website"},"primaryImageOfPage":{"@id":"https:\/\/www.ciceronegranada.com\/en\/students-tours\/granada\/#primaryimage"},"image":{"@id":"https:\/\/www.ciceronegranada.com\/en\/students-tours\/granada\/#primaryimage"},"thumbnailUrl":"https:\/\/www.ciceronegranada.com\/wp-content\/uploads\/2019\/03\/Cicerone-Visita-granada-escolares-01.jpg?wsr","datePublished":"2019-03-14T17:39:58+00:00","dateModified":"2025-11-29T18:16:45+00:00","description":"Educational tours Granada for students. Request a quote for your school group. An educational resource to learn about Granada.","breadcrumb":{"@id":"https:\/\/www.ciceronegranada.com\/en\/students-tours\/granada\/#breadcrumb"},"inLanguage":"en-US","potentialAction":[{"@type":"ReadAction","target":["https:\/\/www.ciceronegranada.com\/en\/students-tours\/granada\/"]}]},{"@type":"ImageObject","inLanguage":"en-US","@id":"https:\/\/www.ciceronegranada.com\/en\/students-tours\/granada\/#primaryimage","url":"https:\/\/www.ciceronegranada.com\/wp-content\/uploads\/2019\/03\/Cicerone-Visita-granada-escolares-01.jpg?wsr","contentUrl":"https:\/\/www.ciceronegranada.com\/wp-content\/uploads\/2019\/03\/Cicerone-Visita-granada-escolares-01.jpg?wsr","width":1000,"height":648,"caption":"Cicerone Visita granada escolares 01"},{"@type":"BreadcrumbList","@id":"https:\/\/www.ciceronegranada.com\/en\/students-tours\/granada\/#breadcrumb","itemListElement":[{"@type":"ListItem","position":1,"name":"Home","item":"https:\/\/www.ciceronegranada.com\/en\/"},{"@type":"ListItem","position":2,"name":"Granada tours","item":"https:\/\/www.ciceronegranada.com\/en\/granada-tours\/"},{"@type":"ListItem","position":3,"name":"Granada Tours and Alhambra tours for students","item":"https:\/\/www.ciceronegranada.com\/en\/students-tours\/"},{"@type":"ListItem","position":4,"name":"Educational Tours Granada for Students"}]},{"@type":"WebSite","@id":"https:\/\/www.ciceronegranada.com\/en\/#website","url":"https:\/\/www.ciceronegranada.com\/en\/","name":"Visitas guiadas Granada y Alhambra | Gu\u00edas locales expertos","description":"Visitas guiadas de Granada o la Alhambra con gu\u00edas locales expertos. Tours privados o en grupos reducidos para que no te pierdas ning\u00fan rinc\u00f3n de la ciudad.","publisher":{"@id":"https:\/\/www.ciceronegranada.com\/en\/#organization"},"alternateName":"Visitas guiadas Granada y Alhambra | Cicerone Granada","potentialAction":[{"@type":"SearchAction","target":{"@type":"EntryPoint","urlTemplate":"https:\/\/www.ciceronegranada.com\/en\/?s={search_term_string}"},"query-input":{"@type":"PropertyValueSpecification","valueRequired":true,"valueName":"search_term_string"}}],"inLanguage":"en-US"},{"@type":"Organization","@id":"https:\/\/www.ciceronegranada.com\/en\/#organization","name":"CiceroneGranada","url":"https:\/\/www.ciceronegranada.com\/en\/","logo":{"@type":"ImageObject","inLanguage":"en-US","@id":"https:\/\/www.ciceronegranada.com\/en\/#\/schema\/logo\/image\/","url":"https:\/\/www.ciceronegranada.com\/wp-content\/uploads\/2022\/09\/logo-cicerone-2022-black.png","contentUrl":"https:\/\/www.ciceronegranada.com\/wp-content\/uploads\/2022\/09\/logo-cicerone-2022-black.png","width":1042,"height":217,"caption":"CiceroneGranada"},"image":{"@id":"https:\/\/www.ciceronegranada.com\/en\/#\/schema\/logo\/image\/"}}]}},"_links":{"self":[{"href":"https:\/\/www.ciceronegranada.com\/en\/wp-json\/wp\/v2\/pages\/1585"}],"collection":[{"href":"https:\/\/www.ciceronegranada.com\/en\/wp-json\/wp\/v2\/pages"}],"about":[{"href":"https:\/\/www.ciceronegranada.com\/en\/wp-json\/wp\/v2\/types\/page"}],"author":[{"embeddable":true,"href":"https:\/\/www.ciceronegranada.com\/en\/wp-json\/wp\/v2\/users\/3"}],"replies":[{"embeddable":true,"href":"https:\/\/www.ciceronegranada.com\/en\/wp-json\/wp\/v2\/comments?post=1585"}],"version-history":[{"count":10,"href":"https:\/\/www.ciceronegranada.com\/en\/wp-json\/wp\/v2\/pages\/1585\/revisions"}],"predecessor-version":[{"id":20590,"href":"https:\/\/www.ciceronegranada.com\/en\/wp-json\/wp\/v2\/pages\/1585\/revisions\/20590"}],"up":[{"embeddable":true,"href":"https:\/\/www.ciceronegranada.com\/en\/wp-json\/wp\/v2\/pages\/1584"}],"wp:featuredmedia":[{"embeddable":true,"href":"https:\/\/www.ciceronegranada.com\/en\/wp-json\/wp\/v2\/media\/1632"}],"wp:attachment":[{"href":"https:\/\/www.ciceronegranada.com\/en\/wp-json\/wp\/v2\/media?parent=1585"}],"curies":[{"name":"wp","href":"https:\/\/api.w.org\/{rel}","templated":true}]}}