{"id":1582,"date":"2019-03-08T17:41:01","date_gmt":"2019-03-08T16:41:01","guid":{"rendered":"https:\/\/www.ciceronegranada.com\/granada-tours\/group-tours\/"},"modified":"2025-11-29T19:24:54","modified_gmt":"2025-11-29T18:24:54","slug":"groups-tours","status":"publish","type":"page","link":"https:\/\/www.ciceronegranada.com\/en\/groups-tours\/","title":{"rendered":"Tours of Granada and Alhambra for groups"},"content":{"rendered":"\t\t<div data-elementor-type=\"wp-page\" data-elementor-id=\"1582\" class=\"elementor elementor-1582 elementor-1377\" data-elementor-post-type=\"page\">\n\t\t\t\t\t\t<section class=\"elementor-section elementor-top-section elementor-element elementor-element-8c53cc5 elementor-section-boxed elementor-section-height-default elementor-section-height-default\" data-id=\"8c53cc5\" data-element_type=\"section\">\n\t\t\t\t\t\t<div class=\"elementor-container elementor-column-gap-default\">\n\t\t\t\t\t<div class=\"elementor-column elementor-col-100 elementor-top-column elementor-element elementor-element-b161212\" data-id=\"b161212\" data-element_type=\"column\">\n\t\t\t<div class=\"elementor-widget-wrap elementor-element-populated\">\n\t\t\t\t\t\t<div class=\"elementor-element elementor-element-dc886c8 elementor-widget elementor-widget-text-editor\" data-id=\"dc886c8\" data-element_type=\"widget\" data-widget_type=\"text-editor.default\">\n\t\t\t\t<div class=\"elementor-widget-container\">\n\t\t\t\t\t\t\t\t\t<p><strong data-start=\"303\" data-end=\"326\">Group tours<\/strong> of Granada and Alhambra with optimized schedules, coach meeting points, route planning, tickets on request, and English-speaking guides.\u00a0<\/p><p>For organized adult groups we design Granada and Alhambra visits with optimized timings for coaches, clearly defined meeting points and realistic walking distances. When you request services, we\u2019ll outline different options according to group size, language, desired depth of explanation, and whether tickets should be included or handled by you. We aim to make logistics simple for tour leaders, while still keeping the visits engaging and manageable for participants with varied ages and mobility.<\/p><p style=\"box-sizing: inherit; margin-bottom: 1.5rem; font-family: 'Founders Grotesk', sans-serif;\"><span style=\"box-sizing: inherit; font-size: 24pt;\">How to Book with Us?<\/span><\/p><p style=\"box-sizing: inherit; margin-bottom: 1.5rem; font-family: 'Founders Grotesk', sans-serif;\">Write to us at\u00a0<span style=\"box-sizing: inherit; font-size: 24pt;\"><span style=\"box-sizing: inherit;\"><a style=\"box-sizing: inherit; color: #000000; transition-property: all;\" rel=\"noopener\">hellocicerone@gmail.com<\/a><\/span><\/span><\/p><p style=\"box-sizing: inherit; margin-bottom: 0.5rem; font-family: 'Founders Grotesk', sans-serif;\">Please mention the title of your wished tour, the number of participants in your group, and your preferred date to take the tour with us. We will get back to you as soon as possible with a personalized quote.<\/p>\t\t\t\t\t\t\t\t<\/div>\n\t\t\t\t<\/div>\n\t\t\t\t\t<\/div>\n\t\t<\/div>\n\t\t\t\t\t<\/div>\n\t\t<\/section>\n\t\t\t\t<\/div>\n\t\t","protected":false},"excerpt":{"rendered":"<p>Group tours of Granada and Alhambra with optimized schedules, coach meeting points, route planning, tickets on request, and English-speaking guides.\u00a0 For organized adult groups we design Granada and Alhambra visits with optimized timings for coaches, clearly defined meeting points and realistic walking distances. When you request services, we\u2019ll outline different options according to group size, [&hellip;]<\/p>\n","protected":false},"author":3,"featured_media":1815,"parent":1442,"menu_order":4,"comment_status":"closed","ping_status":"closed","template":"page-parent-visits-groups.php","meta":{"content-type":"","footnotes":""},"yoast_head":"<!-- This site is optimized with the Yoast SEO plugin v24.5 - https:\/\/yoast.com\/wordpress\/plugins\/seo\/ -->\n<title>Tours of Granada and Alhambra for organized groups<\/title>\n<meta name=\"description\" content=\"Tours of the Alhambra &amp; Granada for organized groups with official guides. Request group rates and availability.\" \/>\n<meta name=\"robots\" content=\"index, follow, max-snippet:-1, max-image-preview:large, max-video-preview:-1\" \/>\n<link rel=\"canonical\" href=\"https:\/\/www.ciceronegranada.com\/en\/groups-tours\/\" \/>\n<meta property=\"og:locale\" content=\"en_US\" \/>\n<meta property=\"og:type\" content=\"article\" \/>\n<meta property=\"og:title\" content=\"Tours of Granada and Alhambra for organized groups\" \/>\n<meta property=\"og:description\" content=\"Tours of the Alhambra &amp; Granada for organized groups with official guides. Request group rates and availability.\" \/>\n<meta property=\"og:url\" content=\"https:\/\/www.ciceronegranada.com\/en\/groups-tours\/\" \/>\n<meta property=\"og:site_name\" content=\"Visitas guiadas Granada y Alhambra | Gu\u00edas locales expertos\" \/>\n<meta property=\"article:modified_time\" content=\"2025-11-29T18:24:54+00:00\" \/>\n<meta property=\"og:image\" content=\"https:\/\/www.ciceronegranada.com\/wp-content\/uploads\/2019\/03\/albaicin-for-groups.jpg?wsr\" \/>\n\t<meta property=\"og:image:width\" content=\"1280\" \/>\n\t<meta property=\"og:image:height\" content=\"830\" \/>\n\t<meta property=\"og:image:type\" content=\"image\/jpeg\" \/>\n<meta name=\"twitter:card\" content=\"summary_large_image\" \/>\n<meta name=\"twitter:label1\" content=\"Est. reading time\" \/>\n\t<meta name=\"twitter:data1\" content=\"1 minute\" \/>\n<script type=\"application\/ld+json\" class=\"yoast-schema-graph\">{\"@context\":\"https:\/\/schema.org\",\"@graph\":[{\"@type\":\"WebPage\",\"@id\":\"https:\/\/www.ciceronegranada.com\/en\/groups-tours\/\",\"url\":\"https:\/\/www.ciceronegranada.com\/en\/groups-tours\/\",\"name\":\"Tours of Granada and Alhambra for organized groups\",\"isPartOf\":{\"@id\":\"https:\/\/www.ciceronegranada.com\/en\/#website\"},\"primaryImageOfPage\":{\"@id\":\"https:\/\/www.ciceronegranada.com\/en\/groups-tours\/#primaryimage\"},\"image\":{\"@id\":\"https:\/\/www.ciceronegranada.com\/en\/groups-tours\/#primaryimage\"},\"thumbnailUrl\":\"https:\/\/www.ciceronegranada.com\/wp-content\/uploads\/2019\/03\/albaicin-for-groups.jpg?wsr\",\"datePublished\":\"2019-03-08T16:41:01+00:00\",\"dateModified\":\"2025-11-29T18:24:54+00:00\",\"description\":\"Tours of the Alhambra & Granada for organized groups with official guides. Request group rates and availability.\",\"breadcrumb\":{\"@id\":\"https:\/\/www.ciceronegranada.com\/en\/groups-tours\/#breadcrumb\"},\"inLanguage\":\"en-US\",\"potentialAction\":[{\"@type\":\"ReadAction\",\"target\":[\"https:\/\/www.ciceronegranada.com\/en\/groups-tours\/\"]}]},{\"@type\":\"ImageObject\",\"inLanguage\":\"en-US\",\"@id\":\"https:\/\/www.ciceronegranada.com\/en\/groups-tours\/#primaryimage\",\"url\":\"https:\/\/www.ciceronegranada.com\/wp-content\/uploads\/2019\/03\/albaicin-for-groups.jpg?wsr\",\"contentUrl\":\"https:\/\/www.ciceronegranada.com\/wp-content\/uploads\/2019\/03\/albaicin-for-groups.jpg?wsr\",\"width\":1280,\"height\":830,\"caption\":\"albaicin for groups\"},{\"@type\":\"BreadcrumbList\",\"@id\":\"https:\/\/www.ciceronegranada.com\/en\/groups-tours\/#breadcrumb\",\"itemListElement\":[{\"@type\":\"ListItem\",\"position\":1,\"name\":\"Home\",\"item\":\"https:\/\/www.ciceronegranada.com\/en\/\"},{\"@type\":\"ListItem\",\"position\":2,\"name\":\"Granada tours\",\"item\":\"https:\/\/www.ciceronegranada.com\/en\/granada-tours\/\"},{\"@type\":\"ListItem\",\"position\":3,\"name\":\"Tours of Granada and Alhambra for groups\"}]},{\"@type\":\"WebSite\",\"@id\":\"https:\/\/www.ciceronegranada.com\/en\/#website\",\"url\":\"https:\/\/www.ciceronegranada.com\/en\/\",\"name\":\"Visitas guiadas Granada y Alhambra | Gu\u00edas locales expertos\",\"description\":\"Visitas guiadas de Granada o la Alhambra con gu\u00edas locales expertos. Tours privados o en grupos reducidos para que no te pierdas ning\u00fan rinc\u00f3n de la ciudad.\",\"publisher\":{\"@id\":\"https:\/\/www.ciceronegranada.com\/en\/#organization\"},\"alternateName\":\"Visitas guiadas Granada y Alhambra | Cicerone Granada\",\"potentialAction\":[{\"@type\":\"SearchAction\",\"target\":{\"@type\":\"EntryPoint\",\"urlTemplate\":\"https:\/\/www.ciceronegranada.com\/en\/?s={search_term_string}\"},\"query-input\":{\"@type\":\"PropertyValueSpecification\",\"valueRequired\":true,\"valueName\":\"search_term_string\"}}],\"inLanguage\":\"en-US\"},{\"@type\":\"Organization\",\"@id\":\"https:\/\/www.ciceronegranada.com\/en\/#organization\",\"name\":\"CiceroneGranada\",\"url\":\"https:\/\/www.ciceronegranada.com\/en\/\",\"logo\":{\"@type\":\"ImageObject\",\"inLanguage\":\"en-US\",\"@id\":\"https:\/\/www.ciceronegranada.com\/en\/#\/schema\/logo\/image\/\",\"url\":\"https:\/\/www.ciceronegranada.com\/wp-content\/uploads\/2022\/09\/logo-cicerone-2022-black.png\",\"contentUrl\":\"https:\/\/www.ciceronegranada.com\/wp-content\/uploads\/2022\/09\/logo-cicerone-2022-black.png\",\"width\":1042,\"height\":217,\"caption\":\"CiceroneGranada\"},\"image\":{\"@id\":\"https:\/\/www.ciceronegranada.com\/en\/#\/schema\/logo\/image\/\"}}]}<\/script>\n<!-- \/ Yoast SEO plugin. -->","yoast_head_json":{"title":"Tours of Granada and Alhambra for organized groups","description":"Tours of the Alhambra & Granada for organized groups with official guides. Request group rates and availability.","robots":{"index":"index","follow":"follow","max-snippet":"max-snippet:-1","max-image-preview":"max-image-preview:large","max-video-preview":"max-video-preview:-1"},"canonical":"https:\/\/www.ciceronegranada.com\/en\/groups-tours\/","og_locale":"en_US","og_type":"article","og_title":"Tours of Granada and Alhambra for organized groups","og_description":"Tours of the Alhambra & Granada for organized groups with official guides. Request group rates and availability.","og_url":"https:\/\/www.ciceronegranada.com\/en\/groups-tours\/","og_site_name":"Visitas guiadas Granada y Alhambra | Gu\u00edas locales expertos","article_modified_time":"2025-11-29T18:24:54+00:00","og_image":[{"width":1280,"height":830,"url":"https:\/\/www.ciceronegranada.com\/wp-content\/uploads\/2019\/03\/albaicin-for-groups.jpg?wsr","type":"image\/jpeg"}],"twitter_card":"summary_large_image","twitter_misc":{"Est. reading time":"1 minute"},"schema":{"@context":"https:\/\/schema.org","@graph":[{"@type":"WebPage","@id":"https:\/\/www.ciceronegranada.com\/en\/groups-tours\/","url":"https:\/\/www.ciceronegranada.com\/en\/groups-tours\/","name":"Tours of Granada and Alhambra for organized groups","isPartOf":{"@id":"https:\/\/www.ciceronegranada.com\/en\/#website"},"primaryImageOfPage":{"@id":"https:\/\/www.ciceronegranada.com\/en\/groups-tours\/#primaryimage"},"image":{"@id":"https:\/\/www.ciceronegranada.com\/en\/groups-tours\/#primaryimage"},"thumbnailUrl":"https:\/\/www.ciceronegranada.com\/wp-content\/uploads\/2019\/03\/albaicin-for-groups.jpg?wsr","datePublished":"2019-03-08T16:41:01+00:00","dateModified":"2025-11-29T18:24:54+00:00","description":"Tours of the Alhambra & Granada for organized groups with official guides. Request group rates and availability.","breadcrumb":{"@id":"https:\/\/www.ciceronegranada.com\/en\/groups-tours\/#breadcrumb"},"inLanguage":"en-US","potentialAction":[{"@type":"ReadAction","target":["https:\/\/www.ciceronegranada.com\/en\/groups-tours\/"]}]},{"@type":"ImageObject","inLanguage":"en-US","@id":"https:\/\/www.ciceronegranada.com\/en\/groups-tours\/#primaryimage","url":"https:\/\/www.ciceronegranada.com\/wp-content\/uploads\/2019\/03\/albaicin-for-groups.jpg?wsr","contentUrl":"https:\/\/www.ciceronegranada.com\/wp-content\/uploads\/2019\/03\/albaicin-for-groups.jpg?wsr","width":1280,"height":830,"caption":"albaicin for groups"},{"@type":"BreadcrumbList","@id":"https:\/\/www.ciceronegranada.com\/en\/groups-tours\/#breadcrumb","itemListElement":[{"@type":"ListItem","position":1,"name":"Home","item":"https:\/\/www.ciceronegranada.com\/en\/"},{"@type":"ListItem","position":2,"name":"Granada tours","item":"https:\/\/www.ciceronegranada.com\/en\/granada-tours\/"},{"@type":"ListItem","position":3,"name":"Tours of Granada and Alhambra for groups"}]},{"@type":"WebSite","@id":"https:\/\/www.ciceronegranada.com\/en\/#website","url":"https:\/\/www.ciceronegranada.com\/en\/","name":"Visitas guiadas Granada y Alhambra | Gu\u00edas locales expertos","description":"Visitas guiadas de Granada o la Alhambra con gu\u00edas locales expertos. Tours privados o en grupos reducidos para que no te pierdas ning\u00fan rinc\u00f3n de la ciudad.","publisher":{"@id":"https:\/\/www.ciceronegranada.com\/en\/#organization"},"alternateName":"Visitas guiadas Granada y Alhambra | Cicerone Granada","potentialAction":[{"@type":"SearchAction","target":{"@type":"EntryPoint","urlTemplate":"https:\/\/www.ciceronegranada.com\/en\/?s={search_term_string}"},"query-input":{"@type":"PropertyValueSpecification","valueRequired":true,"valueName":"search_term_string"}}],"inLanguage":"en-US"},{"@type":"Organization","@id":"https:\/\/www.ciceronegranada.com\/en\/#organization","name":"CiceroneGranada","url":"https:\/\/www.ciceronegranada.com\/en\/","logo":{"@type":"ImageObject","inLanguage":"en-US","@id":"https:\/\/www.ciceronegranada.com\/en\/#\/schema\/logo\/image\/","url":"https:\/\/www.ciceronegranada.com\/wp-content\/uploads\/2022\/09\/logo-cicerone-2022-black.png","contentUrl":"https:\/\/www.ciceronegranada.com\/wp-content\/uploads\/2022\/09\/logo-cicerone-2022-black.png","width":1042,"height":217,"caption":"CiceroneGranada"},"image":{"@id":"https:\/\/www.ciceronegranada.com\/en\/#\/schema\/logo\/image\/"}}]}},"_links":{"self":[{"href":"https:\/\/www.ciceronegranada.com\/en\/wp-json\/wp\/v2\/pages\/1582"}],"collection":[{"href":"https:\/\/www.ciceronegranada.com\/en\/wp-json\/wp\/v2\/pages"}],"about":[{"href":"https:\/\/www.ciceronegranada.com\/en\/wp-json\/wp\/v2\/types\/page"}],"author":[{"embeddable":true,"href":"https:\/\/www.ciceronegranada.com\/en\/wp-json\/wp\/v2\/users\/3"}],"replies":[{"embeddable":true,"href":"https:\/\/www.ciceronegranada.com\/en\/wp-json\/wp\/v2\/comments?post=1582"}],"version-history":[{"count":10,"href":"https:\/\/www.ciceronegranada.com\/en\/wp-json\/wp\/v2\/pages\/1582\/revisions"}],"predecessor-version":[{"id":20597,"href":"https:\/\/www.ciceronegranada.com\/en\/wp-json\/wp\/v2\/pages\/1582\/revisions\/20597"}],"up":[{"embeddable":true,"href":"https:\/\/www.ciceronegranada.com\/en\/wp-json\/wp\/v2\/pages\/1442"}],"wp:featuredmedia":[{"embeddable":true,"href":"https:\/\/www.ciceronegranada.com\/en\/wp-json\/wp\/v2\/media\/1815"}],"wp:attachment":[{"href":"https:\/\/www.ciceronegranada.com\/en\/wp-json\/wp\/v2\/media?parent=1582"}],"curies":[{"name":"wp","href":"https:\/\/api.w.org\/{rel}","templated":true}]}}