{"id":1546,"date":"2019-03-08T13:48:42","date_gmt":"2019-03-08T12:48:42","guid":{"rendered":"https:\/\/www.ciceronegranada.com\/home\/"},"modified":"2025-11-18T22:48:02","modified_gmt":"2025-11-18T21:48:02","slug":"home","status":"publish","type":"page","link":"https:\/\/www.ciceronegranada.com\/en\/","title":{"rendered":"Home. Private Alhambra Granada tours"},"content":{"rendered":"\t\t<div data-elementor-type=\"wp-page\" data-elementor-id=\"1546\" class=\"elementor elementor-1546 elementor-1370\" data-elementor-post-type=\"page\">\n\t\t\t\t\t\t<section class=\"elementor-section elementor-top-section elementor-element elementor-element-31e4f44 elementor-section-boxed elementor-section-height-default elementor-section-height-default\" data-id=\"31e4f44\" data-element_type=\"section\">\n\t\t\t\t\t\t<div class=\"elementor-container elementor-column-gap-default\">\n\t\t\t\t\t<div class=\"elementor-column elementor-col-100 elementor-top-column elementor-element elementor-element-13240178\" data-id=\"13240178\" data-element_type=\"column\">\n\t\t\t<div class=\"elementor-widget-wrap elementor-element-populated\">\n\t\t\t\t\t\t<div class=\"elementor-element elementor-element-5585e42b elementor-widget elementor-widget-text-editor\" data-id=\"5585e42b\" data-element_type=\"widget\" data-widget_type=\"text-editor.default\">\n\t\t\t\t<div class=\"elementor-widget-container\">\n\t\t\t\t\t\t\t\t\t<p>Cicerone naci\u00f3 en 2003 con el coraz\u00f3n en las calles y plazas de Granada. Hoy somos la empresa decana del turismo individual de la ciudad gracias a quienes conf\u00edan en nuestra experiencia. Si quieres conocer nuestras <a href=\"https:\/\/www.ciceronegranada.com\/visitas-alhambra\/\" target=\"_blank\" rel=\"noopener noreferrer\"><strong>visitas a la Alhambra<\/strong><\/a> o realizar alguna de nuestras <strong><a href=\"https:\/\/www.ciceronegranada.com\/visitas-granada\/\" target=\"_blank\" rel=\"noopener noreferrer\">visitas guiadas de Granada<\/a><\/strong>, tenemos todo lo que necesitas:<\/p>\n<p><strong>Visitas privadas<\/strong> para ti y tu familia o grupo de amigos con un gu\u00eda local que te acompa\u00f1ar\u00e1 a descubrir la magia de la ciudad o las maravillas de la Alhambra.<\/p>\n<p>Descubre <strong>la Alhambra<\/strong> <strong>en una visita guiada <\/strong>por los mejores profesionales.&nbsp;<span style=\"color: var( --e-global-color-text ); font-family: var( --e-global-typography-text-font-family ), Sans-serif; font-size: var( --e-global-typography-text-font-size ); font-weight: var( --e-global-typography-text-font-weight ); background-color: var( --e-global-color-6e0e0fad );\">Una experiencia personalizada, adaptada al tama\u00f1o de tu grupo, para que no te pierdas nada.<\/span><\/p>\n<p><span style=\"color: var( --e-global-color-text ); font-family: var( --e-global-typography-text-font-family ), Sans-serif; font-size: var( --e-global-typography-text-font-size ); font-weight: var( --e-global-typography-text-font-weight ); background-color: var( --e-global-color-6e0e0fad );\">Nuestros tours guiados cuentan con numerosos <\/span><strong style=\"color: var( --e-global-color-text ); font-family: var( --e-global-typography-text-font-family ), Sans-serif; font-size: var( --e-global-typography-text-font-size ); background-color: var( --e-global-color-6e0e0fad );\">premios y certificados de calidad<\/strong><span style=\"color: var( --e-global-color-text ); font-family: var( --e-global-typography-text-font-family ), Sans-serif; font-size: var( --e-global-typography-text-font-size ); font-weight: var( --e-global-typography-text-font-weight ); background-color: var( --e-global-color-6e0e0fad );\"> que nos avalan.<\/span><\/p>\t\t\t\t\t\t\t\t<\/div>\n\t\t\t\t<\/div>\n\t\t\t\t\t<\/div>\n\t\t<\/div>\n\t\t\t\t\t<\/div>\n\t\t<\/section>\n\t\t\t\t<section class=\"elementor-section elementor-top-section elementor-element elementor-element-3713287 elementor-section-boxed elementor-section-height-default elementor-section-height-default\" data-id=\"3713287\" data-element_type=\"section\">\n\t\t\t\t\t\t<div class=\"elementor-container elementor-column-gap-default\">\n\t\t\t\t\t<div class=\"elementor-column elementor-col-100 elementor-top-column elementor-element elementor-element-d864ff2\" data-id=\"d864ff2\" data-element_type=\"column\">\n\t\t\t<div class=\"elementor-widget-wrap elementor-element-populated\">\n\t\t\t\t\t\t<div class=\"elementor-element elementor-element-fa53297 elementor-nav-menu--dropdown-tablet elementor-nav-menu__text-align-aside elementor-nav-menu--toggle elementor-nav-menu--burger elementor-widget elementor-widget-nav-menu\" data-id=\"fa53297\" data-element_type=\"widget\" data-settings=\"{&quot;layout&quot;:&quot;horizontal&quot;,&quot;submenu_icon&quot;:{&quot;value&quot;:&quot;&lt;i class=\\&quot;fas fa-caret-down\\&quot;&gt;&lt;\\\/i&gt;&quot;,&quot;library&quot;:&quot;fa-solid&quot;},&quot;toggle&quot;:&quot;burger&quot;}\" data-widget_type=\"nav-menu.default\">\n\t\t\t\t<div class=\"elementor-widget-container\">\n\t\t\t\t\t\t\t\t<nav aria-label=\"Men\u00fa\" class=\"elementor-nav-menu--main elementor-nav-menu__container elementor-nav-menu--layout-horizontal e--pointer-underline e--animation-fade\">\n\t\t\t\t<ul id=\"menu-1-fa53297\" class=\"elementor-nav-menu\"><li class=\"menu-item menu-item-type-post_type menu-item-object-page menu-item-1591\"><a href=\"https:\/\/www.ciceronegranada.com\/en\/granada-tours\/\" class=\"elementor-item\">Granada tours<\/a><\/li>\n<li class=\"menu-item menu-item-type-post_type menu-item-object-page menu-item-1592\"><a href=\"https:\/\/www.ciceronegranada.com\/en\/alhambra-tours\/\" class=\"elementor-item\">Alhambra tours<\/a><\/li>\n<li class=\"menu-item menu-item-type-post_type menu-item-object-page menu-item-12305\"><a href=\"https:\/\/www.ciceronegranada.com\/en\/blog\/\" class=\"elementor-item\">BLOG<\/a><\/li>\n<li class=\"menu-item menu-item-type-post_type menu-item-object-page menu-item-8499\"><a href=\"https:\/\/www.ciceronegranada.com\/en\/subsidised-projects\/\" class=\"elementor-item\">Subsidised projects<\/a><\/li>\n<\/ul>\t\t\t<\/nav>\n\t\t\t\t\t<div class=\"elementor-menu-toggle\" role=\"button\" tabindex=\"0\" aria-label=\"Menu Toggle\" aria-expanded=\"false\">\n\t\t\t<i aria-hidden=\"true\" role=\"presentation\" class=\"elementor-menu-toggle__icon--open eicon-menu-bar\"><\/i><i aria-hidden=\"true\" role=\"presentation\" class=\"elementor-menu-toggle__icon--close eicon-close\"><\/i>\t\t<\/div>\n\t\t\t\t\t<nav class=\"elementor-nav-menu--dropdown elementor-nav-menu__container\" aria-hidden=\"true\">\n\t\t\t\t<ul id=\"menu-2-fa53297\" class=\"elementor-nav-menu\"><li class=\"menu-item menu-item-type-post_type menu-item-object-page menu-item-1591\"><a href=\"https:\/\/www.ciceronegranada.com\/en\/granada-tours\/\" class=\"elementor-item\" tabindex=\"-1\">Granada tours<\/a><\/li>\n<li class=\"menu-item menu-item-type-post_type menu-item-object-page menu-item-1592\"><a href=\"https:\/\/www.ciceronegranada.com\/en\/alhambra-tours\/\" class=\"elementor-item\" tabindex=\"-1\">Alhambra tours<\/a><\/li>\n<li class=\"menu-item menu-item-type-post_type menu-item-object-page menu-item-12305\"><a href=\"https:\/\/www.ciceronegranada.com\/en\/blog\/\" class=\"elementor-item\" tabindex=\"-1\">BLOG<\/a><\/li>\n<li class=\"menu-item menu-item-type-post_type menu-item-object-page menu-item-8499\"><a href=\"https:\/\/www.ciceronegranada.com\/en\/subsidised-projects\/\" class=\"elementor-item\" tabindex=\"-1\">Subsidised projects<\/a><\/li>\n<\/ul>\t\t\t<\/nav>\n\t\t\t\t\t\t<\/div>\n\t\t\t\t<\/div>\n\t\t\t\t\t<\/div>\n\t\t<\/div>\n\t\t\t\t\t<\/div>\n\t\t<\/section>\n\t\t\t\t<\/div>\n\t\t","protected":false},"excerpt":{"rendered":"<p>Visit Granada and the Alhambra with us. CICERONE was born in 2003 with its heart placed on the streets and squares of Granada and our goal has always been to offer the best walking tours of the city. If you wish to visit Granada or visit the Alhambra you just have to choose what suits [&hellip;]<\/p>\n","protected":false},"author":3,"featured_media":14832,"parent":0,"menu_order":0,"comment_status":"closed","ping_status":"closed","template":"page-home-eng.php","meta":{"content-type":"","footnotes":""},"yoast_head":"<!-- This site is optimized with the Yoast SEO plugin v24.5 - https:\/\/yoast.com\/wordpress\/plugins\/seo\/ -->\n<title>Private Alhambra Granada Tours &amp; tickets to Alhambra<\/title>\n<meta name=\"description\" content=\"Private Alhambra &amp; Granada tours with English-speaking guides. Tickets to Alhambra included. Net rates for travel agents. Request a quote.\" \/>\n<meta name=\"robots\" content=\"index, follow, max-snippet:-1, max-image-preview:large, max-video-preview:-1\" \/>\n<link rel=\"canonical\" href=\"https:\/\/www.ciceronegranada.com\/en\/\" \/>\n<meta property=\"og:locale\" content=\"en_US\" \/>\n<meta property=\"og:type\" content=\"article\" \/>\n<meta property=\"og:title\" content=\"Private Alhambra Granada Tours &amp; tickets to Alhambra\" \/>\n<meta property=\"og:description\" content=\"Private Alhambra &amp; Granada tours with English-speaking guides. Tickets to Alhambra included. Net rates for travel agents. Request a quote.\" \/>\n<meta property=\"og:url\" content=\"https:\/\/www.ciceronegranada.com\/en\/\" \/>\n<meta property=\"og:site_name\" content=\"Visitas guiadas Granada y Alhambra | Gu\u00edas locales expertos\" \/>\n<meta property=\"article:modified_time\" content=\"2025-11-18T21:48:02+00:00\" \/>\n<meta property=\"og:image\" content=\"https:\/\/www.ciceronegranada.com\/wp-content\/uploads\/2023\/05\/Visit-Granada.webp?wsr\" \/>\n\t<meta property=\"og:image:width\" content=\"1172\" \/>\n\t<meta property=\"og:image:height\" content=\"800\" \/>\n\t<meta property=\"og:image:type\" content=\"image\/webp\" \/>\n<meta name=\"twitter:card\" content=\"summary_large_image\" \/>\n<meta name=\"twitter:label1\" content=\"Est. reading time\" \/>\n\t<meta name=\"twitter:data1\" content=\"2 minutes\" \/>\n<script type=\"application\/ld+json\" class=\"yoast-schema-graph\">{\"@context\":\"https:\/\/schema.org\",\"@graph\":[{\"@type\":\"WebPage\",\"@id\":\"https:\/\/www.ciceronegranada.com\/en\/\",\"url\":\"https:\/\/www.ciceronegranada.com\/en\/\",\"name\":\"Private Alhambra Granada Tours & tickets to Alhambra\",\"isPartOf\":{\"@id\":\"https:\/\/www.ciceronegranada.com\/en\/#website\"},\"primaryImageOfPage\":{\"@id\":\"https:\/\/www.ciceronegranada.com\/en\/#primaryimage\"},\"image\":{\"@id\":\"https:\/\/www.ciceronegranada.com\/en\/#primaryimage\"},\"thumbnailUrl\":\"https:\/\/www.ciceronegranada.com\/wp-content\/uploads\/2023\/05\/Visit-Granada.webp?wsr\",\"datePublished\":\"2019-03-08T12:48:42+00:00\",\"dateModified\":\"2025-11-18T21:48:02+00:00\",\"description\":\"Private Alhambra & Granada tours with English-speaking guides. Tickets to Alhambra included. Net rates for travel agents. Request a quote.\",\"breadcrumb\":{\"@id\":\"https:\/\/www.ciceronegranada.com\/en\/#breadcrumb\"},\"inLanguage\":\"en-US\",\"potentialAction\":[{\"@type\":\"ReadAction\",\"target\":[\"https:\/\/www.ciceronegranada.com\/en\/\"]}]},{\"@type\":\"ImageObject\",\"inLanguage\":\"en-US\",\"@id\":\"https:\/\/www.ciceronegranada.com\/en\/#primaryimage\",\"url\":\"https:\/\/www.ciceronegranada.com\/wp-content\/uploads\/2023\/05\/Visit-Granada.webp?wsr\",\"contentUrl\":\"https:\/\/www.ciceronegranada.com\/wp-content\/uploads\/2023\/05\/Visit-Granada.webp?wsr\",\"width\":1172,\"height\":800,\"caption\":\"Visit Granada\"},{\"@type\":\"BreadcrumbList\",\"@id\":\"https:\/\/www.ciceronegranada.com\/en\/#breadcrumb\",\"itemListElement\":[{\"@type\":\"ListItem\",\"position\":1,\"name\":\"Home\",\"item\":\"https:\/\/www.ciceronegranada.com\/en\/\"},{\"@type\":\"ListItem\",\"position\":2,\"name\":\"Home. Private Alhambra Granada tours\"}]},{\"@type\":\"WebSite\",\"@id\":\"https:\/\/www.ciceronegranada.com\/en\/#website\",\"url\":\"https:\/\/www.ciceronegranada.com\/en\/\",\"name\":\"Visitas guiadas Granada y Alhambra | Gu\u00edas locales expertos\",\"description\":\"Visitas guiadas de Granada o la Alhambra con gu\u00edas locales expertos. Tours privados o en grupos reducidos para que no te pierdas ning\u00fan rinc\u00f3n de la ciudad.\",\"publisher\":{\"@id\":\"https:\/\/www.ciceronegranada.com\/en\/#organization\"},\"alternateName\":\"Visitas guiadas Granada y Alhambra | Cicerone Granada\",\"potentialAction\":[{\"@type\":\"SearchAction\",\"target\":{\"@type\":\"EntryPoint\",\"urlTemplate\":\"https:\/\/www.ciceronegranada.com\/en\/?s={search_term_string}\"},\"query-input\":{\"@type\":\"PropertyValueSpecification\",\"valueRequired\":true,\"valueName\":\"search_term_string\"}}],\"inLanguage\":\"en-US\"},{\"@type\":\"Organization\",\"@id\":\"https:\/\/www.ciceronegranada.com\/en\/#organization\",\"name\":\"CiceroneGranada\",\"url\":\"https:\/\/www.ciceronegranada.com\/en\/\",\"logo\":{\"@type\":\"ImageObject\",\"inLanguage\":\"en-US\",\"@id\":\"https:\/\/www.ciceronegranada.com\/en\/#\/schema\/logo\/image\/\",\"url\":\"https:\/\/www.ciceronegranada.com\/wp-content\/uploads\/2022\/09\/logo-cicerone-2022-black.png\",\"contentUrl\":\"https:\/\/www.ciceronegranada.com\/wp-content\/uploads\/2022\/09\/logo-cicerone-2022-black.png\",\"width\":1042,\"height\":217,\"caption\":\"CiceroneGranada\"},\"image\":{\"@id\":\"https:\/\/www.ciceronegranada.com\/en\/#\/schema\/logo\/image\/\"}}]}<\/script>\n<!-- \/ Yoast SEO plugin. -->","yoast_head_json":{"title":"Private Alhambra Granada Tours & tickets to Alhambra","description":"Private Alhambra & Granada tours with English-speaking guides. Tickets to Alhambra included. Net rates for travel agents. Request a quote.","robots":{"index":"index","follow":"follow","max-snippet":"max-snippet:-1","max-image-preview":"max-image-preview:large","max-video-preview":"max-video-preview:-1"},"canonical":"https:\/\/www.ciceronegranada.com\/en\/","og_locale":"en_US","og_type":"article","og_title":"Private Alhambra Granada Tours & tickets to Alhambra","og_description":"Private Alhambra & Granada tours with English-speaking guides. Tickets to Alhambra included. Net rates for travel agents. Request a quote.","og_url":"https:\/\/www.ciceronegranada.com\/en\/","og_site_name":"Visitas guiadas Granada y Alhambra | Gu\u00edas locales expertos","article_modified_time":"2025-11-18T21:48:02+00:00","og_image":[{"width":1172,"height":800,"url":"https:\/\/www.ciceronegranada.com\/wp-content\/uploads\/2023\/05\/Visit-Granada.webp?wsr","type":"image\/webp"}],"twitter_card":"summary_large_image","twitter_misc":{"Est. reading time":"2 minutes"},"schema":{"@context":"https:\/\/schema.org","@graph":[{"@type":"WebPage","@id":"https:\/\/www.ciceronegranada.com\/en\/","url":"https:\/\/www.ciceronegranada.com\/en\/","name":"Private Alhambra Granada Tours & tickets to Alhambra","isPartOf":{"@id":"https:\/\/www.ciceronegranada.com\/en\/#website"},"primaryImageOfPage":{"@id":"https:\/\/www.ciceronegranada.com\/en\/#primaryimage"},"image":{"@id":"https:\/\/www.ciceronegranada.com\/en\/#primaryimage"},"thumbnailUrl":"https:\/\/www.ciceronegranada.com\/wp-content\/uploads\/2023\/05\/Visit-Granada.webp?wsr","datePublished":"2019-03-08T12:48:42+00:00","dateModified":"2025-11-18T21:48:02+00:00","description":"Private Alhambra & Granada tours with English-speaking guides. Tickets to Alhambra included. Net rates for travel agents. Request a quote.","breadcrumb":{"@id":"https:\/\/www.ciceronegranada.com\/en\/#breadcrumb"},"inLanguage":"en-US","potentialAction":[{"@type":"ReadAction","target":["https:\/\/www.ciceronegranada.com\/en\/"]}]},{"@type":"ImageObject","inLanguage":"en-US","@id":"https:\/\/www.ciceronegranada.com\/en\/#primaryimage","url":"https:\/\/www.ciceronegranada.com\/wp-content\/uploads\/2023\/05\/Visit-Granada.webp?wsr","contentUrl":"https:\/\/www.ciceronegranada.com\/wp-content\/uploads\/2023\/05\/Visit-Granada.webp?wsr","width":1172,"height":800,"caption":"Visit Granada"},{"@type":"BreadcrumbList","@id":"https:\/\/www.ciceronegranada.com\/en\/#breadcrumb","itemListElement":[{"@type":"ListItem","position":1,"name":"Home","item":"https:\/\/www.ciceronegranada.com\/en\/"},{"@type":"ListItem","position":2,"name":"Home. Private Alhambra Granada tours"}]},{"@type":"WebSite","@id":"https:\/\/www.ciceronegranada.com\/en\/#website","url":"https:\/\/www.ciceronegranada.com\/en\/","name":"Visitas guiadas Granada y Alhambra | Gu\u00edas locales expertos","description":"Visitas guiadas de Granada o la Alhambra con gu\u00edas locales expertos. Tours privados o en grupos reducidos para que no te pierdas ning\u00fan rinc\u00f3n de la ciudad.","publisher":{"@id":"https:\/\/www.ciceronegranada.com\/en\/#organization"},"alternateName":"Visitas guiadas Granada y Alhambra | Cicerone Granada","potentialAction":[{"@type":"SearchAction","target":{"@type":"EntryPoint","urlTemplate":"https:\/\/www.ciceronegranada.com\/en\/?s={search_term_string}"},"query-input":{"@type":"PropertyValueSpecification","valueRequired":true,"valueName":"search_term_string"}}],"inLanguage":"en-US"},{"@type":"Organization","@id":"https:\/\/www.ciceronegranada.com\/en\/#organization","name":"CiceroneGranada","url":"https:\/\/www.ciceronegranada.com\/en\/","logo":{"@type":"ImageObject","inLanguage":"en-US","@id":"https:\/\/www.ciceronegranada.com\/en\/#\/schema\/logo\/image\/","url":"https:\/\/www.ciceronegranada.com\/wp-content\/uploads\/2022\/09\/logo-cicerone-2022-black.png","contentUrl":"https:\/\/www.ciceronegranada.com\/wp-content\/uploads\/2022\/09\/logo-cicerone-2022-black.png","width":1042,"height":217,"caption":"CiceroneGranada"},"image":{"@id":"https:\/\/www.ciceronegranada.com\/en\/#\/schema\/logo\/image\/"}}]}},"_links":{"self":[{"href":"https:\/\/www.ciceronegranada.com\/en\/wp-json\/wp\/v2\/pages\/1546"}],"collection":[{"href":"https:\/\/www.ciceronegranada.com\/en\/wp-json\/wp\/v2\/pages"}],"about":[{"href":"https:\/\/www.ciceronegranada.com\/en\/wp-json\/wp\/v2\/types\/page"}],"author":[{"embeddable":true,"href":"https:\/\/www.ciceronegranada.com\/en\/wp-json\/wp\/v2\/users\/3"}],"replies":[{"embeddable":true,"href":"https:\/\/www.ciceronegranada.com\/en\/wp-json\/wp\/v2\/comments?post=1546"}],"version-history":[{"count":10,"href":"https:\/\/www.ciceronegranada.com\/en\/wp-json\/wp\/v2\/pages\/1546\/revisions"}],"predecessor-version":[{"id":20447,"href":"https:\/\/www.ciceronegranada.com\/en\/wp-json\/wp\/v2\/pages\/1546\/revisions\/20447"}],"wp:featuredmedia":[{"embeddable":true,"href":"https:\/\/www.ciceronegranada.com\/en\/wp-json\/wp\/v2\/media\/14832"}],"wp:attachment":[{"href":"https:\/\/www.ciceronegranada.com\/en\/wp-json\/wp\/v2\/media?parent=1546"}],"curies":[{"name":"wp","href":"https:\/\/api.w.org\/{rel}","templated":true}]}}